{"id":746,"date":"2025-09-17T11:50:05","date_gmt":"2025-09-17T11:50:05","guid":{"rendered":"https:\/\/bustec.eu\/?page_id=746"},"modified":"2026-02-04T10:03:27","modified_gmt":"2026-02-04T09:03:27","slug":"software","status":"publish","type":"page","link":"https:\/\/bustec.eu\/de\/software\/","title":{"rendered":"Software"},"content":{"rendered":"<div class='breakdance'><section class=\"bde-section-746-100 bde-section\">\n  \n  \n\t\n\n\n\n<div class=\"section-container\"><\/div>\n<\/section><section class=\"bde-section-746-101 bde-section\">\n  \n  \n\t\n\n\n\n<div class=\"section-container\"><h1 class=\"bde-heading-746-102 bde-heading\" data-entrance=\"zoomIn\">\nFahrgastinformationssystem\n<\/h1><div class=\"bde-div-746-103 bde-div\" data-entrance=\"zoomIn\">\n  \n  \n\t\n\n\n\n<div class=\"bde-div-746-104 bde-div\">\n  \n  \n\t\n\n\n\n<div class=\"bde-text-746-105 bde-text\">\nAn ein modernes Fahrgastinformationssystem werden vielf\u00e4ltige Anforderungen gestellt. Es muss zentral steuerbar sein, Informationen zum Verkehrsaufkommen verarbeiten und oft auch\ngezielte Werbung f\u00fcr Fahrg\u00e4ste anzeigen. Um unseren Kunden die volle Kontrolle \u00fcber diese und weitere Funktionen ihrer Informationssysteme zu geben, haben wir verschiedene Softwarel\u00f6sungen entwickelt.<br>\n<\/div>\n<\/div><div class=\"bde-div-746-106 bde-div\">\n  \n  \n\t\n\n\n\n<div class=\"bde-div-746-109 bde-div\">\n  \n  \n\t\n\n\n\n<div class=\"bde-text-746-110 bde-text translation-block\">Bearbeitung von Zieltexten, Zeichenfolgen und Sonderzeichen<br>\nIntuitive Bedienung der Editor-Software\nEchtzeit-Datenintegration aus dem Rechenzentrum<br>\nFrei programmierbares Masken-Design (Layout)<\/div>\n<\/div>\n<\/div>\n<\/div><div class=\"bde-post-loop-746-157 bde-post-loop\"><div class=\"bde-loop bde-loop-grid ee-posts ee-posts-grid\">    <article class=\"bde-loop-item ee-post\">\n        <div class='breakdance'><a class=\"bde-container-link-781-109-821-781-1 bde-container-link bde-container-link-781-109 breakdance-link\" href=\"https:\/\/bustec.eu\/de\/software\/bustip\/\" target=\"_self\" data-type=\"url\">\n  \n  \n\t\n\n\n\n<div class=\"bde-div-781-100-821-781-1 bde-div bde-div-781-100\">\n  \n  \n\t\n\n\n\n<div class=\"bde-div-781-105-821-781-1 bde-div bde-div-781-105\">\n  \n  \n\t\n\n\n\n<img decoding=\"async\" class=\"bde-image2-781-108-821-781-1 bde-image2 bde-image2-781-108\" src=\"https:\/\/bustec.eu\/wp-content\/uploads\/2025\/09\/Vector-10.svg\" loading=\"lazy\">\n<\/div><div class=\"bde-div-781-102-821-781-1 bde-div bde-div-781-102\">\n  \n  \n\t\n\n\n\n<h2 class=\"bde-heading-781-103-821-781-1 bde-heading bde-heading-781-103\">\nBUSTIP - System zur Steuerung station\u00e4rer Infotafeln und intelligenter Haltestellenpfosten\n<\/h2><div class=\"bde-icon-781-104-821-781-1 bde-icon bde-icon-781-104\">\n\n    \n            <div class=\"bde-icon-icon breakdance-icon-atom\" >\n    \n                    <svg xmlns=\"http:\/\/www.w3.org\/2000\/svg\" width=\"36\" height=\"36\" viewbox=\"0 0 36 36\" fill=\"none\">\r\n<rect x=\"0.5\" y=\"0.3125\" width=\"35\" height=\"35\" rx=\"2\" fill=\"#F79234\"\/>\r\n<rect x=\"8\" y=\"16.8125\" width=\"20\" height=\"2\" fill=\"black\"\/>\r\n<rect x=\"19\" y=\"7.8125\" width=\"20\" height=\"2\" transform=\"rotate(90 19 7.8125)\" fill=\"black\"\/>\r\n<\/svg>\n        \n        \n        \n            <\/div>\n    \n\n\n<\/div>\n<\/div>\n<\/div>\n\n<\/a><\/div>    <\/article>\n    <article class=\"bde-loop-item ee-post\">\n        <div class='breakdance'><a class=\"bde-container-link-781-109-820-781-1 bde-container-link bde-container-link-781-109 breakdance-link\" href=\"https:\/\/bustec.eu\/de\/software\/budis\/\" target=\"_self\" data-type=\"url\">\n  \n  \n\t\n\n\n\n<div class=\"bde-div-781-100-820-781-1 bde-div bde-div-781-100\">\n  \n  \n\t\n\n\n\n<div class=\"bde-div-781-105-820-781-1 bde-div bde-div-781-105\">\n  \n  \n\t\n\n\n\n<img decoding=\"async\" class=\"bde-image2-781-108-820-781-1 bde-image2 bde-image2-781-108\" src=\"https:\/\/bustec.eu\/wp-content\/uploads\/2025\/09\/Vector-9.svg\" loading=\"lazy\">\n<\/div><div class=\"bde-div-781-102-820-781-1 bde-div bde-div-781-102\">\n  \n  \n\t\n\n\n\n<h2 class=\"bde-heading-781-103-820-781-1 bde-heading bde-heading-781-103\">\nBUDIS - Verkehrsdisposition\n<\/h2><div class=\"bde-icon-781-104-820-781-1 bde-icon bde-icon-781-104\">\n\n    \n            <div class=\"bde-icon-icon breakdance-icon-atom\" >\n    \n                    <svg xmlns=\"http:\/\/www.w3.org\/2000\/svg\" width=\"36\" height=\"36\" viewbox=\"0 0 36 36\" fill=\"none\">\r\n<rect x=\"0.5\" y=\"0.3125\" width=\"35\" height=\"35\" rx=\"2\" fill=\"#F79234\"\/>\r\n<rect x=\"8\" y=\"16.8125\" width=\"20\" height=\"2\" fill=\"black\"\/>\r\n<rect x=\"19\" y=\"7.8125\" width=\"20\" height=\"2\" transform=\"rotate(90 19 7.8125)\" fill=\"black\"\/>\r\n<\/svg>\n        \n        \n        \n            <\/div>\n    \n\n\n<\/div>\n<\/div>\n<\/div>\n\n<\/a><\/div>    <\/article>\n    <article class=\"bde-loop-item ee-post\">\n        <div class='breakdance'><a class=\"bde-container-link-781-109-811-781-1 bde-container-link bde-container-link-781-109 breakdance-link\" href=\"https:\/\/bustec.eu\/de\/software\/buscam\/\" target=\"_self\" data-type=\"url\">\n  \n  \n\t\n\n\n\n<div class=\"bde-div-781-100-811-781-1 bde-div bde-div-781-100\">\n  \n  \n\t\n\n\n\n<div class=\"bde-div-781-105-811-781-1 bde-div bde-div-781-105\">\n  \n  \n\t\n\n\n\n<img decoding=\"async\" class=\"bde-image2-781-108-811-781-1 bde-image2 bde-image2-781-108\" src=\"https:\/\/bustec.eu\/wp-content\/uploads\/2025\/09\/Vector-8.svg\" loading=\"lazy\">\n<\/div><div class=\"bde-div-781-102-811-781-1 bde-div bde-div-781-102\">\n  \n  \n\t\n\n\n\n<h2 class=\"bde-heading-781-103-811-781-1 bde-heading bde-heading-781-103\">\nBUSCAM - Kamerasystem\n<\/h2><div class=\"bde-icon-781-104-811-781-1 bde-icon bde-icon-781-104\">\n\n    \n            <div class=\"bde-icon-icon breakdance-icon-atom\" >\n    \n                    <svg xmlns=\"http:\/\/www.w3.org\/2000\/svg\" width=\"36\" height=\"36\" viewbox=\"0 0 36 36\" fill=\"none\">\r\n<rect x=\"0.5\" y=\"0.3125\" width=\"35\" height=\"35\" rx=\"2\" fill=\"#F79234\"\/>\r\n<rect x=\"8\" y=\"16.8125\" width=\"20\" height=\"2\" fill=\"black\"\/>\r\n<rect x=\"19\" y=\"7.8125\" width=\"20\" height=\"2\" transform=\"rotate(90 19 7.8125)\" fill=\"black\"\/>\r\n<\/svg>\n        \n        \n        \n            <\/div>\n    \n\n\n<\/div>\n<\/div>\n<\/div>\n\n<\/a><\/div>    <\/article>\n    <article class=\"bde-loop-item ee-post\">\n        <div class='breakdance'><a class=\"bde-container-link-781-109-806-781-1 bde-container-link bde-container-link-781-109 breakdance-link\" href=\"https:\/\/bustec.eu\/de\/software\/vise\/\" target=\"_self\" data-type=\"url\">\n  \n  \n\t\n\n\n\n<div class=\"bde-div-781-100-806-781-1 bde-div bde-div-781-100\">\n  \n  \n\t\n\n\n\n<div class=\"bde-div-781-105-806-781-1 bde-div bde-div-781-105\">\n  \n  \n\t\n\n\n\n<img decoding=\"async\" class=\"bde-image2-781-108-806-781-1 bde-image2 bde-image2-781-108\" src=\"https:\/\/bustec.eu\/wp-content\/uploads\/2025\/09\/Vector-7.svg\" loading=\"lazy\">\n<\/div><div class=\"bde-div-781-102-806-781-1 bde-div bde-div-781-102\">\n  \n  \n\t\n\n\n\n<h2 class=\"bde-heading-781-103-806-781-1 bde-heading bde-heading-781-103\">\nVISE - Verwaltung von Fahrplandaten, Bordcomputerinformationen und Konfigurationen von Anzeigesystemen\n<\/h2><div class=\"bde-icon-781-104-806-781-1 bde-icon bde-icon-781-104\">\n\n    \n            <div class=\"bde-icon-icon breakdance-icon-atom\" >\n    \n                    <svg xmlns=\"http:\/\/www.w3.org\/2000\/svg\" width=\"36\" height=\"36\" viewbox=\"0 0 36 36\" fill=\"none\">\r\n<rect x=\"0.5\" y=\"0.3125\" width=\"35\" height=\"35\" rx=\"2\" fill=\"#F79234\"\/>\r\n<rect x=\"8\" y=\"16.8125\" width=\"20\" height=\"2\" fill=\"black\"\/>\r\n<rect x=\"19\" y=\"7.8125\" width=\"20\" height=\"2\" transform=\"rotate(90 19 7.8125)\" fill=\"black\"\/>\r\n<\/svg>\n        \n        \n        \n            <\/div>\n    \n\n\n<\/div>\n<\/div>\n<\/div>\n\n<\/a><\/div>    <\/article>\n    <article class=\"bde-loop-item ee-post\">\n        <div class='breakdance'><a class=\"bde-container-link-781-109-780-781-1 bde-container-link bde-container-link-781-109 breakdance-link\" href=\"https:\/\/bustec.eu\/de\/software\/buswam\/\" target=\"_self\" data-type=\"url\">\n  \n  \n\t\n\n\n\n<div class=\"bde-div-781-100-780-781-1 bde-div bde-div-781-100\">\n  \n  \n\t\n\n\n\n<div class=\"bde-div-781-105-780-781-1 bde-div bde-div-781-105\">\n  \n  \n\t\n\n\n\n<img decoding=\"async\" class=\"bde-image2-781-108-780-781-1 bde-image2 bde-image2-781-108\" src=\"https:\/\/bustec.eu\/wp-content\/uploads\/2025\/09\/Vector-6.svg\" loading=\"lazy\">\n<\/div><div class=\"bde-div-781-102-780-781-1 bde-div bde-div-781-102\">\n  \n  \n\t\n\n\n\n<h2 class=\"bde-heading-781-103-780-781-1 bde-heading bde-heading-781-103\">\nBUSWAM - Zentrale Verwaltung von Multimedia-Inhalten\n<\/h2><div class=\"bde-icon-781-104-780-781-1 bde-icon bde-icon-781-104\">\n\n    \n            <div class=\"bde-icon-icon breakdance-icon-atom\" >\n    \n                    <svg xmlns=\"http:\/\/www.w3.org\/2000\/svg\" width=\"36\" height=\"36\" viewbox=\"0 0 36 36\" fill=\"none\">\r\n<rect x=\"0.5\" y=\"0.3125\" width=\"35\" height=\"35\" rx=\"2\" fill=\"#F79234\"\/>\r\n<rect x=\"8\" y=\"16.8125\" width=\"20\" height=\"2\" fill=\"black\"\/>\r\n<rect x=\"19\" y=\"7.8125\" width=\"20\" height=\"2\" transform=\"rotate(90 19 7.8125)\" fill=\"black\"\/>\r\n<\/svg>\n        \n        \n        \n            <\/div>\n    \n\n\n<\/div>\n<\/div>\n<\/div>\n\n<\/a><\/div>    <\/article>\n<\/div>\r\n<\/div><div class=\"bde-button-746-155 bde-button\">\n    \n                        \n                        \n    \n    \n    \n    \n            \n                    \n            \n            \n\n    \n    \n    \n    \n    \n    <a class=\"breakdance-link button-atom button-atom--custom bde-button__button\" href=\"https:\/\/bustec.eu\/de\/contact\/\" target=\"_self\" data-type=\"url\"  >\n\n    \n        <span class=\"button-atom__text\">KONTAKT AUFNEHMEN<\/span>\n\n        \n        \n                <\/a>\n\n    \n\n\n<\/div><\/div>\n<\/section><\/div>","protected":false},"excerpt":{"rendered":"<p>Our software solutions for your passenger information system Modern passenger information systems have to meet a variety of requirements. They must be centrally controllable, process traffic volume information, and often also display targeted advertising for passengers. We have developed various software solutions to give our customers full control over these and other functions of their [&hellip;]<\/p>\n","protected":false},"author":1,"featured_media":0,"parent":0,"menu_order":0,"comment_status":"closed","ping_status":"closed","template":"","meta":{"_acf_changed":false,"_breakdance_hide_in_design_set":false,"_breakdance_tags":"","footnotes":""},"class_list":["post-746","page","type-page","status-publish","hentry"],"acf":[],"yoast_head":"<!-- This site is optimized with the Yoast SEO plugin v27.2 - https:\/\/yoast.com\/product\/yoast-seo-wordpress\/ -->\n<title>Software - Bustec<\/title>\n<meta name=\"robots\" content=\"index, follow, max-snippet:-1, max-image-preview:large, max-video-preview:-1\" \/>\n<link rel=\"canonical\" href=\"https:\/\/bustec.eu\/de\/software\/\" \/>\n<meta property=\"og:locale\" content=\"de_DE\" \/>\n<meta property=\"og:type\" content=\"article\" \/>\n<meta property=\"og:title\" content=\"Software - Bustec\" \/>\n<meta property=\"og:description\" content=\"Our software solutions for your passenger information system Modern passenger information systems have to meet a variety of requirements. They must be centrally controllable, process traffic volume information, and often also display targeted advertising for passengers. We have developed various software solutions to give our customers full control over these and other functions of their [&hellip;]\" \/>\n<meta property=\"og:url\" content=\"https:\/\/bustec.eu\/de\/software\/\" \/>\n<meta property=\"og:site_name\" content=\"Bustec\" \/>\n<meta property=\"article:modified_time\" content=\"2026-02-04T09:03:27+00:00\" \/>\n<meta name=\"twitter:card\" content=\"summary_large_image\" \/>\n<script type=\"application\/ld+json\" class=\"yoast-schema-graph\">{\"@context\":\"https:\/\/schema.org\",\"@graph\":[{\"@type\":\"WebPage\",\"@id\":\"https:\/\/bustec.eu\/software\/\",\"url\":\"https:\/\/bustec.eu\/software\/\",\"name\":\"Software - Bustec\",\"isPartOf\":{\"@id\":\"https:\/\/bustec.eu\/#website\"},\"datePublished\":\"2025-09-17T11:50:05+00:00\",\"dateModified\":\"2026-02-04T09:03:27+00:00\",\"breadcrumb\":{\"@id\":\"https:\/\/bustec.eu\/software\/#breadcrumb\"},\"inLanguage\":\"de\",\"potentialAction\":[{\"@type\":\"ReadAction\",\"target\":[\"https:\/\/bustec.eu\/software\/\"]}]},{\"@type\":\"BreadcrumbList\",\"@id\":\"https:\/\/bustec.eu\/software\/#breadcrumb\",\"itemListElement\":[{\"@type\":\"ListItem\",\"position\":1,\"name\":\"Home\",\"item\":\"https:\/\/bustec.eu\/\"},{\"@type\":\"ListItem\",\"position\":2,\"name\":\"Software\"}]},{\"@type\":\"WebSite\",\"@id\":\"https:\/\/bustec.eu\/#website\",\"url\":\"https:\/\/bustec.eu\/\",\"name\":\"Bustec\",\"description\":\"\",\"potentialAction\":[{\"@type\":\"SearchAction\",\"target\":{\"@type\":\"EntryPoint\",\"urlTemplate\":\"https:\/\/bustec.eu\/?s={search_term_string}\"},\"query-input\":{\"@type\":\"PropertyValueSpecification\",\"valueRequired\":true,\"valueName\":\"search_term_string\"}}],\"inLanguage\":\"de\"}]}<\/script>\n<!-- \/ Yoast SEO plugin. -->","yoast_head_json":{"title":"Software - Bustec","robots":{"index":"index","follow":"follow","max-snippet":"max-snippet:-1","max-image-preview":"max-image-preview:large","max-video-preview":"max-video-preview:-1"},"canonical":"https:\/\/bustec.eu\/de\/software\/","og_locale":"de_DE","og_type":"article","og_title":"Software - Bustec","og_description":"Our software solutions for your passenger information system Modern passenger information systems have to meet a variety of requirements. They must be centrally controllable, process traffic volume information, and often also display targeted advertising for passengers. We have developed various software solutions to give our customers full control over these and other functions of their [&hellip;]","og_url":"https:\/\/bustec.eu\/de\/software\/","og_site_name":"Bustec","article_modified_time":"2026-02-04T09:03:27+00:00","twitter_card":"summary_large_image","schema":{"@context":"https:\/\/schema.org","@graph":[{"@type":"WebPage","@id":"https:\/\/bustec.eu\/software\/","url":"https:\/\/bustec.eu\/software\/","name":"Software - Bustec","isPartOf":{"@id":"https:\/\/bustec.eu\/#website"},"datePublished":"2025-09-17T11:50:05+00:00","dateModified":"2026-02-04T09:03:27+00:00","breadcrumb":{"@id":"https:\/\/bustec.eu\/software\/#breadcrumb"},"inLanguage":"de","potentialAction":[{"@type":"ReadAction","target":["https:\/\/bustec.eu\/software\/"]}]},{"@type":"BreadcrumbList","@id":"https:\/\/bustec.eu\/software\/#breadcrumb","itemListElement":[{"@type":"ListItem","position":1,"name":"Home","item":"https:\/\/bustec.eu\/"},{"@type":"ListItem","position":2,"name":"Software"}]},{"@type":"WebSite","@id":"https:\/\/bustec.eu\/#website","url":"https:\/\/bustec.eu\/","name":"Bustec","description":"","potentialAction":[{"@type":"SearchAction","target":{"@type":"EntryPoint","urlTemplate":"https:\/\/bustec.eu\/?s={search_term_string}"},"query-input":{"@type":"PropertyValueSpecification","valueRequired":true,"valueName":"search_term_string"}}],"inLanguage":"de"}]}},"_links":{"self":[{"href":"https:\/\/bustec.eu\/de\/wp-json\/wp\/v2\/pages\/746","targetHints":{"allow":["GET"]}}],"collection":[{"href":"https:\/\/bustec.eu\/de\/wp-json\/wp\/v2\/pages"}],"about":[{"href":"https:\/\/bustec.eu\/de\/wp-json\/wp\/v2\/types\/page"}],"author":[{"embeddable":true,"href":"https:\/\/bustec.eu\/de\/wp-json\/wp\/v2\/users\/1"}],"replies":[{"embeddable":true,"href":"https:\/\/bustec.eu\/de\/wp-json\/wp\/v2\/comments?post=746"}],"version-history":[{"count":11,"href":"https:\/\/bustec.eu\/de\/wp-json\/wp\/v2\/pages\/746\/revisions"}],"predecessor-version":[{"id":973,"href":"https:\/\/bustec.eu\/de\/wp-json\/wp\/v2\/pages\/746\/revisions\/973"}],"wp:attachment":[{"href":"https:\/\/bustec.eu\/de\/wp-json\/wp\/v2\/media?parent=746"}],"curies":[{"name":"wp","href":"https:\/\/api.w.org\/{rel}","templated":true}]}}