{"id":408,"date":"2025-06-30T10:05:58","date_gmt":"2025-06-30T10:05:58","guid":{"rendered":"https:\/\/bustec.eu\/?page_id=408"},"modified":"2026-02-04T11:37:42","modified_gmt":"2026-02-04T10:37:42","slug":"about-us","status":"publish","type":"page","link":"https:\/\/bustec.eu\/de\/about-us\/","title":{"rendered":"\u00dcber uns"},"content":{"rendered":"<div class='breakdance'><section class=\"bde-section-408-100 bde-section\">\n  \n  \n\t\n\n\n\n<div class=\"section-container\"><\/div>\n<\/section><section class=\"bde-section-408-101 bde-section\">\n  \n  \n\t\n\n\n\n<div class=\"section-container\"><div class=\"bde-div-408-102 bde-div\">\n  \n  \n\t\n\n\n\n<h1 class=\"bde-heading-408-103 bde-heading\" data-entrance=\"zoomIn\">\n\u00dcber uns\n<\/h1>\n<\/div><div class=\"bde-div-408-170 bde-div\">\n  \n  \n\t\n\n\n\n<div class=\"bde-div-408-105 bde-div\">\n  \n  \n\t\n\n\n\n<div class=\"bde-text-408-143 bde-text\">\nWie Bustec-Produkte Fahrg\u00e4sten weltweit dienen\n<\/div><div class=\"bde-text-408-106 bde-text\">\nBei Bustec sind wir \u00fcberzeugt: Wahre Qualit\u00e4t und Innovation entstehen nur durch vollst\u00e4ndige Kontrolle \u00fcber den gesamten Produktionsprozess. Unsere Systeme kommen t\u00e4glich bei Millionen von Fahrg\u00e4sten in Metropolen weltweit zum Einsatz \u2013 dank der Pr\u00e4zision und Sorgfalt, die wir in jede Phase der Entwicklung und Fertigung investieren.\n<\/div>\n<\/div><div class=\"bde-div-408-108 bde-div\">\n  \n  \n\t\n\n\n\n<div class=\"bde-text-408-109 bde-text\">\nUnsere Referenzen sprechen f\u00fcr sich\n<\/div><div class=\"bde-text-408-144 bde-text\">\nWir sind stolz darauf, dass Bustec Informations- und Ticketingsysteme ein fester Bestandteil des \u00f6ffentlichen Verkehrs in zahlreichen L\u00e4ndern weltweit sind. Unsere Technologie bew\u00e4hrt sich t\u00e4glich unter den herausfordernden Bedingungen globaler Metropolen \u2013 vom eisigen Norden Skandinaviens bis zu den lebendigen St\u00e4dten S\u00fcdamerikas.\n<\/div>\n<\/div><div class=\"bde-div-408-147 bde-div\">\n  \n  \n\t\n\n\n\n<div class=\"bde-text-408-148 bde-text\">\nZentrale Lage im Herzen Europas\n<\/div><div class=\"bde-text-408-149 bde-text\">\nIn Tschechien und der Slowakei sind wir ein bedeutender Partner f\u00fcr die meisten gro\u00dfen \u00f6ffentlichen Verkehrsunternehmen, darunter DP Prag, DP Br\u00fcnn, DP Ostrau, SAD \u017dilina und EUROBUS Ko\u0161ice. Unsere Systeme gelten zudem als Standard bei den gr\u00f6\u00dften privaten Verkehrsunternehmen wie ARRIVA, ICOM Transport und BusLine. Dar\u00fcber hinaus ist unsere Technologie werkseitig in Fahrzeuge von Herstellern wie IVECO, SOR und \u0160koda Transportation integriert.\n<\/div>\n<\/div><div class=\"bde-div-408-151 bde-div\">\n  \n  \n\t\n\n\n\n<div class=\"bde-text-408-152 bde-text\">\nEin verl\u00e4sslicher Partner f\u00fcr deutsche Pr\u00e4zision\n<\/div><div class=\"bde-text-408-153 bde-text\">\nUnsere starke Marktposition zeigt sich besonders im anspruchsvollen deutschen Verkehrssektor. Unsere L\u00f6sungen kommen bei Verkehrsbetrieben in N\u00fcrnberg (VAG), K\u00f6ln (KVB), Bonn (SWB), Hannover (\u00fcstra) und neuerdings auch in Stra\u00dfenbahnen f\u00fcr Leipzig zum Einsatz. Selbst die Deutsche Bahn \u2013 das nationale Eisenbahnunternehmen \u2013 vertraut auf unsere Systeme.\n<\/div>\n<\/div><div class=\"bde-div-408-155 bde-div\">\n  \n  \n\t\n\n\n\n<div class=\"bde-text-408-156 bde-text\">\nStarke Pr\u00e4senz \u00fcber Kontinente hinweg\n<\/div><div class=\"bde-text-408-157 bde-text\">\nDie Technologie von Bustec spielt eine entscheidende Rolle im \u00f6ffentlichen Verkehr in ganz Europa. In Bukarest, Rum\u00e4nien, sind \u00fcber 800 Fahrzeuge mit unseren Systemen ausgestattet. In der fl\u00e4mischen Region Belgiens setzt der Verkehrsbetrieb DE LIJN auf unsere L\u00f6sungen in St\u00e4dten wie Gent, Br\u00fcgge und Antwerpen. Unsere Anzeigen sind au\u00dferdem in Stra\u00dfenbahnen in G\u00f6teborg (Schweden), in POST BUS-Fahrzeugen in \u00d6sterreich sowie in POST AUTO-Bussen in der Schweiz im Einsatz.\n<\/div>\n<\/div><div class=\"bde-div-408-159 bde-div\">\n  \n  \n\t\n\n\n\n<div class=\"bde-text-408-160 bde-text\">\nWeltweite Pr\u00e4senz \u2013 von Australien bis S\u00fcdamerika\n<\/div><div class=\"bde-text-408-161 bde-text\">\nUnsere Ambitionen reichen weit \u00fcber Europa hinaus. In Brisbane, Australien, ist eine Flotte von 300 Bussen mit unseren Systemen ausgestattet. Auch im U-Bahn-Netz von S\u00e3o Paulo, Brasilien, unterst\u00fctzt unsere Technologie den Betrieb. Selbst in abgelegenen Regionen wie Island, den F\u00e4r\u00f6er-Inseln und Madeira sind unsere Produkte zuverl\u00e4ssig im Einsatz.\n<\/div><div class=\"bde-text-408-162 bde-text\">\nUnsere Philosophie: Globale St\u00e4rke, famili\u00e4rer Geist\n<\/div><div class=\"bde-text-408-167 bde-text\">\nAlle zentralen Produktionsprozesse unter einem Dach zu vereinen, verschafft uns eine einzigartige Position. So k\u00f6nnen wir flexibel auf Kundenbed\u00fcrfnisse reagieren und gleichzeitig h\u00f6chste Qualit\u00e4tsstandards garantieren. Wir verbinden das Beste aus zwei Welten \u2013 die Effizienz und moderne Technologie eines Gro\u00dfunternehmens mit der pers\u00f6nlichen Note, Liebe zum Detail und Leidenschaft eines Familienbetriebs.\n<\/div>\n<\/div>\n<\/div><div class=\"bde-code-block-408-169 bde-code-block\">\n\n  <!-- Za\u010d\u00e1tek vlo\u017een\u00ed videa -->\n<style>\n  .responsive-video {\n    width: 100%;\n    height: 540px;\n    max-width: 100%;\n  }\n\n  \/* Mobil *\/\n  @media (max-width: 768px) {\n    .responsive-video {\n      height: 250px;\n    }\n  }\n<\/style>\n\n<video\n  class=\"responsive-video\"\n  controls\n poster=\"https:\/\/bustec.eu\/wp-content\/uploads\/2025\/07\/Snimek-obrazovky-2025-07-10-145435.png\"\n>\n  <source src=\"https:\/\/bustec.eu\/wp-content\/uploads\/2025\/06\/3-1.mp4\" type=\"video\/mp4\">\n  V\u00e1\u0161 prohl\u00ed\u017ee\u010d nepodporuje p\u0159ehr\u00e1v\u00e1n\u00ed videa.\n<\/video>\n<!-- Konec vlo\u017een\u00ed videa -->\n\n\n\n<\/div><\/div>\n<\/section><\/div>","protected":false},"excerpt":{"rendered":"<p>About Us How Bustec Products Are Made to Serve Passengers Around the World At Bustec, we believe that true quality and innovation come from having full control over the entire production process. Our systems are used daily by millions of passengers in major cities across the globe \u2013 thanks to the precision and care we [&hellip;]<\/p>\n","protected":false},"author":1,"featured_media":0,"parent":0,"menu_order":0,"comment_status":"closed","ping_status":"closed","template":"","meta":{"_acf_changed":false,"_breakdance_hide_in_design_set":false,"_breakdance_tags":"","footnotes":""},"class_list":["post-408","page","type-page","status-publish","hentry"],"acf":[],"yoast_head":"<!-- This site is optimized with the Yoast SEO plugin v27.2 - https:\/\/yoast.com\/product\/yoast-seo-wordpress\/ -->\n<title>Bustec | Passenger Information Systems Made in Europe<\/title>\n<meta name=\"description\" content=\"Passenger information systems made in Europe for buses, trams and public transport used in 25+ countries worldwide.\" \/>\n<meta name=\"robots\" content=\"index, follow, max-snippet:-1, max-image-preview:large, max-video-preview:-1\" \/>\n<link rel=\"canonical\" href=\"https:\/\/bustec.eu\/de\/about-us\/\" \/>\n<meta property=\"og:locale\" content=\"de_DE\" \/>\n<meta property=\"og:type\" content=\"article\" \/>\n<meta property=\"og:title\" content=\"Bustec | Passenger Information Systems Made in Europe\" \/>\n<meta property=\"og:description\" content=\"Passenger information systems made in Europe for buses, trams and public transport used in 25+ countries worldwide.\" \/>\n<meta property=\"og:url\" content=\"https:\/\/bustec.eu\/de\/about-us\/\" \/>\n<meta property=\"og:site_name\" content=\"Bustec\" \/>\n<meta property=\"article:modified_time\" content=\"2026-02-04T10:37:42+00:00\" \/>\n<meta name=\"twitter:card\" content=\"summary_large_image\" \/>\n<meta name=\"twitter:label1\" content=\"Gesch\u00e4tzte Lesezeit\" \/>\n\t<meta name=\"twitter:data1\" content=\"3\u00a0Minuten\" \/>\n<script type=\"application\/ld+json\" class=\"yoast-schema-graph\">{\"@context\":\"https:\/\/schema.org\",\"@graph\":[{\"@type\":\"WebPage\",\"@id\":\"https:\/\/bustec.eu\/about-us\/\",\"url\":\"https:\/\/bustec.eu\/about-us\/\",\"name\":\"Bustec | Passenger Information Systems Made in Europe\",\"isPartOf\":{\"@id\":\"https:\/\/bustec.eu\/#website\"},\"datePublished\":\"2025-06-30T10:05:58+00:00\",\"dateModified\":\"2026-02-04T10:37:42+00:00\",\"description\":\"Passenger information systems made in Europe for buses, trams and public transport used in 25+ countries worldwide.\",\"breadcrumb\":{\"@id\":\"https:\/\/bustec.eu\/about-us\/#breadcrumb\"},\"inLanguage\":\"de\",\"potentialAction\":[{\"@type\":\"ReadAction\",\"target\":[\"https:\/\/bustec.eu\/about-us\/\"]}]},{\"@type\":\"BreadcrumbList\",\"@id\":\"https:\/\/bustec.eu\/about-us\/#breadcrumb\",\"itemListElement\":[{\"@type\":\"ListItem\",\"position\":1,\"name\":\"Home\",\"item\":\"https:\/\/bustec.eu\/\"},{\"@type\":\"ListItem\",\"position\":2,\"name\":\"About Us\"}]},{\"@type\":\"WebSite\",\"@id\":\"https:\/\/bustec.eu\/#website\",\"url\":\"https:\/\/bustec.eu\/\",\"name\":\"Bustec\",\"description\":\"\",\"potentialAction\":[{\"@type\":\"SearchAction\",\"target\":{\"@type\":\"EntryPoint\",\"urlTemplate\":\"https:\/\/bustec.eu\/?s={search_term_string}\"},\"query-input\":{\"@type\":\"PropertyValueSpecification\",\"valueRequired\":true,\"valueName\":\"search_term_string\"}}],\"inLanguage\":\"de\"}]}<\/script>\n<!-- \/ Yoast SEO plugin. -->","yoast_head_json":{"title":"Bustec | Passenger Information Systems Made in Europe","description":"Passenger information systems made in Europe for buses, trams and public transport used in 25+ countries worldwide.","robots":{"index":"index","follow":"follow","max-snippet":"max-snippet:-1","max-image-preview":"max-image-preview:large","max-video-preview":"max-video-preview:-1"},"canonical":"https:\/\/bustec.eu\/de\/about-us\/","og_locale":"de_DE","og_type":"article","og_title":"Bustec | Passenger Information Systems Made in Europe","og_description":"Passenger information systems made in Europe for buses, trams and public transport used in 25+ countries worldwide.","og_url":"https:\/\/bustec.eu\/de\/about-us\/","og_site_name":"Bustec","article_modified_time":"2026-02-04T10:37:42+00:00","twitter_card":"summary_large_image","twitter_misc":{"Gesch\u00e4tzte Lesezeit":"3\u00a0Minuten"},"schema":{"@context":"https:\/\/schema.org","@graph":[{"@type":"WebPage","@id":"https:\/\/bustec.eu\/about-us\/","url":"https:\/\/bustec.eu\/about-us\/","name":"Bustec | Passenger Information Systems Made in Europe","isPartOf":{"@id":"https:\/\/bustec.eu\/#website"},"datePublished":"2025-06-30T10:05:58+00:00","dateModified":"2026-02-04T10:37:42+00:00","description":"Passenger information systems made in Europe for buses, trams and public transport used in 25+ countries worldwide.","breadcrumb":{"@id":"https:\/\/bustec.eu\/about-us\/#breadcrumb"},"inLanguage":"de","potentialAction":[{"@type":"ReadAction","target":["https:\/\/bustec.eu\/about-us\/"]}]},{"@type":"BreadcrumbList","@id":"https:\/\/bustec.eu\/about-us\/#breadcrumb","itemListElement":[{"@type":"ListItem","position":1,"name":"Home","item":"https:\/\/bustec.eu\/"},{"@type":"ListItem","position":2,"name":"About Us"}]},{"@type":"WebSite","@id":"https:\/\/bustec.eu\/#website","url":"https:\/\/bustec.eu\/","name":"Bustec","description":"","potentialAction":[{"@type":"SearchAction","target":{"@type":"EntryPoint","urlTemplate":"https:\/\/bustec.eu\/?s={search_term_string}"},"query-input":{"@type":"PropertyValueSpecification","valueRequired":true,"valueName":"search_term_string"}}],"inLanguage":"de"}]}},"_links":{"self":[{"href":"https:\/\/bustec.eu\/de\/wp-json\/wp\/v2\/pages\/408","targetHints":{"allow":["GET"]}}],"collection":[{"href":"https:\/\/bustec.eu\/de\/wp-json\/wp\/v2\/pages"}],"about":[{"href":"https:\/\/bustec.eu\/de\/wp-json\/wp\/v2\/types\/page"}],"author":[{"embeddable":true,"href":"https:\/\/bustec.eu\/de\/wp-json\/wp\/v2\/users\/1"}],"replies":[{"embeddable":true,"href":"https:\/\/bustec.eu\/de\/wp-json\/wp\/v2\/comments?post=408"}],"version-history":[{"count":19,"href":"https:\/\/bustec.eu\/de\/wp-json\/wp\/v2\/pages\/408\/revisions"}],"predecessor-version":[{"id":974,"href":"https:\/\/bustec.eu\/de\/wp-json\/wp\/v2\/pages\/408\/revisions\/974"}],"wp:attachment":[{"href":"https:\/\/bustec.eu\/de\/wp-json\/wp\/v2\/media?parent=408"}],"curies":[{"name":"wp","href":"https:\/\/api.w.org\/{rel}","templated":true}]}}