{"id":187,"date":"2025-05-07T18:14:00","date_gmt":"2025-05-07T18:14:00","guid":{"rendered":"https:\/\/bustec.eu\/?page_id=187"},"modified":"2026-02-03T14:08:36","modified_gmt":"2026-02-03T13:08:36","slug":"news","status":"publish","type":"page","link":"https:\/\/bustec.eu\/de\/news\/","title":{"rendered":"Neuigkeiten"},"content":{"rendered":"<div class='breakdance'><section class=\"bde-section-187-100 bde-section\">\n  \n  \n\t\n\n\n\n<div class=\"section-container\"><\/div>\n<\/section><section class=\"bde-section-187-101 bde-section\">\n  \n  \n\t\n\n\n\n<div class=\"section-container\"><div class=\"bde-div-187-102 bde-div\">\n  \n  \n\t\n\n\n\n<h1 class=\"bde-heading-187-103 bde-heading\" data-entrance=\"zoomIn\">\nWir bieten die perfekte L\u00f6sung f\u00fcr jeden Einsatzbereich\n<\/h1>\n<\/div><div class=\"bde-post-loop-187-160 bde-post-loop\"><div class=\"bde-loop bde-loop-grid ee-posts ee-posts-grid\">    <article class=\"bde-loop-item ee-post\">\n        <div class='breakdance'><a class=\"bde-container-link-518-113-517-518-1 bde-container-link bde-container-link-518-113 breakdance-link\" href=\"https:\/\/bustec.eu\/de\/novinka\/skoda-52t-trams-in-prague-with-bustec-technologies-a-new-era-of-travel-on-line-12\/\" target=\"_self\" data-type=\"url\">\n  \n  \n\t\n\n\n\n<div class=\"bde-columns-518-100-517-518-1 bde-columns bde-columns-518-100\"><div class=\"bde-column-518-101-517-518-1 bde-column bde-column-518-101\">\n  \n  \n\t\n\n\n\n<img decoding=\"async\" class=\"bde-image2-518-102-517-518-1 bde-image2 bde-image2-518-102\" src=\"https:\/\/bustec.eu\/wp-content\/uploads\/2025\/04\/05.png\" loading=\"lazy\" srcset=\"https:\/\/bustec.eu\/wp-content\/uploads\/2025\/04\/05.png 1280w, https:\/\/bustec.eu\/wp-content\/uploads\/2025\/04\/05-300x94.png 300w, https:\/\/bustec.eu\/wp-content\/uploads\/2025\/04\/05-1024x320.png 1024w, https:\/\/bustec.eu\/wp-content\/uploads\/2025\/04\/05-768x240.png 768w\" sizes=\"(max-width: 1280px) 100vw, 1280px\"><h3 class=\"bde-heading-518-103-517-518-1 bde-heading bde-heading-518-103\">\n\u0160koda 52T-Stra\u00dfenbahnen in Prag mit Bustec-Technologie: Eine neue \u00c4ra des Reisens auf Linie 12\n<\/h3><div class=\"bde-text-518-104-517-518-1 bde-text bde-text-518-104\">\nDer \u00f6ffentliche Nahverkehr in Prag hat mit dem Einsatz der ersten neuen \u0160koda 52T-Stra\u00dfenbahnen einen gro\u00dfen Schritt nach vorne gemacht \u2013 mit Bustec-Technologie an Bord\u2026\n<\/div>\n<\/div><\/div>\n\n<\/a><\/div>    <\/article>\n    <article class=\"bde-loop-item ee-post\">\n        <div class='breakdance'><a class=\"bde-container-link-518-113-515-518-1 bde-container-link bde-container-link-518-113 breakdance-link\" href=\"https:\/\/bustec.eu\/de\/novinka\/bustec-modernizes-pragues-stops-smart-passenger-information-displays\/\" target=\"_self\" data-type=\"url\">\n  \n  \n\t\n\n\n\n<div class=\"bde-columns-518-100-515-518-1 bde-columns bde-columns-518-100\"><div class=\"bde-column-518-101-515-518-1 bde-column bde-column-518-101\">\n  \n  \n\t\n\n\n\n<img decoding=\"async\" class=\"bde-image2-518-102-515-518-1 bde-image2 bde-image2-518-102\" src=\"https:\/\/bustec.eu\/wp-content\/uploads\/2025\/04\/04.png\" loading=\"lazy\" srcset=\"https:\/\/bustec.eu\/wp-content\/uploads\/2025\/04\/04.png 1280w, https:\/\/bustec.eu\/wp-content\/uploads\/2025\/04\/04-300x94.png 300w, https:\/\/bustec.eu\/wp-content\/uploads\/2025\/04\/04-1024x320.png 1024w, https:\/\/bustec.eu\/wp-content\/uploads\/2025\/04\/04-768x240.png 768w\" sizes=\"(max-width: 1280px) 100vw, 1280px\"><h3 class=\"bde-heading-518-103-515-518-1 bde-heading bde-heading-518-103\">\nBustec modernisiert Prager Haltestellen: Intelligente Fahrgastinformationsanzeigen\n<\/h3><div class=\"bde-text-518-104-515-518-1 bde-text bde-text-518-104\">\nPrag bereitet sich auf ein umfassendes Upgrade seiner Informationssysteme im \u00f6ffentlichen Nahverkehr vor. Ziel ist es, die Haltestellen mit intelligenten Fahrgastanzeigen auszustatten, die aktuelle Abfahrtszeiten, Verkehrsinformationen und Barrierefreiheitshinweise in Echtzeit anzeigen \u2013 direkt dort, wo die Fahrg\u00e4ste sie ben\u00f6tigen\u2026\n<\/div>\n<\/div><\/div>\n\n<\/a><\/div>    <\/article>\n    <article class=\"bde-loop-item ee-post\">\n        <div class='breakdance'><a class=\"bde-container-link-518-113-513-518-1 bde-container-link bde-container-link-518-113 breakdance-link\" href=\"https:\/\/bustec.eu\/de\/novinka\/innovation-in-bonn-skoda-forcity-smart-tram-with-bustec-technologies\/\" target=\"_self\" data-type=\"url\">\n  \n  \n\t\n\n\n\n<div class=\"bde-columns-518-100-513-518-1 bde-columns bde-columns-518-100\"><div class=\"bde-column-518-101-513-518-1 bde-column bde-column-518-101\">\n  \n  \n\t\n\n\n\n<img decoding=\"async\" class=\"bde-image2-518-102-513-518-1 bde-image2 bde-image2-518-102\" src=\"https:\/\/bustec.eu\/wp-content\/uploads\/2025\/04\/05-1.png\" loading=\"lazy\" srcset=\"https:\/\/bustec.eu\/wp-content\/uploads\/2025\/04\/05-1.png 1280w, https:\/\/bustec.eu\/wp-content\/uploads\/2025\/04\/05-1-300x94.png 300w, https:\/\/bustec.eu\/wp-content\/uploads\/2025\/04\/05-1-1024x320.png 1024w, https:\/\/bustec.eu\/wp-content\/uploads\/2025\/04\/05-1-768x240.png 768w\" sizes=\"(max-width: 1280px) 100vw, 1280px\"><h3 class=\"bde-heading-518-103-513-518-1 bde-heading bde-heading-518-103\">\nInnovation in Bonn: \u0160koda ForCity Smart Tram mit Bustec-Technologiesn\n<\/h3><div class=\"bde-text-518-104-513-518-1 bde-text bde-text-518-104\">\nDer \u00f6ffentliche Nahverkehr in Bonn schl\u00e4gt ein neues Kapitel auf: Mit der Einf\u00fchrung der modernen \u0160koda ForCity Smart Stra\u00dfenbahnen\u2026\n<\/div>\n<\/div><\/div>\n\n<\/a><\/div>    <\/article>\n<\/div>\r\n<\/div><\/div>\n<\/section><\/div>","protected":false},"excerpt":{"rendered":"<p>We offer the perfect solution for every area of application \u0160koda 52T Trams in Prague with Bustec Technologies: A New Era of Travel on Line 12 Public transport in Prague has taken a major step forward with the deployment of the first new &#8230; Bustec Modernizes Prague\u2019s Stops: Smart Passenger Information Displays Prague is preparing [&hellip;]<\/p>\n","protected":false},"author":1,"featured_media":0,"parent":0,"menu_order":0,"comment_status":"closed","ping_status":"closed","template":"","meta":{"_acf_changed":false,"_breakdance_hide_in_design_set":false,"_breakdance_tags":"","footnotes":""},"class_list":["post-187","page","type-page","status-publish","hentry"],"acf":[],"yoast_head":"<!-- This site is optimized with the Yoast SEO plugin v27.2 - https:\/\/yoast.com\/product\/yoast-seo-wordpress\/ -->\n<title>News - Bustec<\/title>\n<meta name=\"robots\" content=\"index, follow, max-snippet:-1, max-image-preview:large, max-video-preview:-1\" \/>\n<link rel=\"canonical\" href=\"https:\/\/bustec.eu\/de\/news\/\" \/>\n<meta property=\"og:locale\" content=\"de_DE\" \/>\n<meta property=\"og:type\" content=\"article\" \/>\n<meta property=\"og:title\" content=\"News - Bustec\" \/>\n<meta property=\"og:description\" content=\"We offer the perfect solution for every area of application \u0160koda 52T Trams in Prague with Bustec Technologies: A New Era of Travel on Line 12 Public transport in Prague has taken a major step forward with the deployment of the first new ... Bustec Modernizes Prague\u2019s Stops: Smart Passenger Information Displays Prague is preparing [&hellip;]\" \/>\n<meta property=\"og:url\" content=\"https:\/\/bustec.eu\/de\/news\/\" \/>\n<meta property=\"og:site_name\" content=\"Bustec\" \/>\n<meta property=\"article:modified_time\" content=\"2026-02-03T13:08:36+00:00\" \/>\n<meta name=\"twitter:card\" content=\"summary_large_image\" \/>\n<script type=\"application\/ld+json\" class=\"yoast-schema-graph\">{\"@context\":\"https:\/\/schema.org\",\"@graph\":[{\"@type\":\"WebPage\",\"@id\":\"https:\/\/bustec.eu\/news\/\",\"url\":\"https:\/\/bustec.eu\/news\/\",\"name\":\"News - Bustec\",\"isPartOf\":{\"@id\":\"https:\/\/bustec.eu\/#website\"},\"datePublished\":\"2025-05-07T18:14:00+00:00\",\"dateModified\":\"2026-02-03T13:08:36+00:00\",\"breadcrumb\":{\"@id\":\"https:\/\/bustec.eu\/news\/#breadcrumb\"},\"inLanguage\":\"de\",\"potentialAction\":[{\"@type\":\"ReadAction\",\"target\":[\"https:\/\/bustec.eu\/news\/\"]}]},{\"@type\":\"BreadcrumbList\",\"@id\":\"https:\/\/bustec.eu\/news\/#breadcrumb\",\"itemListElement\":[{\"@type\":\"ListItem\",\"position\":1,\"name\":\"Home\",\"item\":\"https:\/\/bustec.eu\/\"},{\"@type\":\"ListItem\",\"position\":2,\"name\":\"News\"}]},{\"@type\":\"WebSite\",\"@id\":\"https:\/\/bustec.eu\/#website\",\"url\":\"https:\/\/bustec.eu\/\",\"name\":\"Bustec\",\"description\":\"\",\"potentialAction\":[{\"@type\":\"SearchAction\",\"target\":{\"@type\":\"EntryPoint\",\"urlTemplate\":\"https:\/\/bustec.eu\/?s={search_term_string}\"},\"query-input\":{\"@type\":\"PropertyValueSpecification\",\"valueRequired\":true,\"valueName\":\"search_term_string\"}}],\"inLanguage\":\"de\"}]}<\/script>\n<!-- \/ Yoast SEO plugin. -->","yoast_head_json":{"title":"News - Bustec","robots":{"index":"index","follow":"follow","max-snippet":"max-snippet:-1","max-image-preview":"max-image-preview:large","max-video-preview":"max-video-preview:-1"},"canonical":"https:\/\/bustec.eu\/de\/news\/","og_locale":"de_DE","og_type":"article","og_title":"News - Bustec","og_description":"We offer the perfect solution for every area of application \u0160koda 52T Trams in Prague with Bustec Technologies: A New Era of Travel on Line 12 Public transport in Prague has taken a major step forward with the deployment of the first new ... Bustec Modernizes Prague\u2019s Stops: Smart Passenger Information Displays Prague is preparing [&hellip;]","og_url":"https:\/\/bustec.eu\/de\/news\/","og_site_name":"Bustec","article_modified_time":"2026-02-03T13:08:36+00:00","twitter_card":"summary_large_image","schema":{"@context":"https:\/\/schema.org","@graph":[{"@type":"WebPage","@id":"https:\/\/bustec.eu\/news\/","url":"https:\/\/bustec.eu\/news\/","name":"News - Bustec","isPartOf":{"@id":"https:\/\/bustec.eu\/#website"},"datePublished":"2025-05-07T18:14:00+00:00","dateModified":"2026-02-03T13:08:36+00:00","breadcrumb":{"@id":"https:\/\/bustec.eu\/news\/#breadcrumb"},"inLanguage":"de","potentialAction":[{"@type":"ReadAction","target":["https:\/\/bustec.eu\/news\/"]}]},{"@type":"BreadcrumbList","@id":"https:\/\/bustec.eu\/news\/#breadcrumb","itemListElement":[{"@type":"ListItem","position":1,"name":"Home","item":"https:\/\/bustec.eu\/"},{"@type":"ListItem","position":2,"name":"News"}]},{"@type":"WebSite","@id":"https:\/\/bustec.eu\/#website","url":"https:\/\/bustec.eu\/","name":"Bustec","description":"","potentialAction":[{"@type":"SearchAction","target":{"@type":"EntryPoint","urlTemplate":"https:\/\/bustec.eu\/?s={search_term_string}"},"query-input":{"@type":"PropertyValueSpecification","valueRequired":true,"valueName":"search_term_string"}}],"inLanguage":"de"}]}},"_links":{"self":[{"href":"https:\/\/bustec.eu\/de\/wp-json\/wp\/v2\/pages\/187","targetHints":{"allow":["GET"]}}],"collection":[{"href":"https:\/\/bustec.eu\/de\/wp-json\/wp\/v2\/pages"}],"about":[{"href":"https:\/\/bustec.eu\/de\/wp-json\/wp\/v2\/types\/page"}],"author":[{"embeddable":true,"href":"https:\/\/bustec.eu\/de\/wp-json\/wp\/v2\/users\/1"}],"replies":[{"embeddable":true,"href":"https:\/\/bustec.eu\/de\/wp-json\/wp\/v2\/comments?post=187"}],"version-history":[{"count":20,"href":"https:\/\/bustec.eu\/de\/wp-json\/wp\/v2\/pages\/187\/revisions"}],"predecessor-version":[{"id":959,"href":"https:\/\/bustec.eu\/de\/wp-json\/wp\/v2\/pages\/187\/revisions\/959"}],"wp:attachment":[{"href":"https:\/\/bustec.eu\/de\/wp-json\/wp\/v2\/media?parent=187"}],"curies":[{"name":"wp","href":"https:\/\/api.w.org\/{rel}","templated":true}]}}