{"id":157,"date":"2025-04-29T21:19:17","date_gmt":"2025-04-29T21:19:17","guid":{"rendered":"https:\/\/bustec.eu\/?page_id=157"},"modified":"2026-02-04T10:31:59","modified_gmt":"2026-02-04T09:31:59","slug":"references","status":"publish","type":"page","link":"https:\/\/bustec.eu\/de\/references\/","title":{"rendered":"Referenzen"},"content":{"rendered":"<div class='breakdance'><section class=\"bde-section-157-100 bde-section\">\n  \n  \n\t\n\n\n\n<div class=\"section-container\"><\/div>\n<\/section><section class=\"bde-section-157-101 bde-section\">\n  \n  \n\t\n\n\n\n<div class=\"section-container\"><div class=\"bde-div-157-103 bde-div\">\n  \n  \n\t\n\n\n\n<h1 class=\"bde-heading-157-102 bde-heading\" data-entrance=\"zoomIn\">\nUnsere Referenzen weltweit\n<\/h1>\n<\/div><div class=\"bde-div-157-104 bde-div\" data-entrance=\"zoomIn\">\n  \n  \n\t\n\n\n\n<div class=\"bde-div-157-105 bde-div\">\n  \n  \n\t\n\n\n\n<div class=\"bde-text-157-106 bde-text\">\nMehr als 150 zufriedene Kunden in 25 L\u00e4ndern \u2013 darauf sind wir stolz. Die Informations- und Ticketing-Systeme von Bustec sind heute ein fester Bestandteil des \u00f6ffentlichen Verkehrs in zahlreichen L\u00e4ndern. Unsere Technologie bew\u00e4hrt sich selbst unter anspruchsvollen Bedingungen globaler Metropolen \u2013 von den eisigen Temperaturen Skandinaviens \u00fcber die dynamischen St\u00e4dte S\u00fcdamerikas, den dichten Verkehr deutscher Gro\u00dfst\u00e4dte bis hin zu den weiten urbanen R\u00e4umen Australiens.\n<\/div>\n<\/div><div class=\"bde-div-157-107 bde-div\">\n  \n  \n\t\n\n\n\n<div class=\"bde-div-157-108 bde-div\">\n  \n  \n\t\n\n\n\n<div class=\"bde-text-157-109 bde-text\">\nWarum entscheiden sich Verkehrsunternehmen weltweit f\u00fcr uns?\n<\/div><ul class=\"bde-basic-list-157-149 bde-basic-list\">\n  <li  >    \n          Bew\u00e4hrte Zuverl\u00e4ssigkeit \u2013 selbst unter extremen klimatischen und betrieblichen Bedingungen\n      <\/li>\n  <li  >    \n          Hohe Flexibilit\u00e4t \u2013 unsere Systeme lassen sich individuell an lokale Anforderungen anpassen\n      <\/li>\n  <li  >    \n          Qualit\u00e4t auf h\u00f6chstem Niveau \u2013 entwickelt und gefertigt nach den strengsten europ\u00e4ischen Standards\n      <\/li>\n  <li  >    \n          Schneller Support weltweit \u2013 kompetente Hilfe, wo und wann immer sie gebraucht wird\n      <\/li>\n<\/ul>\n<\/div>\n<\/div>\n<\/div><div class=\"bde-text-157-150 bde-text\" data-entrance=\"zoomIn\">\nIm Folgenden finden Sie eine vollst\u00e4ndige \u00dcbersicht unserer Referenzen, kategorisiert nach L\u00e4ndern und Projektarten.\n<\/div><div class=\"bde-post-loop-157-151 bde-post-loop\"><div class=\"bde-loop bde-loop-grid ee-posts ee-posts-grid\">    <article class=\"bde-loop-item ee-post\">\n        <div class='breakdance'><div class=\"bde-columns-869-100-868-869-1 bde-columns bde-columns-869-100\"><div class=\"bde-column-869-101-868-869-1 bde-column bde-column-869-101\">\n  \n  \n\t\n\n\n\n<img decoding=\"async\" class=\"bde-image2-869-102-868-869-1 bde-image2 bde-image2-869-102\" src=\"https:\/\/bustec.eu\/wp-content\/uploads\/2025\/04\/01-1.png\" loading=\"lazy\" srcset=\"https:\/\/bustec.eu\/wp-content\/uploads\/2025\/04\/01-1.png 421w, https:\/\/bustec.eu\/wp-content\/uploads\/2025\/04\/01-1-300x172.png 300w\" sizes=\"(max-width: 421px) 100vw, 421px\"><h2 class=\"bde-heading-869-103-868-869-1 bde-heading bde-heading-869-103\">\nPrag, Tschechische Republik\n<\/h2><div class=\"bde-text-869-104-868-869-1 bde-text bde-text-869-104\">\nDelivered more than 10 000 pcs information signs.\n<\/div><div class=\"bde-text-869-109-868-869-1 bde-text bde-text-869-109\">\n2013 - 2024\n<\/div>\n<\/div><\/div><\/div>    <\/article>\n    <article class=\"bde-loop-item ee-post\">\n        <div class='breakdance'><div class=\"bde-columns-869-100-867-869-1 bde-columns bde-columns-869-100\"><div class=\"bde-column-869-101-867-869-1 bde-column bde-column-869-101\">\n  \n  \n\t\n\n\n\n<img decoding=\"async\" class=\"bde-image2-869-102-867-869-1 bde-image2 bde-image2-869-102\" src=\"https:\/\/bustec.eu\/wp-content\/uploads\/2025\/04\/03-1.png\" loading=\"lazy\" srcset=\"https:\/\/bustec.eu\/wp-content\/uploads\/2025\/04\/03-1.png 421w, https:\/\/bustec.eu\/wp-content\/uploads\/2025\/04\/03-1-300x214.png 300w\" sizes=\"(max-width: 421px) 100vw, 421px\"><h2 class=\"bde-heading-869-103-867-869-1 bde-heading bde-heading-869-103\">\nSchwerin, Deutschland\n<\/h2><div class=\"bde-text-869-104-867-869-1 bde-text bde-text-869-104\">\nDelivered more than 10 000 pcs information signs.\n<\/div><div class=\"bde-text-869-109-867-869-1 bde-text bde-text-869-109\">\n2013 - 2020\n<\/div>\n<\/div><\/div><\/div>    <\/article>\n    <article class=\"bde-loop-item ee-post\">\n        <div class='breakdance'><div class=\"bde-columns-869-100-866-869-1 bde-columns bde-columns-869-100\"><div class=\"bde-column-869-101-866-869-1 bde-column bde-column-869-101\">\n  \n  \n\t\n\n\n\n<img decoding=\"async\" class=\"bde-image2-869-102-866-869-1 bde-image2 bde-image2-869-102\" src=\"https:\/\/bustec.eu\/wp-content\/uploads\/2025\/04\/04.png\" loading=\"lazy\" srcset=\"https:\/\/bustec.eu\/wp-content\/uploads\/2025\/04\/04.png 1280w, https:\/\/bustec.eu\/wp-content\/uploads\/2025\/04\/04-300x94.png 300w, https:\/\/bustec.eu\/wp-content\/uploads\/2025\/04\/04-1024x320.png 1024w, https:\/\/bustec.eu\/wp-content\/uploads\/2025\/04\/04-768x240.png 768w\" sizes=\"(max-width: 1280px) 100vw, 1280px\"><h2 class=\"bde-heading-869-103-866-869-1 bde-heading bde-heading-869-103\">\nSchwerin, Deutschland\n<\/h2><div class=\"bde-text-869-104-866-869-1 bde-text bde-text-869-104\">\nDelivered more than 10 000 pcs information signs.\n<\/div><div class=\"bde-text-869-109-866-869-1 bde-text bde-text-869-109\">\n2013 - 2024\n<\/div>\n<\/div><\/div><\/div>    <\/article>\n    <article class=\"bde-loop-item ee-post\">\n        <div class='breakdance'><div class=\"bde-columns-869-100-865-869-1 bde-columns bde-columns-869-100\"><div class=\"bde-column-869-101-865-869-1 bde-column bde-column-869-101\">\n  \n  \n\t\n\n\n\n<img decoding=\"async\" class=\"bde-image2-869-102-865-869-1 bde-image2 bde-image2-869-102\" src=\"https:\/\/bustec.eu\/wp-content\/uploads\/2025\/04\/Bustec_hyperresolution_Germany_summer_town_with_bus_in_st_5af3aed2-d4ba-4f00-8d3e-f48aafdae995_1-1.png\" loading=\"lazy\" srcset=\"https:\/\/bustec.eu\/wp-content\/uploads\/2025\/04\/Bustec_hyperresolution_Germany_summer_town_with_bus_in_st_5af3aed2-d4ba-4f00-8d3e-f48aafdae995_1-1.png 421w, https:\/\/bustec.eu\/wp-content\/uploads\/2025\/04\/Bustec_hyperresolution_Germany_summer_town_with_bus_in_st_5af3aed2-d4ba-4f00-8d3e-f48aafdae995_1-1-300x172.png 300w\" sizes=\"(max-width: 421px) 100vw, 421px\"><h2 class=\"bde-heading-869-103-865-869-1 bde-heading bde-heading-869-103\">\nBrisbane, Australien\n<\/h2><div class=\"bde-text-869-104-865-869-1 bde-text bde-text-869-104\">\nDelivered more than 10 000 pcs information signs.\n<\/div><div class=\"bde-text-869-109-865-869-1 bde-text bde-text-869-109\">\n2013 - 2020\n<\/div>\n<\/div><\/div><\/div>    <\/article>\n    <article class=\"bde-loop-item ee-post\">\n        <div class='breakdance'><div class=\"bde-columns-869-100-864-869-1 bde-columns bde-columns-869-100\"><div class=\"bde-column-869-101-864-869-1 bde-column bde-column-869-101\">\n  \n  \n\t\n\n\n\n<img decoding=\"async\" class=\"bde-image2-869-102-864-869-1 bde-image2 bde-image2-869-102\" src=\"https:\/\/bustec.eu\/wp-content\/uploads\/2025\/04\/02-1.png\" loading=\"lazy\" srcset=\"https:\/\/bustec.eu\/wp-content\/uploads\/2025\/04\/02-1.png 421w, https:\/\/bustec.eu\/wp-content\/uploads\/2025\/04\/02-1-300x214.png 300w\" sizes=\"(max-width: 421px) 100vw, 421px\"><h2 class=\"bde-heading-869-103-864-869-1 bde-heading bde-heading-869-103\">\nBukarest, Rom\u00e4nien\n<\/h2><div class=\"bde-text-869-104-864-869-1 bde-text bde-text-869-104\">\nDelivered more than 10 000 pcs information signs.\n<\/div><div class=\"bde-text-869-109-864-869-1 bde-text bde-text-869-109\">\n2013 - 2024\n<\/div>\n<\/div><\/div><\/div>    <\/article>\n    <article class=\"bde-loop-item ee-post\">\n        <div class='breakdance'><div class=\"bde-columns-869-100-863-869-1 bde-columns bde-columns-869-100\"><div class=\"bde-column-869-101-863-869-1 bde-column bde-column-869-101\">\n  \n  \n\t\n\n\n\n<img decoding=\"async\" class=\"bde-image2-869-102-863-869-1 bde-image2 bde-image2-869-102\" src=\"https:\/\/bustec.eu\/wp-content\/uploads\/2025\/04\/05-1-1.png\" loading=\"lazy\" srcset=\"https:\/\/bustec.eu\/wp-content\/uploads\/2025\/04\/05-1-1.png 421w, https:\/\/bustec.eu\/wp-content\/uploads\/2025\/04\/05-1-1-300x172.png 300w\" sizes=\"(max-width: 421px) 100vw, 421px\"><h2 class=\"bde-heading-869-103-863-869-1 bde-heading bde-heading-869-103\">\nDe Lijn, Belgien\n<\/h2><div class=\"bde-text-869-104-863-869-1 bde-text bde-text-869-104\">\nDelivered more than 10 000 pcs information signs.\n<\/div><div class=\"bde-text-869-109-863-869-1 bde-text bde-text-869-109\">\n2013 - 2024\n<\/div>\n<\/div><\/div><\/div>    <\/article>\n<\/div>\r\n<\/div><h2 class=\"bde-heading-157-144 bde-heading\">\nCustomers\n<\/h2><img decoding=\"async\" class=\"bde-image2-157-145 bde-image2\" src=\"https:\/\/bustec.eu\/wp-content\/uploads\/2025\/04\/image-3-1-1.png\" loading=\"lazy\" srcset=\"https:\/\/bustec.eu\/wp-content\/uploads\/2025\/04\/image-3-1-1.png 958w, https:\/\/bustec.eu\/wp-content\/uploads\/2025\/04\/image-3-1-1-300x100.png 300w, https:\/\/bustec.eu\/wp-content\/uploads\/2025\/04\/image-3-1-1-768x256.png 768w\" sizes=\"(max-width: 958px) 100vw, 958px\"><\/div>\n<\/section><\/div>","protected":false},"excerpt":{"rendered":"<p>Our References Around the World More than 150 satisfied customers in 25 countries. We are proud that Bustec information and ticketing systems are an integral part of public transport in dozens of countries. Our technology performs reliably even in the demanding conditions of global metropolises \u2013 from the freezing climates of Scandinavia to the dynamic [&hellip;]<\/p>\n","protected":false},"author":1,"featured_media":0,"parent":0,"menu_order":0,"comment_status":"closed","ping_status":"closed","template":"","meta":{"_acf_changed":false,"_breakdance_hide_in_design_set":false,"_breakdance_tags":"","footnotes":""},"class_list":["post-157","page","type-page","status-publish","hentry"],"acf":[],"yoast_head":"<!-- This site is optimized with the Yoast SEO plugin v27.2 - https:\/\/yoast.com\/product\/yoast-seo-wordpress\/ -->\n<title>References - Bustec<\/title>\n<meta name=\"robots\" content=\"index, follow, max-snippet:-1, max-image-preview:large, max-video-preview:-1\" \/>\n<link rel=\"canonical\" href=\"https:\/\/bustec.eu\/de\/references\/\" \/>\n<meta property=\"og:locale\" content=\"de_DE\" \/>\n<meta property=\"og:type\" content=\"article\" \/>\n<meta property=\"og:title\" content=\"References - Bustec\" \/>\n<meta property=\"og:description\" content=\"Our References Around the World More than 150 satisfied customers in 25 countries. We are proud that Bustec information and ticketing systems are an integral part of public transport in dozens of countries. Our technology performs reliably even in the demanding conditions of global metropolises \u2013 from the freezing climates of Scandinavia to the dynamic [&hellip;]\" \/>\n<meta property=\"og:url\" content=\"https:\/\/bustec.eu\/de\/references\/\" \/>\n<meta property=\"og:site_name\" content=\"Bustec\" \/>\n<meta property=\"article:modified_time\" content=\"2026-02-04T09:31:59+00:00\" \/>\n<meta name=\"twitter:card\" content=\"summary_large_image\" \/>\n<script type=\"application\/ld+json\" class=\"yoast-schema-graph\">{\"@context\":\"https:\/\/schema.org\",\"@graph\":[{\"@type\":\"WebPage\",\"@id\":\"https:\/\/bustec.eu\/references\/\",\"url\":\"https:\/\/bustec.eu\/references\/\",\"name\":\"References - Bustec\",\"isPartOf\":{\"@id\":\"https:\/\/bustec.eu\/#website\"},\"datePublished\":\"2025-04-29T21:19:17+00:00\",\"dateModified\":\"2026-02-04T09:31:59+00:00\",\"breadcrumb\":{\"@id\":\"https:\/\/bustec.eu\/references\/#breadcrumb\"},\"inLanguage\":\"de\",\"potentialAction\":[{\"@type\":\"ReadAction\",\"target\":[\"https:\/\/bustec.eu\/references\/\"]}]},{\"@type\":\"BreadcrumbList\",\"@id\":\"https:\/\/bustec.eu\/references\/#breadcrumb\",\"itemListElement\":[{\"@type\":\"ListItem\",\"position\":1,\"name\":\"Home\",\"item\":\"https:\/\/bustec.eu\/\"},{\"@type\":\"ListItem\",\"position\":2,\"name\":\"References\"}]},{\"@type\":\"WebSite\",\"@id\":\"https:\/\/bustec.eu\/#website\",\"url\":\"https:\/\/bustec.eu\/\",\"name\":\"Bustec\",\"description\":\"\",\"potentialAction\":[{\"@type\":\"SearchAction\",\"target\":{\"@type\":\"EntryPoint\",\"urlTemplate\":\"https:\/\/bustec.eu\/?s={search_term_string}\"},\"query-input\":{\"@type\":\"PropertyValueSpecification\",\"valueRequired\":true,\"valueName\":\"search_term_string\"}}],\"inLanguage\":\"de\"}]}<\/script>\n<!-- \/ Yoast SEO plugin. -->","yoast_head_json":{"title":"References - Bustec","robots":{"index":"index","follow":"follow","max-snippet":"max-snippet:-1","max-image-preview":"max-image-preview:large","max-video-preview":"max-video-preview:-1"},"canonical":"https:\/\/bustec.eu\/de\/references\/","og_locale":"de_DE","og_type":"article","og_title":"References - Bustec","og_description":"Our References Around the World More than 150 satisfied customers in 25 countries. We are proud that Bustec information and ticketing systems are an integral part of public transport in dozens of countries. Our technology performs reliably even in the demanding conditions of global metropolises \u2013 from the freezing climates of Scandinavia to the dynamic [&hellip;]","og_url":"https:\/\/bustec.eu\/de\/references\/","og_site_name":"Bustec","article_modified_time":"2026-02-04T09:31:59+00:00","twitter_card":"summary_large_image","schema":{"@context":"https:\/\/schema.org","@graph":[{"@type":"WebPage","@id":"https:\/\/bustec.eu\/references\/","url":"https:\/\/bustec.eu\/references\/","name":"References - Bustec","isPartOf":{"@id":"https:\/\/bustec.eu\/#website"},"datePublished":"2025-04-29T21:19:17+00:00","dateModified":"2026-02-04T09:31:59+00:00","breadcrumb":{"@id":"https:\/\/bustec.eu\/references\/#breadcrumb"},"inLanguage":"de","potentialAction":[{"@type":"ReadAction","target":["https:\/\/bustec.eu\/references\/"]}]},{"@type":"BreadcrumbList","@id":"https:\/\/bustec.eu\/references\/#breadcrumb","itemListElement":[{"@type":"ListItem","position":1,"name":"Home","item":"https:\/\/bustec.eu\/"},{"@type":"ListItem","position":2,"name":"References"}]},{"@type":"WebSite","@id":"https:\/\/bustec.eu\/#website","url":"https:\/\/bustec.eu\/","name":"Bustec","description":"","potentialAction":[{"@type":"SearchAction","target":{"@type":"EntryPoint","urlTemplate":"https:\/\/bustec.eu\/?s={search_term_string}"},"query-input":{"@type":"PropertyValueSpecification","valueRequired":true,"valueName":"search_term_string"}}],"inLanguage":"de"}]}},"_links":{"self":[{"href":"https:\/\/bustec.eu\/de\/wp-json\/wp\/v2\/pages\/157","targetHints":{"allow":["GET"]}}],"collection":[{"href":"https:\/\/bustec.eu\/de\/wp-json\/wp\/v2\/pages"}],"about":[{"href":"https:\/\/bustec.eu\/de\/wp-json\/wp\/v2\/types\/page"}],"author":[{"embeddable":true,"href":"https:\/\/bustec.eu\/de\/wp-json\/wp\/v2\/users\/1"}],"replies":[{"embeddable":true,"href":"https:\/\/bustec.eu\/de\/wp-json\/wp\/v2\/comments?post=157"}],"version-history":[{"count":15,"href":"https:\/\/bustec.eu\/de\/wp-json\/wp\/v2\/pages\/157\/revisions"}],"predecessor-version":[{"id":1050,"href":"https:\/\/bustec.eu\/de\/wp-json\/wp\/v2\/pages\/157\/revisions\/1050"}],"wp:attachment":[{"href":"https:\/\/bustec.eu\/de\/wp-json\/wp\/v2\/media?parent=157"}],"curies":[{"name":"wp","href":"https:\/\/api.w.org\/{rel}","templated":true}]}}