{"id":107,"date":"2025-04-29T20:34:43","date_gmt":"2025-04-29T20:34:43","guid":{"rendered":"https:\/\/bustec.eu\/?page_id=107"},"modified":"2026-02-04T10:03:07","modified_gmt":"2026-02-04T09:03:07","slug":"products","status":"publish","type":"page","link":"https:\/\/bustec.eu\/de\/products\/","title":{"rendered":"Produkte"},"content":{"rendered":"<div class='breakdance'><section class=\"bde-section-107-100 bde-section\">\n  \n  \n\t\n\n\n\n<div class=\"section-container\"><\/div>\n<\/section><section class=\"bde-section-107-101 bde-section\">\n  \n  \n\t\n\n\n\n<div class=\"section-container\"><div class=\"bde-div-107-102 bde-div\">\n  \n  \n\t\n\n\n\n<h1 class=\"bde-heading-107-103 bde-heading\" data-entrance=\"zoomIn\">\nPassenger information systems made by bustec \u2013\u00a0groundbreaking technology\n<\/h1>\n<\/div><div class=\"bde-div-107-194 bde-div\">\n  \n  \n\t\n\n\n\n<div class=\"bde-div-107-195 bde-div\">\n  \n  \n\t\n\n\n\n<div class=\"bde-text-107-107 bde-text\">\nWir setzen auf leichte Geh\u00e4use, ... || Als OEM-Hersteller (Original Equipment Manufacturer) entwickelt, produziert und liefert Bustec zukunftsweisende Fahrgastinformationssysteme f\u00fcr Busse, Z\u00fcge und Haltestellen. Merkmale wie leichte Geh\u00e4use, funktionsorientiertes Design, hochwertige Materialien und Komponenten sowie optimale Energieeffizienz zeichnen die aktuelle Ger\u00e4tegeneration von Bustec aus \u2013 sowohl f\u00fcr mobile Anwendungen in Fahrzeugen als auch f\u00fcr station\u00e4re L\u00f6sungen an Haltestellen.\n<\/div>\n<\/div><div class=\"bde-div-107-108 bde-div\">\n  \n  \n\t\n\n\n\n<div class=\"bde-div-107-110 bde-div\">\n  \n  \n\t\n\n\n\n<div class=\"bde-text-107-111 bde-text\">\nDiese Eigenschaften definieren die neueste Generation von Bustec-Systemen im Bereich der Fahrgastinformation \u2013 f\u00fcr einen modernen, zuverl\u00e4ssigen und nachhaltigen \u00f6ffentlichen Verkehr.\n<\/div>\n<\/div><div class=\"bde-div-107-112 bde-div\">\n  \n  \n\t\n\n\n\n<div class=\"bde-text-107-113 bde-text\">\nLeichtes Geh\u00e4use. Modernes Design. <br>Hochwertige Komponenten.\n<\/div>\n<\/div>\n<\/div>\n<\/div><div class=\"bde-term-loop-107-193 bde-term-loop\"><div class=\"bde-loop bde-loop-grid ee-posts ee-posts-grid\">    <article class=\"bde-loop-item ee-post\">\n        <div class='breakdance'><a class=\"bde-container-link-328-105-328-1 bde-container-link bde-container-link-328-105 breakdance-link\" href=\"https:\/\/bustec.eu\/de\/product-category\/announcement-technology-natural\/\" target=\"_self\" data-type=\"url\">\n  \n  \n\t\n\n\n\n<div class=\"bde-div-328-100-328-1 bde-div bde-div-328-100\">\n  \n  \n\t\n\n\n\n<img decoding=\"async\" class=\"bde-image2-328-101-328-1 bde-image2 bde-image2-328-101\" src=\"https:\/\/bustec.eu\/wp-content\/uploads\/2025\/06\/image-4.jpg\" loading=\"lazy\" srcset=\"https:\/\/bustec.eu\/wp-content\/uploads\/2025\/06\/image-4.jpg 451w, https:\/\/bustec.eu\/wp-content\/uploads\/2025\/06\/image-4-300x167.jpg 300w\" sizes=\"(max-width: 451px) 100vw, 451px\"><div class=\"bde-div-328-102-328-1 bde-div bde-div-328-102\">\n  \n  \n\t\n\n\n\n<h2 class=\"bde-heading-328-103-328-1 bde-heading bde-heading-328-103\">\nAnsagetechnologie NATURAL\n<\/h2><div class=\"bde-icon-328-104-328-1 bde-icon bde-icon-328-104\">\n\n    \n            <div class=\"bde-icon-icon breakdance-icon-atom\" >\n    \n                    <svg xmlns=\"http:\/\/www.w3.org\/2000\/svg\" width=\"36\" height=\"36\" viewbox=\"0 0 36 36\" fill=\"none\">\r\n<rect x=\"0.5\" y=\"0.3125\" width=\"35\" height=\"35\" rx=\"2\" fill=\"#F79234\"\/>\r\n<rect x=\"8\" y=\"16.8125\" width=\"20\" height=\"2\" fill=\"black\"\/>\r\n<rect x=\"19\" y=\"7.8125\" width=\"20\" height=\"2\" transform=\"rotate(90 19 7.8125)\" fill=\"black\"\/>\r\n<\/svg>\n        \n        \n        \n            <\/div>\n    \n\n\n<\/div>\n<\/div>\n<\/div>\n\n<\/a><\/div>    <\/article>\n    <article class=\"bde-loop-item ee-post\">\n        <div class='breakdance'><a class=\"bde-container-link-328-105-328-2 bde-container-link bde-container-link-328-105 breakdance-link\" href=\"https:\/\/bustec.eu\/de\/product-category\/led-interior-display-authentic\/\" target=\"_self\" data-type=\"url\">\n  \n  \n\t\n\n\n\n<div class=\"bde-div-328-100-328-2 bde-div bde-div-328-100\">\n  \n  \n\t\n\n\n\n<img decoding=\"async\" class=\"bde-image2-328-101-328-2 bde-image2 bde-image2-328-101\" src=\"https:\/\/bustec.eu\/wp-content\/uploads\/2025\/06\/image-1.jpg\" loading=\"lazy\" srcset=\"https:\/\/bustec.eu\/wp-content\/uploads\/2025\/06\/image-1.jpg 451w, https:\/\/bustec.eu\/wp-content\/uploads\/2025\/06\/image-1-300x166.jpg 300w\" sizes=\"(max-width: 451px) 100vw, 451px\"><div class=\"bde-div-328-102-328-2 bde-div bde-div-328-102\">\n  \n  \n\t\n\n\n\n<h2 class=\"bde-heading-328-103-328-2 bde-heading bde-heading-328-103\">\nLED-Innendisplay AUTHENTIC\n<\/h2><div class=\"bde-icon-328-104-328-2 bde-icon bde-icon-328-104\">\n\n    \n            <div class=\"bde-icon-icon breakdance-icon-atom\" >\n    \n                    <svg xmlns=\"http:\/\/www.w3.org\/2000\/svg\" width=\"36\" height=\"36\" viewbox=\"0 0 36 36\" fill=\"none\">\r\n<rect x=\"0.5\" y=\"0.3125\" width=\"35\" height=\"35\" rx=\"2\" fill=\"#F79234\"\/>\r\n<rect x=\"8\" y=\"16.8125\" width=\"20\" height=\"2\" fill=\"black\"\/>\r\n<rect x=\"19\" y=\"7.8125\" width=\"20\" height=\"2\" transform=\"rotate(90 19 7.8125)\" fill=\"black\"\/>\r\n<\/svg>\n        \n        \n        \n            <\/div>\n    \n\n\n<\/div>\n<\/div>\n<\/div>\n\n<\/a><\/div>    <\/article>\n    <article class=\"bde-loop-item ee-post\">\n        <div class='breakdance'><a class=\"bde-container-link-328-105-328-3 bde-container-link bde-container-link-328-105 breakdance-link\" href=\"https:\/\/bustec.eu\/de\/product-category\/led-outdoor-display-eco\/\" target=\"_self\" data-type=\"url\">\n  \n  \n\t\n\n\n\n<div class=\"bde-div-328-100-328-3 bde-div bde-div-328-100\">\n  \n  \n\t\n\n\n\n<img decoding=\"async\" class=\"bde-image2-328-101-328-3 bde-image2 bde-image2-328-101\" src=\"https:\/\/bustec.eu\/wp-content\/uploads\/2025\/06\/image.jpg\" loading=\"lazy\" srcset=\"https:\/\/bustec.eu\/wp-content\/uploads\/2025\/06\/image.jpg 451w, https:\/\/bustec.eu\/wp-content\/uploads\/2025\/06\/image-300x166.jpg 300w\" sizes=\"(max-width: 451px) 100vw, 451px\"><div class=\"bde-div-328-102-328-3 bde-div bde-div-328-102\">\n  \n  \n\t\n\n\n\n<h2 class=\"bde-heading-328-103-328-3 bde-heading bde-heading-328-103\">\nLED-Au\u00dfendisplay ECO\n<\/h2><div class=\"bde-icon-328-104-328-3 bde-icon bde-icon-328-104\">\n\n    \n            <div class=\"bde-icon-icon breakdance-icon-atom\" >\n    \n                    <svg xmlns=\"http:\/\/www.w3.org\/2000\/svg\" width=\"36\" height=\"36\" viewbox=\"0 0 36 36\" fill=\"none\">\r\n<rect x=\"0.5\" y=\"0.3125\" width=\"35\" height=\"35\" rx=\"2\" fill=\"#F79234\"\/>\r\n<rect x=\"8\" y=\"16.8125\" width=\"20\" height=\"2\" fill=\"black\"\/>\r\n<rect x=\"19\" y=\"7.8125\" width=\"20\" height=\"2\" transform=\"rotate(90 19 7.8125)\" fill=\"black\"\/>\r\n<\/svg>\n        \n        \n        \n            <\/div>\n    \n\n\n<\/div>\n<\/div>\n<\/div>\n\n<\/a><\/div>    <\/article>\n    <article class=\"bde-loop-item ee-post\">\n        <div class='breakdance'><a class=\"bde-container-link-328-105-328-4 bde-container-link bde-container-link-328-105 breakdance-link\" href=\"https:\/\/bustec.eu\/de\/product-category\/stationary-led-display-preview\/\" target=\"_self\" data-type=\"url\">\n  \n  \n\t\n\n\n\n<div class=\"bde-div-328-100-328-4 bde-div bde-div-328-100\">\n  \n  \n\t\n\n\n\n<img decoding=\"async\" class=\"bde-image2-328-101-328-4 bde-image2 bde-image2-328-101\" src=\"https:\/\/bustec.eu\/wp-content\/uploads\/2025\/06\/image-6.jpg\" loading=\"lazy\" srcset=\"https:\/\/bustec.eu\/wp-content\/uploads\/2025\/06\/image-6.jpg 451w, https:\/\/bustec.eu\/wp-content\/uploads\/2025\/06\/image-6-300x167.jpg 300w\" sizes=\"(max-width: 451px) 100vw, 451px\"><div class=\"bde-div-328-102-328-4 bde-div bde-div-328-102\">\n  \n  \n\t\n\n\n\n<h2 class=\"bde-heading-328-103-328-4 bde-heading bde-heading-328-103\">\nStation\u00e4res LED-Display PREVIEW\n<\/h2><div class=\"bde-icon-328-104-328-4 bde-icon bde-icon-328-104\">\n\n    \n            <div class=\"bde-icon-icon breakdance-icon-atom\" >\n    \n                    <svg xmlns=\"http:\/\/www.w3.org\/2000\/svg\" width=\"36\" height=\"36\" viewbox=\"0 0 36 36\" fill=\"none\">\r\n<rect x=\"0.5\" y=\"0.3125\" width=\"35\" height=\"35\" rx=\"2\" fill=\"#F79234\"\/>\r\n<rect x=\"8\" y=\"16.8125\" width=\"20\" height=\"2\" fill=\"black\"\/>\r\n<rect x=\"19\" y=\"7.8125\" width=\"20\" height=\"2\" transform=\"rotate(90 19 7.8125)\" fill=\"black\"\/>\r\n<\/svg>\n        \n        \n        \n            <\/div>\n    \n\n\n<\/div>\n<\/div>\n<\/div>\n\n<\/a><\/div>    <\/article>\n    <article class=\"bde-loop-item ee-post\">\n        <div class='breakdance'><a class=\"bde-container-link-328-105-328-5 bde-container-link bde-container-link-328-105 breakdance-link\" href=\"https:\/\/bustec.eu\/de\/product-category\/tft-infodisplay-connect\/\" target=\"_self\" data-type=\"url\">\n  \n  \n\t\n\n\n\n<div class=\"bde-div-328-100-328-5 bde-div bde-div-328-100\">\n  \n  \n\t\n\n\n\n<img decoding=\"async\" class=\"bde-image2-328-101-328-5 bde-image2 bde-image2-328-101\" src=\"https:\/\/bustec.eu\/wp-content\/uploads\/2025\/06\/image-2.jpg\" loading=\"lazy\" srcset=\"https:\/\/bustec.eu\/wp-content\/uploads\/2025\/06\/image-2.jpg 451w, https:\/\/bustec.eu\/wp-content\/uploads\/2025\/06\/image-2-300x167.jpg 300w\" sizes=\"(max-width: 451px) 100vw, 451px\"><div class=\"bde-div-328-102-328-5 bde-div bde-div-328-102\">\n  \n  \n\t\n\n\n\n<h2 class=\"bde-heading-328-103-328-5 bde-heading bde-heading-328-103\">\nTFT-Infodisplay CONNECT\n<\/h2><div class=\"bde-icon-328-104-328-5 bde-icon bde-icon-328-104\">\n\n    \n            <div class=\"bde-icon-icon breakdance-icon-atom\" >\n    \n                    <svg xmlns=\"http:\/\/www.w3.org\/2000\/svg\" width=\"36\" height=\"36\" viewbox=\"0 0 36 36\" fill=\"none\">\r\n<rect x=\"0.5\" y=\"0.3125\" width=\"35\" height=\"35\" rx=\"2\" fill=\"#F79234\"\/>\r\n<rect x=\"8\" y=\"16.8125\" width=\"20\" height=\"2\" fill=\"black\"\/>\r\n<rect x=\"19\" y=\"7.8125\" width=\"20\" height=\"2\" transform=\"rotate(90 19 7.8125)\" fill=\"black\"\/>\r\n<\/svg>\n        \n        \n        \n            <\/div>\n    \n\n\n<\/div>\n<\/div>\n<\/div>\n\n<\/a><\/div>    <\/article>\n    <article class=\"bde-loop-item ee-post\">\n        <div class='breakdance'><a class=\"bde-container-link-328-105-328-6 bde-container-link bde-container-link-328-105 breakdance-link\" href=\"https:\/\/bustec.eu\/de\/product-category\/vision-control-units\/\" target=\"_self\" data-type=\"url\">\n  \n  \n\t\n\n\n\n<div class=\"bde-div-328-100-328-6 bde-div bde-div-328-100\">\n  \n  \n\t\n\n\n\n<img decoding=\"async\" class=\"bde-image2-328-101-328-6 bde-image2 bde-image2-328-101\" src=\"https:\/\/bustec.eu\/wp-content\/uploads\/2025\/06\/image-3.jpg\" loading=\"lazy\" srcset=\"https:\/\/bustec.eu\/wp-content\/uploads\/2025\/06\/image-3.jpg 451w, https:\/\/bustec.eu\/wp-content\/uploads\/2025\/06\/image-3-300x167.jpg 300w\" sizes=\"(max-width: 451px) 100vw, 451px\"><div class=\"bde-div-328-102-328-6 bde-div bde-div-328-102\">\n  \n  \n\t\n\n\n\n<h2 class=\"bde-heading-328-103-328-6 bde-heading bde-heading-328-103\">\nVISION-Steuerger\u00e4te\n<\/h2><div class=\"bde-icon-328-104-328-6 bde-icon bde-icon-328-104\">\n\n    \n            <div class=\"bde-icon-icon breakdance-icon-atom\" >\n    \n                    <svg xmlns=\"http:\/\/www.w3.org\/2000\/svg\" width=\"36\" height=\"36\" viewbox=\"0 0 36 36\" fill=\"none\">\r\n<rect x=\"0.5\" y=\"0.3125\" width=\"35\" height=\"35\" rx=\"2\" fill=\"#F79234\"\/>\r\n<rect x=\"8\" y=\"16.8125\" width=\"20\" height=\"2\" fill=\"black\"\/>\r\n<rect x=\"19\" y=\"7.8125\" width=\"20\" height=\"2\" transform=\"rotate(90 19 7.8125)\" fill=\"black\"\/>\r\n<\/svg>\n        \n        \n        \n            <\/div>\n    \n\n\n<\/div>\n<\/div>\n<\/div>\n\n<\/a><\/div>    <\/article>\n<\/div><\/div><h2 class=\"bde-heading-107-149 bde-heading\">\nFahrgastinformationssysteme f\u00fcr Bus und Bahn\n<\/h2><img decoding=\"async\" class=\"bde-image2-107-150 bde-image2\" src=\"https:\/\/bustec.eu\/wp-content\/uploads\/2025\/04\/09.png\" loading=\"lazy\" srcset=\"https:\/\/bustec.eu\/wp-content\/uploads\/2025\/04\/09.png 920w, https:\/\/bustec.eu\/wp-content\/uploads\/2025\/04\/09-300x98.png 300w, https:\/\/bustec.eu\/wp-content\/uploads\/2025\/04\/09-768x251.png 768w\" sizes=\"(max-width: 920px) 100vw, 920px\"><div class=\"bde-div-107-196 bde-div\">\n  \n  \n\t\n\n\n\n<div class=\"bde-div-107-197 bde-div\">\n  \n  \n\t\n\n\n\n<div class=\"bde-text-107-153 bde-text\">\nIn Deutschland erwartet der durchschnittliche Fahrgast heute Echtzeit-Updates zu ankommenden Bussen, noch bevor das Fahrzeug die Haltestelle erreicht.\n<\/div>\n<\/div><div class=\"bde-div-107-198 bde-div\">\n  \n  \n\t\n\n\n\n<div class=\"bde-text-107-156 bde-text\">\nW\u00e4hrend der Fahrt erwarten Fahrg\u00e4ste heute aktuelle Standortinformationen in Echtzeit. F\u00fcr Menschen, die nicht lesen k\u00f6nnen oder sehbehindert sind, sind alternative Informationsformen unverzichtbar \u2013 etwa durch akustische Ansagesysteme. Gleichzeitig m\u00fcssen visuelle Fahrgastinformationsanzeigen intuitiv bedienbar und visuell ansprechend sein \u2013 idealerweise mit Infotainment-Elementen, die nicht nur informieren, sondern auch unterhalten.\n<\/div>\n<\/div>\n<\/div><h2 class=\"bde-heading-107-162 bde-heading\">\nWarum sind Fahrgastinformationssysteme so wichtig?\n<\/h2><div class=\"bde-div-107-200 bde-div\">\n  \n  \n\t\n\n\n\n<div class=\"bde-div-107-201 bde-div\">\n  \n  \n\t\n\n\n\n<div class=\"bde-text-107-176 bde-text\">\nDie Bereitstellung klarer und strukturierter Informationen ist ebenso entscheidend wie die betriebliche Effizienz. Zufriedene Fahrg\u00e4ste, die genau wissen, wann der n\u00e4chste Bus abf\u00e4hrt oder welche Haltestelle als N\u00e4chstes kommt, sind ein zentraler Erfolgsfaktor f\u00fcr jedes Verkehrsunternehmen.<br><br>Daher konzentrieren wir uns ausschlie\u00dflich auf Fahrgast-Infotainment. Mit jahrelanger Erfahrung und tiefgreifender technischer Expertise entwickeln wir sowohl visuelle als auch akustische Infotainment-Systeme, die Fahrg\u00e4ste informieren, orientieren und unterhalten.\n<\/div>\n<\/div><img decoding=\"async\" class=\"bde-image2-107-179 bde-image2\" src=\"https:\/\/bustec.eu\/wp-content\/uploads\/2025\/04\/02.png\" loading=\"lazy\" srcset=\"https:\/\/bustec.eu\/wp-content\/uploads\/2025\/04\/02.png 421w, https:\/\/bustec.eu\/wp-content\/uploads\/2025\/04\/02-300x214.png 300w\" sizes=\"(max-width: 421px) 100vw, 421px\">\n<\/div><h2 class=\"bde-heading-107-180 bde-heading\">\nFahrgastinformationssysteme von Bustec \u2013 f\u00fcr jeden Einsatzbereich\n<\/h2><div class=\"bde-div-107-202 bde-div\">\n  \n  \n\t\n\n\n\n<img decoding=\"async\" class=\"bde-image2-107-185 bde-image2\" src=\"https:\/\/bustec.eu\/wp-content\/uploads\/2025\/04\/06.png\" loading=\"lazy\" srcset=\"https:\/\/bustec.eu\/wp-content\/uploads\/2025\/04\/06.png 421w, https:\/\/bustec.eu\/wp-content\/uploads\/2025\/04\/06-300x214.png 300w\" sizes=\"(max-width: 421px) 100vw, 421px\"><div class=\"bde-div-107-203 bde-div\">\n  \n  \n\t\n\n\n\n<div class=\"bde-text-107-183 bde-text\">\nAls Hersteller von Fahrgastinformationssystemen konzipiert, gestaltet und entwickelt Bustec umfassende L\u00f6sungen f\u00fcr Busse, Stra\u00dfenbahnen, Z\u00fcge und station\u00e4re Haltestellen. Das Portfolio umfasst sowohl statische als auch dynamische Systeme, sodass Verkehrsbetriebe eine Komplettl\u00f6sung aus einer Hand erhalten \u2013 von Au\u00dfenanzeigen mit Zielhaltestellen \u00fcber visuelle und akustische Innenanzeigen bis hin zu zentralen Steuerger\u00e4ten und Softwareplattformen.<br><br>Zus\u00e4tzlich bieten wir passende Innenanzeigesysteme f\u00fcr Busse, die beispielsweise die n\u00e4chste Haltestelle anzeigen, sowie Anzeigetafeln f\u00fcr Bushaltestellen. Alle Komponenten lassen sich zentral \u00fcber das Bustec-Bordrechnersystem (RBL, ITCS) verwalten.\n<\/div>\n<\/div>\n<\/div><h2 class=\"bde-heading-107-186 bde-heading\">\nPreis\u00fcbersicht unserer Fahrgastinformationssysteme\n<\/h2><div class=\"bde-div-107-206 bde-div\">\n  \n  \n\t\n\n\n\n<div class=\"bde-div-107-207 bde-div\">\n  \n  \n\t\n\n\n\n<div class=\"bde-text-107-189 bde-text\">\nMit einem breiten L\u00f6sungsangebot in jeder Produktkategorie k\u00f6nnen wir unsere Systeme flexibel an Ihr Budget und Ihre Anforderungen anpassen. Im Bereich der LED-Au\u00dfendisplays f\u00fcr Busse und Z\u00fcge bieten wir sowohl kosteng\u00fcnstige einfarbige Modelle als auch hochwertige mehrfarbige Varianten mit erweiterten Funktionen an. Technologisch setzt Bustec auf LED- und TFT-basierte Systeme, um f\u00fcr jede Anwendung die passende Anzeige-L\u00f6sung bereitzustellen \u2013 ob f\u00fcr den mobilen Einsatz im Fahrzeug oder f\u00fcr station\u00e4re Haltestellen.\n<\/div>\n<\/div><div class=\"bde-div-107-209 bde-div\">\n  \n  \n\t\n\n\n\n<div class=\"bde-text-107-191 bde-text\">\nF\u00fcr unsere Steuerger\u00e4te und Ansagesysteme bieten wir sowohl Basismodelle als auch erweiterte Varianten mit zus\u00e4tzlichen Funktionen. Gerne unterst\u00fctzen wir Sie in einem pers\u00f6nlichen Beratungsgespr\u00e4ch dabei, die L\u00f6sung zu finden, die am besten zu den Anforderungen Ihres Unternehmens oder Ihrer Kommune passt. Gemeinsam definieren wir Ihre Bed\u00fcrfnisse und ermitteln das optimale System sowie die passenden Komponenten f\u00fcr eine effektive Fahrgastinformation. Kontaktieren Sie uns unverbindlich \u2013 wir freuen uns auf Ihre Anfrage.\n<\/div>\n<\/div>\n<\/div><div class=\"bde-button-107-192 bde-button\">\n    \n                        \n                        \n    \n    \n    \n    \n            \n                    \n            \n            \n\n    \n    \n    \n    \n    \n    <a class=\"breakdance-link button-atom button-atom--custom bde-button__button\" href=\"https:\/\/bustec.eu\/de\/contact\/\" target=\"_self\" data-type=\"url\"  >\n\n    \n        <span class=\"button-atom__text\">KONTAKT AUFNEHMEN<\/span>\n\n        \n        \n                <\/a>\n\n    \n\n\n<\/div><\/div>\n<\/section><\/div>","protected":false},"excerpt":{"rendered":"<p>Passenger information systems made by bustec \u2013\u00a0groundbreaking technology We focus on Lightweight housings, &#8230; || As an OEM manufacturer (Original Equipment Manufacturer) bustec develops, produces and supplies trend-setting passenger information systems for buses, trains and bus stops. Lightweight enclosures, purpose-driven design, premium-quality materials and components, and optimal energy efficiency \u2013 these are the outstanding features [&hellip;]<\/p>\n","protected":false},"author":1,"featured_media":0,"parent":0,"menu_order":0,"comment_status":"closed","ping_status":"closed","template":"","meta":{"_acf_changed":false,"_breakdance_hide_in_design_set":false,"_breakdance_tags":"","footnotes":""},"class_list":["post-107","page","type-page","status-publish","hentry"],"acf":[],"yoast_head":"<!-- This site is optimized with the Yoast SEO plugin v27.2 - https:\/\/yoast.com\/product\/yoast-seo-wordpress\/ -->\n<title>Products - Bustec<\/title>\n<meta name=\"robots\" content=\"index, follow, max-snippet:-1, max-image-preview:large, max-video-preview:-1\" \/>\n<link rel=\"canonical\" href=\"https:\/\/bustec.eu\/de\/products\/\" \/>\n<meta property=\"og:locale\" content=\"de_DE\" \/>\n<meta property=\"og:type\" content=\"article\" \/>\n<meta property=\"og:title\" content=\"Products - Bustec\" \/>\n<meta property=\"og:description\" content=\"Passenger information systems made by bustec \u2013\u00a0groundbreaking technology We focus on Lightweight housings, ... || As an OEM manufacturer (Original Equipment Manufacturer) bustec develops, produces and supplies trend-setting passenger information systems for buses, trains and bus stops. Lightweight enclosures, purpose-driven design, premium-quality materials and components, and optimal energy efficiency \u2013 these are the outstanding features [&hellip;]\" \/>\n<meta property=\"og:url\" content=\"https:\/\/bustec.eu\/de\/products\/\" \/>\n<meta property=\"og:site_name\" content=\"Bustec\" \/>\n<meta property=\"article:modified_time\" content=\"2026-02-04T09:03:07+00:00\" \/>\n<meta name=\"twitter:card\" content=\"summary_large_image\" \/>\n<meta name=\"twitter:label1\" content=\"Gesch\u00e4tzte Lesezeit\" \/>\n\t<meta name=\"twitter:data1\" content=\"5\u00a0Minuten\" \/>\n<script type=\"application\/ld+json\" class=\"yoast-schema-graph\">{\"@context\":\"https:\/\/schema.org\",\"@graph\":[{\"@type\":\"WebPage\",\"@id\":\"https:\/\/bustec.eu\/products\/\",\"url\":\"https:\/\/bustec.eu\/products\/\",\"name\":\"Products - Bustec\",\"isPartOf\":{\"@id\":\"https:\/\/bustec.eu\/#website\"},\"datePublished\":\"2025-04-29T20:34:43+00:00\",\"dateModified\":\"2026-02-04T09:03:07+00:00\",\"breadcrumb\":{\"@id\":\"https:\/\/bustec.eu\/products\/#breadcrumb\"},\"inLanguage\":\"de\",\"potentialAction\":[{\"@type\":\"ReadAction\",\"target\":[\"https:\/\/bustec.eu\/products\/\"]}]},{\"@type\":\"BreadcrumbList\",\"@id\":\"https:\/\/bustec.eu\/products\/#breadcrumb\",\"itemListElement\":[{\"@type\":\"ListItem\",\"position\":1,\"name\":\"Home\",\"item\":\"https:\/\/bustec.eu\/\"},{\"@type\":\"ListItem\",\"position\":2,\"name\":\"Products\"}]},{\"@type\":\"WebSite\",\"@id\":\"https:\/\/bustec.eu\/#website\",\"url\":\"https:\/\/bustec.eu\/\",\"name\":\"Bustec\",\"description\":\"\",\"potentialAction\":[{\"@type\":\"SearchAction\",\"target\":{\"@type\":\"EntryPoint\",\"urlTemplate\":\"https:\/\/bustec.eu\/?s={search_term_string}\"},\"query-input\":{\"@type\":\"PropertyValueSpecification\",\"valueRequired\":true,\"valueName\":\"search_term_string\"}}],\"inLanguage\":\"de\"}]}<\/script>\n<!-- \/ Yoast SEO plugin. -->","yoast_head_json":{"title":"Products - Bustec","robots":{"index":"index","follow":"follow","max-snippet":"max-snippet:-1","max-image-preview":"max-image-preview:large","max-video-preview":"max-video-preview:-1"},"canonical":"https:\/\/bustec.eu\/de\/products\/","og_locale":"de_DE","og_type":"article","og_title":"Products - Bustec","og_description":"Passenger information systems made by bustec \u2013\u00a0groundbreaking technology We focus on Lightweight housings, ... || As an OEM manufacturer (Original Equipment Manufacturer) bustec develops, produces and supplies trend-setting passenger information systems for buses, trains and bus stops. Lightweight enclosures, purpose-driven design, premium-quality materials and components, and optimal energy efficiency \u2013 these are the outstanding features [&hellip;]","og_url":"https:\/\/bustec.eu\/de\/products\/","og_site_name":"Bustec","article_modified_time":"2026-02-04T09:03:07+00:00","twitter_card":"summary_large_image","twitter_misc":{"Gesch\u00e4tzte Lesezeit":"5\u00a0Minuten"},"schema":{"@context":"https:\/\/schema.org","@graph":[{"@type":"WebPage","@id":"https:\/\/bustec.eu\/products\/","url":"https:\/\/bustec.eu\/products\/","name":"Products - Bustec","isPartOf":{"@id":"https:\/\/bustec.eu\/#website"},"datePublished":"2025-04-29T20:34:43+00:00","dateModified":"2026-02-04T09:03:07+00:00","breadcrumb":{"@id":"https:\/\/bustec.eu\/products\/#breadcrumb"},"inLanguage":"de","potentialAction":[{"@type":"ReadAction","target":["https:\/\/bustec.eu\/products\/"]}]},{"@type":"BreadcrumbList","@id":"https:\/\/bustec.eu\/products\/#breadcrumb","itemListElement":[{"@type":"ListItem","position":1,"name":"Home","item":"https:\/\/bustec.eu\/"},{"@type":"ListItem","position":2,"name":"Products"}]},{"@type":"WebSite","@id":"https:\/\/bustec.eu\/#website","url":"https:\/\/bustec.eu\/","name":"Bustec","description":"","potentialAction":[{"@type":"SearchAction","target":{"@type":"EntryPoint","urlTemplate":"https:\/\/bustec.eu\/?s={search_term_string}"},"query-input":{"@type":"PropertyValueSpecification","valueRequired":true,"valueName":"search_term_string"}}],"inLanguage":"de"}]}},"_links":{"self":[{"href":"https:\/\/bustec.eu\/de\/wp-json\/wp\/v2\/pages\/107","targetHints":{"allow":["GET"]}}],"collection":[{"href":"https:\/\/bustec.eu\/de\/wp-json\/wp\/v2\/pages"}],"about":[{"href":"https:\/\/bustec.eu\/de\/wp-json\/wp\/v2\/types\/page"}],"author":[{"embeddable":true,"href":"https:\/\/bustec.eu\/de\/wp-json\/wp\/v2\/users\/1"}],"replies":[{"embeddable":true,"href":"https:\/\/bustec.eu\/de\/wp-json\/wp\/v2\/comments?post=107"}],"version-history":[{"count":15,"href":"https:\/\/bustec.eu\/de\/wp-json\/wp\/v2\/pages\/107\/revisions"}],"predecessor-version":[{"id":1027,"href":"https:\/\/bustec.eu\/de\/wp-json\/wp\/v2\/pages\/107\/revisions\/1027"}],"wp:attachment":[{"href":"https:\/\/bustec.eu\/de\/wp-json\/wp\/v2\/media?parent=107"}],"curies":[{"name":"wp","href":"https:\/\/api.w.org\/{rel}","templated":true}]}}