{"id":611,"date":"2025-07-10T10:49:24","date_gmt":"2025-07-10T10:49:24","guid":{"rendered":"https:\/\/bustec.eu\/?page_id=611"},"modified":"2026-02-04T11:40:41","modified_gmt":"2026-02-04T10:40:41","slug":"solutions-production","status":"publish","type":"page","link":"https:\/\/bustec.eu\/cs\/solutions-production\/","title":{"rendered":"Solutions\/Production"},"content":{"rendered":"<div class='breakdance'><section class=\"bde-section-611-100 bde-section\">\n  \n  \n\t\n\n\n\n<div class=\"section-container\"><\/div>\n<\/section><section class=\"bde-section-611-101 bde-section\">\n  \n  \n\t\n\n\n\n<div class=\"section-container\"><h1 class=\"bde-heading-611-102 bde-heading\" data-entrance=\"zoomIn\">\nAssembly and Finalization \u2013 Everything Fits Together Perfectly\n<\/h1><div class=\"bde-div-611-110 bde-div\">\n  \n  \n\t\n\n\n\n<div class=\"bde-div-611-111 bde-div\">\n  \n  \n\t\n\n\n\n<div class=\"bde-text-611-105 bde-text\">\nIn the electromechanical assembly department, both worlds come together. Carefully manufactured metal parts and precisely assembled electronic boards are joined into a single functional unit. \n<\/div>\n<\/div><div class=\"bde-div-611-112 bde-div\">\n  \n  \n\t\n\n\n\n<div class=\"bde-text-611-107 bde-text\">\nAt this stage, we also upload specific firmware into each device, tailored precisely to the individual requirements and needs of every customer.\n<\/div>\n<\/div>\n<\/div><div class=\"bde-code-block-611-108 bde-code-block\">\n\n  <!-- Za\u010d\u00e1tek vlo\u017een\u00ed videa -->\n<style>\n  .responsive-video {\n    width: 100%;\n    height: 540px;\n    max-width: 100%;\n  }\n\n  \/* Mobil *\/\n  @media (max-width: 768px) {\n    .responsive-video {\n      height: 250px;\n    }\n  }\n<\/style>\n\n<video\n  class=\"responsive-video\"\n  controls\n poster=\"https:\/\/bustec.eu\/wp-content\/uploads\/2025\/07\/Snimek-obrazovky-2025-07-10-123024-e1752143538394.png\"\n>\n  <source src=\"https:\/\/bustec.eu\/wp-content\/uploads\/2025\/07\/Bustec-tesovani-kompletace.mp4\" type=\"video\/mp4\">\n  V\u00e1\u0161 prohl\u00ed\u017ee\u010d nepodporuje p\u0159ehr\u00e1v\u00e1n\u00ed videa.\n<\/video>\n<!-- Konec vlo\u017een\u00ed videa -->\n\n\n\n<\/div><div class=\"bde-button-611-109 bde-button\">\n    \n                        \n                        \n    \n    \n    \n    \n            \n                    \n            \n            \n\n    \n    \n    \n    \n    \n    <a class=\"breakdance-link button-atom button-atom--custom bde-button__button\" href=\"https:\/\/bustec.eu\/cs\/contact\/\" target=\"_self\" data-type=\"url\"  >\n\n    \n        <span class=\"button-atom__text\">GET IN TOUCH<\/span>\n\n        \n        \n                <\/a>\n\n    \n\n\n<\/div><\/div>\n<\/section><\/div>","protected":false},"excerpt":{"rendered":"<p>Assembly and Finalization \u2013 Everything Fits Together Perfectly In the electromechanical assembly department, both worlds come together. Carefully manufactured metal parts and precisely assembled electronic boards are joined into a single functional unit. At this stage, we also upload specific firmware into each device, tailored precisely to the individual requirements and needs of every customer. [&hellip;]<\/p>\n","protected":false},"author":1,"featured_media":0,"parent":0,"menu_order":0,"comment_status":"closed","ping_status":"closed","template":"","meta":{"_acf_changed":false,"_breakdance_hide_in_design_set":false,"_breakdance_tags":"","footnotes":""},"class_list":["post-611","page","type-page","status-publish","hentry"],"acf":[],"yoast_head":"<!-- This site is optimized with the Yoast SEO plugin v27.2 - https:\/\/yoast.com\/product\/yoast-seo-wordpress\/ -->\n<title>Assembly &amp; Finalization of Transport Electronics | Bustec<\/title>\n<meta name=\"description\" content=\"Bustec provides precise assembly and final testing of transport devices with custom firmware tailored to customer requirements.\" \/>\n<meta name=\"robots\" content=\"index, follow, max-snippet:-1, max-image-preview:large, max-video-preview:-1\" \/>\n<link rel=\"canonical\" href=\"https:\/\/bustec.eu\/cs\/solutions-production\/\" \/>\n<meta property=\"og:locale\" content=\"cs_CZ\" \/>\n<meta property=\"og:type\" content=\"article\" \/>\n<meta property=\"og:title\" content=\"Assembly &amp; Finalization of Transport Electronics | Bustec\" \/>\n<meta property=\"og:description\" content=\"Bustec provides precise assembly and final testing of transport devices with custom firmware tailored to customer requirements.\" \/>\n<meta property=\"og:url\" content=\"https:\/\/bustec.eu\/cs\/solutions-production\/\" \/>\n<meta property=\"og:site_name\" content=\"Bustec\" \/>\n<meta property=\"article:modified_time\" content=\"2026-02-04T10:40:41+00:00\" \/>\n<meta name=\"twitter:card\" content=\"summary_large_image\" \/>\n<meta name=\"twitter:label1\" content=\"Odhadovan\u00e1 doba \u010dten\u00ed\" \/>\n\t<meta name=\"twitter:data1\" content=\"1 minuta\" \/>\n<script type=\"application\/ld+json\" class=\"yoast-schema-graph\">{\"@context\":\"https:\/\/schema.org\",\"@graph\":[{\"@type\":\"WebPage\",\"@id\":\"https:\/\/bustec.eu\/solutions-production\/\",\"url\":\"https:\/\/bustec.eu\/solutions-production\/\",\"name\":\"Assembly & Finalization of Transport Electronics | Bustec\",\"isPartOf\":{\"@id\":\"https:\/\/bustec.eu\/#website\"},\"datePublished\":\"2025-07-10T10:49:24+00:00\",\"dateModified\":\"2026-02-04T10:40:41+00:00\",\"description\":\"Bustec provides precise assembly and final testing of transport devices with custom firmware tailored to customer requirements.\",\"breadcrumb\":{\"@id\":\"https:\/\/bustec.eu\/solutions-production\/#breadcrumb\"},\"inLanguage\":\"cs\",\"potentialAction\":[{\"@type\":\"ReadAction\",\"target\":[\"https:\/\/bustec.eu\/solutions-production\/\"]}]},{\"@type\":\"BreadcrumbList\",\"@id\":\"https:\/\/bustec.eu\/solutions-production\/#breadcrumb\",\"itemListElement\":[{\"@type\":\"ListItem\",\"position\":1,\"name\":\"Home\",\"item\":\"https:\/\/bustec.eu\/\"},{\"@type\":\"ListItem\",\"position\":2,\"name\":\"Solutions\/Production\"}]},{\"@type\":\"WebSite\",\"@id\":\"https:\/\/bustec.eu\/#website\",\"url\":\"https:\/\/bustec.eu\/\",\"name\":\"Bustec\",\"description\":\"\",\"potentialAction\":[{\"@type\":\"SearchAction\",\"target\":{\"@type\":\"EntryPoint\",\"urlTemplate\":\"https:\/\/bustec.eu\/?s={search_term_string}\"},\"query-input\":{\"@type\":\"PropertyValueSpecification\",\"valueRequired\":true,\"valueName\":\"search_term_string\"}}],\"inLanguage\":\"cs\"}]}<\/script>\n<!-- \/ Yoast SEO plugin. -->","yoast_head_json":{"title":"Assembly & Finalization of Transport Electronics | Bustec","description":"Bustec provides precise assembly and final testing of transport devices with custom firmware tailored to customer requirements.","robots":{"index":"index","follow":"follow","max-snippet":"max-snippet:-1","max-image-preview":"max-image-preview:large","max-video-preview":"max-video-preview:-1"},"canonical":"https:\/\/bustec.eu\/cs\/solutions-production\/","og_locale":"cs_CZ","og_type":"article","og_title":"Assembly & Finalization of Transport Electronics | Bustec","og_description":"Bustec provides precise assembly and final testing of transport devices with custom firmware tailored to customer requirements.","og_url":"https:\/\/bustec.eu\/cs\/solutions-production\/","og_site_name":"Bustec","article_modified_time":"2026-02-04T10:40:41+00:00","twitter_card":"summary_large_image","twitter_misc":{"Odhadovan\u00e1 doba \u010dten\u00ed":"1 minuta"},"schema":{"@context":"https:\/\/schema.org","@graph":[{"@type":"WebPage","@id":"https:\/\/bustec.eu\/solutions-production\/","url":"https:\/\/bustec.eu\/solutions-production\/","name":"Assembly & Finalization of Transport Electronics | Bustec","isPartOf":{"@id":"https:\/\/bustec.eu\/#website"},"datePublished":"2025-07-10T10:49:24+00:00","dateModified":"2026-02-04T10:40:41+00:00","description":"Bustec provides precise assembly and final testing of transport devices with custom firmware tailored to customer requirements.","breadcrumb":{"@id":"https:\/\/bustec.eu\/solutions-production\/#breadcrumb"},"inLanguage":"cs","potentialAction":[{"@type":"ReadAction","target":["https:\/\/bustec.eu\/solutions-production\/"]}]},{"@type":"BreadcrumbList","@id":"https:\/\/bustec.eu\/solutions-production\/#breadcrumb","itemListElement":[{"@type":"ListItem","position":1,"name":"Home","item":"https:\/\/bustec.eu\/"},{"@type":"ListItem","position":2,"name":"Solutions\/Production"}]},{"@type":"WebSite","@id":"https:\/\/bustec.eu\/#website","url":"https:\/\/bustec.eu\/","name":"Bustec","description":"","potentialAction":[{"@type":"SearchAction","target":{"@type":"EntryPoint","urlTemplate":"https:\/\/bustec.eu\/?s={search_term_string}"},"query-input":{"@type":"PropertyValueSpecification","valueRequired":true,"valueName":"search_term_string"}}],"inLanguage":"cs"}]}},"_links":{"self":[{"href":"https:\/\/bustec.eu\/cs\/wp-json\/wp\/v2\/pages\/611","targetHints":{"allow":["GET"]}}],"collection":[{"href":"https:\/\/bustec.eu\/cs\/wp-json\/wp\/v2\/pages"}],"about":[{"href":"https:\/\/bustec.eu\/cs\/wp-json\/wp\/v2\/types\/page"}],"author":[{"embeddable":true,"href":"https:\/\/bustec.eu\/cs\/wp-json\/wp\/v2\/users\/1"}],"replies":[{"embeddable":true,"href":"https:\/\/bustec.eu\/cs\/wp-json\/wp\/v2\/comments?post=611"}],"version-history":[{"count":7,"href":"https:\/\/bustec.eu\/cs\/wp-json\/wp\/v2\/pages\/611\/revisions"}],"predecessor-version":[{"id":1062,"href":"https:\/\/bustec.eu\/cs\/wp-json\/wp\/v2\/pages\/611\/revisions\/1062"}],"wp:attachment":[{"href":"https:\/\/bustec.eu\/cs\/wp-json\/wp\/v2\/media?parent=611"}],"curies":[{"name":"wp","href":"https:\/\/api.w.org\/{rel}","templated":true}]}}