{"id":597,"date":"2025-07-10T10:00:12","date_gmt":"2025-07-10T10:00:12","guid":{"rendered":"https:\/\/bustec.eu\/?page_id=597"},"modified":"2026-02-04T11:42:00","modified_gmt":"2026-02-04T10:42:00","slug":"solutions-elektronics","status":"publish","type":"page","link":"https:\/\/bustec.eu\/cs\/solutions-elektronics\/","title":{"rendered":"Solutions\/Elektronics"},"content":{"rendered":"<div class='breakdance'><section class=\"bde-section-597-100 bde-section\">\n  \n  \n\t\n\n\n\n<div class=\"section-container\"><\/div>\n<\/section><section class=\"bde-section-597-101 bde-section\">\n  \n  \n\t\n\n\n\n<div class=\"section-container\"><h1 class=\"bde-heading-597-102 bde-heading\" data-entrance=\"zoomIn\">\nElectronics \u2013 The Heart of Our Innovative Systems\n<\/h1><div class=\"bde-div-597-111 bde-div\">\n  \n  \n\t\n\n\n\n<div class=\"bde-div-597-112 bde-div\">\n  \n  \n\t\n\n\n\n<div class=\"bde-text-597-105 bde-text\">\nWe now move into the technological heart of our company \u2013 the electronics production department. This is where the \"brains\" of our devices are created. We manufacture key components such as power supply modules, control modules, and LED modules. The PCB (Printed Circuit Board) production process is carried out with the utmost precision.\n<\/div>\n<\/div><div class=\"bde-div-597-113 bde-div\">\n  \n  \n\t\n\n\n\n<ul class=\"bde-basic-list-597-110 bde-basic-list\">\n  <li  >    \n          <span style=\"font-weight:600;\">Automatic screen printing<\/span> ensures the even application of solder paste.\n      <\/li>\n  <li  >    \n          <span style=\"font-weight:600;\">Placement of SMD components<\/span> on an automated line is followed by <span style=\"font-weight:600;\">reflow soldering<\/span>, which guarantees perfect and reliable connections.\n      <\/li>\n  <li  >    \n          For specific <span style=\"font-weight:600;\">THT components<\/span>, we have specialized workstations where our technicians provide each board with individual attention.\n      <\/li>\n  <li  >    \n          <span style=\"font-weight:600;\">Inspection and testing<\/span> are a fundamental part of the process. Every single board undergoes thorough functional testing to ensure 100% quality and reliability.\n      <\/li>\n<\/ul>\n<\/div>\n<\/div><div class=\"bde-code-block-597-108 bde-code-block\">\n\n  <!-- Za\u010d\u00e1tek vlo\u017een\u00ed videa -->\n<style>\n  .responsive-video {\n    width: 100%;\n    height: 540px;\n    max-width: 100%;\n  }\n\n  \/* Mobil *\/\n  @media (max-width: 768px) {\n    .responsive-video {\n      height: 250px;\n    }\n  }\n<\/style>\n\n<video\n  class=\"responsive-video\"\n  controls\n poster=\"https:\/\/bustec.eu\/wp-content\/uploads\/2025\/07\/Snimek-obrazovky-2025-07-10-123024-e1752143538394.png\"\n>\n  <source src=\"https:\/\/bustec.eu\/wp-content\/uploads\/2025\/09\/vyrobaEl_reels.mp4\" type=\"video\/mp4\">\n  V\u00e1\u0161 prohl\u00ed\u017ee\u010d nepodporuje p\u0159ehr\u00e1v\u00e1n\u00ed videa.\n<\/video>\n<!-- Konec vlo\u017een\u00ed videa -->\n\n\n\n<\/div><div class=\"bde-button-597-109 bde-button\">\n    \n                        \n                        \n    \n    \n    \n    \n            \n                    \n            \n            \n\n    \n    \n    \n    \n    \n    <a class=\"breakdance-link button-atom button-atom--custom bde-button__button\" href=\"https:\/\/bustec.eu\/cs\/contact\/\" target=\"_self\" data-type=\"url\"  >\n\n    \n        <span class=\"button-atom__text\">GET IN TOUCH<\/span>\n\n        \n        \n                <\/a>\n\n    \n\n\n<\/div><\/div>\n<\/section><\/div>","protected":false},"excerpt":{"rendered":"<p>Electronics \u2013 The Heart of Our Innovative Systems We now move into the technological heart of our company \u2013 the electronics production department. This is where the &#8220;brains&#8221; of our devices are created. We manufacture key components such as power supply modules, control modules, and LED modules. The PCB (Printed Circuit Board) production process is [&hellip;]<\/p>\n","protected":false},"author":1,"featured_media":0,"parent":0,"menu_order":0,"comment_status":"closed","ping_status":"closed","template":"","meta":{"_acf_changed":false,"_breakdance_hide_in_design_set":false,"_breakdance_tags":"","footnotes":""},"class_list":["post-597","page","type-page","status-publish","hentry"],"acf":[],"yoast_head":"<!-- This site is optimized with the Yoast SEO plugin v27.2 - https:\/\/yoast.com\/product\/yoast-seo-wordpress\/ -->\n<title>Electronics Manufacturing for Transport Systems | Bustec<\/title>\n<meta name=\"description\" content=\"Bustec provides precise PCB assembly, electronics production and testing for public transport and railway systems.\" \/>\n<meta name=\"robots\" content=\"index, follow, max-snippet:-1, max-image-preview:large, max-video-preview:-1\" \/>\n<link rel=\"canonical\" href=\"https:\/\/bustec.eu\/cs\/solutions-elektronics\/\" \/>\n<meta property=\"og:locale\" content=\"cs_CZ\" \/>\n<meta property=\"og:type\" content=\"article\" \/>\n<meta property=\"og:title\" content=\"Electronics Manufacturing for Transport Systems | Bustec\" \/>\n<meta property=\"og:description\" content=\"Bustec provides precise PCB assembly, electronics production and testing for public transport and railway systems.\" \/>\n<meta property=\"og:url\" content=\"https:\/\/bustec.eu\/cs\/solutions-elektronics\/\" \/>\n<meta property=\"og:site_name\" content=\"Bustec\" \/>\n<meta property=\"article:modified_time\" content=\"2026-02-04T10:42:00+00:00\" \/>\n<meta name=\"twitter:card\" content=\"summary_large_image\" \/>\n<meta name=\"twitter:label1\" content=\"Odhadovan\u00e1 doba \u010dten\u00ed\" \/>\n\t<meta name=\"twitter:data1\" content=\"1 minuta\" \/>\n<script type=\"application\/ld+json\" class=\"yoast-schema-graph\">{\"@context\":\"https:\/\/schema.org\",\"@graph\":[{\"@type\":\"WebPage\",\"@id\":\"https:\/\/bustec.eu\/solutions-elektronics\/\",\"url\":\"https:\/\/bustec.eu\/solutions-elektronics\/\",\"name\":\"Electronics Manufacturing for Transport Systems | Bustec\",\"isPartOf\":{\"@id\":\"https:\/\/bustec.eu\/#website\"},\"datePublished\":\"2025-07-10T10:00:12+00:00\",\"dateModified\":\"2026-02-04T10:42:00+00:00\",\"description\":\"Bustec provides precise PCB assembly, electronics production and testing for public transport and railway systems.\",\"breadcrumb\":{\"@id\":\"https:\/\/bustec.eu\/solutions-elektronics\/#breadcrumb\"},\"inLanguage\":\"cs\",\"potentialAction\":[{\"@type\":\"ReadAction\",\"target\":[\"https:\/\/bustec.eu\/solutions-elektronics\/\"]}]},{\"@type\":\"BreadcrumbList\",\"@id\":\"https:\/\/bustec.eu\/solutions-elektronics\/#breadcrumb\",\"itemListElement\":[{\"@type\":\"ListItem\",\"position\":1,\"name\":\"Home\",\"item\":\"https:\/\/bustec.eu\/\"},{\"@type\":\"ListItem\",\"position\":2,\"name\":\"Solutions\/Elektronics\"}]},{\"@type\":\"WebSite\",\"@id\":\"https:\/\/bustec.eu\/#website\",\"url\":\"https:\/\/bustec.eu\/\",\"name\":\"Bustec\",\"description\":\"\",\"potentialAction\":[{\"@type\":\"SearchAction\",\"target\":{\"@type\":\"EntryPoint\",\"urlTemplate\":\"https:\/\/bustec.eu\/?s={search_term_string}\"},\"query-input\":{\"@type\":\"PropertyValueSpecification\",\"valueRequired\":true,\"valueName\":\"search_term_string\"}}],\"inLanguage\":\"cs\"}]}<\/script>\n<!-- \/ Yoast SEO plugin. -->","yoast_head_json":{"title":"Electronics Manufacturing for Transport Systems | Bustec","description":"Bustec provides precise PCB assembly, electronics production and testing for public transport and railway systems.","robots":{"index":"index","follow":"follow","max-snippet":"max-snippet:-1","max-image-preview":"max-image-preview:large","max-video-preview":"max-video-preview:-1"},"canonical":"https:\/\/bustec.eu\/cs\/solutions-elektronics\/","og_locale":"cs_CZ","og_type":"article","og_title":"Electronics Manufacturing for Transport Systems | Bustec","og_description":"Bustec provides precise PCB assembly, electronics production and testing for public transport and railway systems.","og_url":"https:\/\/bustec.eu\/cs\/solutions-elektronics\/","og_site_name":"Bustec","article_modified_time":"2026-02-04T10:42:00+00:00","twitter_card":"summary_large_image","twitter_misc":{"Odhadovan\u00e1 doba \u010dten\u00ed":"1 minuta"},"schema":{"@context":"https:\/\/schema.org","@graph":[{"@type":"WebPage","@id":"https:\/\/bustec.eu\/solutions-elektronics\/","url":"https:\/\/bustec.eu\/solutions-elektronics\/","name":"Electronics Manufacturing for Transport Systems | Bustec","isPartOf":{"@id":"https:\/\/bustec.eu\/#website"},"datePublished":"2025-07-10T10:00:12+00:00","dateModified":"2026-02-04T10:42:00+00:00","description":"Bustec provides precise PCB assembly, electronics production and testing for public transport and railway systems.","breadcrumb":{"@id":"https:\/\/bustec.eu\/solutions-elektronics\/#breadcrumb"},"inLanguage":"cs","potentialAction":[{"@type":"ReadAction","target":["https:\/\/bustec.eu\/solutions-elektronics\/"]}]},{"@type":"BreadcrumbList","@id":"https:\/\/bustec.eu\/solutions-elektronics\/#breadcrumb","itemListElement":[{"@type":"ListItem","position":1,"name":"Home","item":"https:\/\/bustec.eu\/"},{"@type":"ListItem","position":2,"name":"Solutions\/Elektronics"}]},{"@type":"WebSite","@id":"https:\/\/bustec.eu\/#website","url":"https:\/\/bustec.eu\/","name":"Bustec","description":"","potentialAction":[{"@type":"SearchAction","target":{"@type":"EntryPoint","urlTemplate":"https:\/\/bustec.eu\/?s={search_term_string}"},"query-input":{"@type":"PropertyValueSpecification","valueRequired":true,"valueName":"search_term_string"}}],"inLanguage":"cs"}]}},"_links":{"self":[{"href":"https:\/\/bustec.eu\/cs\/wp-json\/wp\/v2\/pages\/597","targetHints":{"allow":["GET"]}}],"collection":[{"href":"https:\/\/bustec.eu\/cs\/wp-json\/wp\/v2\/pages"}],"about":[{"href":"https:\/\/bustec.eu\/cs\/wp-json\/wp\/v2\/types\/page"}],"author":[{"embeddable":true,"href":"https:\/\/bustec.eu\/cs\/wp-json\/wp\/v2\/users\/1"}],"replies":[{"embeddable":true,"href":"https:\/\/bustec.eu\/cs\/wp-json\/wp\/v2\/comments?post=597"}],"version-history":[{"count":14,"href":"https:\/\/bustec.eu\/cs\/wp-json\/wp\/v2\/pages\/597\/revisions"}],"predecessor-version":[{"id":995,"href":"https:\/\/bustec.eu\/cs\/wp-json\/wp\/v2\/pages\/597\/revisions\/995"}],"wp:attachment":[{"href":"https:\/\/bustec.eu\/cs\/wp-json\/wp\/v2\/media?parent=597"}],"curies":[{"name":"wp","href":"https:\/\/api.w.org\/{rel}","templated":true}]}}