{"id":408,"date":"2025-06-30T10:05:58","date_gmt":"2025-06-30T10:05:58","guid":{"rendered":"https:\/\/bustec.eu\/?page_id=408"},"modified":"2026-02-04T11:37:42","modified_gmt":"2026-02-04T10:37:42","slug":"about-us","status":"publish","type":"page","link":"https:\/\/bustec.eu\/cs\/about-us\/","title":{"rendered":"About Us"},"content":{"rendered":"<div class='breakdance'><section class=\"bde-section-408-100 bde-section\">\n  \n  \n\t\n\n\n\n<div class=\"section-container\"><\/div>\n<\/section><section class=\"bde-section-408-101 bde-section\">\n  \n  \n\t\n\n\n\n<div class=\"section-container\"><div class=\"bde-div-408-102 bde-div\">\n  \n  \n\t\n\n\n\n<h1 class=\"bde-heading-408-103 bde-heading\" data-entrance=\"zoomIn\">\nAbout Us\n<\/h1>\n<\/div><div class=\"bde-div-408-170 bde-div\">\n  \n  \n\t\n\n\n\n<div class=\"bde-div-408-105 bde-div\">\n  \n  \n\t\n\n\n\n<div class=\"bde-text-408-143 bde-text\">\nHow Bustec Products Are Made to Serve Passengers Around the World\n<\/div><div class=\"bde-text-408-106 bde-text\">\nAt Bustec, we believe that true quality and innovation come from having full control over the entire production process. Our systems are used daily by millions of passengers in major cities across the globe \u2013 thanks to the precision and care we invest in every step of development and manufacturing.\n<\/div>\n<\/div><div class=\"bde-div-408-108 bde-div\">\n  \n  \n\t\n\n\n\n<div class=\"bde-text-408-109 bde-text\">\nOur References Speak for Themselves\n<\/div><div class=\"bde-text-408-144 bde-text\">\nWe are proud that Bustec information and ticketing systems are an integral part of public transport in dozens of countries. Our technology performs reliably under the demanding conditions of global metropolises \u2013 from the icy north of Scandinavia to the vibrant cities of South America.\n<\/div>\n<\/div><div class=\"bde-div-408-147 bde-div\">\n  \n  \n\t\n\n\n\n<div class=\"bde-text-408-148 bde-text\">\nHome Base in the Heart of Europe\n<\/div><div class=\"bde-text-408-149 bde-text\">\nIn the Czech Republic and Slovakia, we are a key partner for most major public transport operators, including DP Prague, DP Brno, DP Ostrava, SAD \u017dilina, and EUROBUS Ko\u0161ice. Our systems have also become the standard for the largest private transport companies such as ARRIVA, ICOM Transport, and BusLine. Moreover, our technology is factory-integrated into vehicles from manufacturers like IVECO, SOR, and \u0160koda Transportation.\n<\/div>\n<\/div><div class=\"bde-div-408-151 bde-div\">\n  \n  \n\t\n\n\n\n<div class=\"bde-text-408-152 bde-text\">\nA Trusted Partner for German Precision\n<\/div><div class=\"bde-text-408-153 bde-text\">\nOur strong position is confirmed by success in the highly demanding German market. Our solutions are used by transit operators in Nuremberg (VAG), Cologne (KVB), Bonn (SWB), Hanover (\u00fcstra), and, most recently, in trams for Leipzig. Even the national rail operator Deutsche Bahn puts its trust in our systems.\n<\/div>\n<\/div><div class=\"bde-div-408-155 bde-div\">\n  \n  \n\t\n\n\n\n<div class=\"bde-text-408-156 bde-text\">\nStrong Presence Across Continents\n<\/div><div class=\"bde-text-408-157 bde-text\">\nBustec technology plays a vital role in public transport across Europe. In Bucharest, Romania, over 800 vehicles are equipped with our systems. In the Flemish region of Belgium, the transport operator DE LIJN relies on our solutions in cities such as Ghent, Bruges, and Antwerp. Our displays are also found in trams in Gothenburg, Sweden, in POST BUS vehicles in Austria, and in POST AUTO buses in Switzerland.\n<\/div>\n<\/div><div class=\"bde-div-408-159 bde-div\">\n  \n  \n\t\n\n\n\n<div class=\"bde-text-408-160 bde-text\">\nGlobal Reach \u2013 From Australia to South America\n<\/div><div class=\"bde-text-408-161 bde-text\">\nBut our ambitions extend far beyond Europe. In Brisbane, Australia, a fleet of 300 buses operates with our systems. Our technology also helps manage operations in the metro system of S\u00e3o Paulo, Brazil. Our products reliably serve even in remote locations such as Iceland, the Faroe Islands, and Madeira.\n<\/div><div class=\"bde-text-408-162 bde-text\">\nOur Philosophy: Global Strength, Family Spirit\n<\/div><div class=\"bde-text-408-167 bde-text\">\nHaving all key production processes under one roof puts us in a unique position. It allows us to respond flexibly to customer needs while guaranteeing the highest standards of quality. We combine the best of both worlds \u2013 the efficiency and modern technology of a corporation with the personal touch, attention to detail, and passion typical of a family business.\n<\/div>\n<\/div>\n<\/div><div class=\"bde-code-block-408-169 bde-code-block\">\n\n  <!-- Za\u010d\u00e1tek vlo\u017een\u00ed videa -->\n<style>\n  .responsive-video {\n    width: 100%;\n    height: 540px;\n    max-width: 100%;\n  }\n\n  \/* Mobil *\/\n  @media (max-width: 768px) {\n    .responsive-video {\n      height: 250px;\n    }\n  }\n<\/style>\n\n<video\n  class=\"responsive-video\"\n  controls\n poster=\"https:\/\/bustec.eu\/wp-content\/uploads\/2025\/07\/Snimek-obrazovky-2025-07-10-145435.png\"\n>\n  <source src=\"https:\/\/bustec.eu\/wp-content\/uploads\/2025\/06\/3-1.mp4\" type=\"video\/mp4\">\n  V\u00e1\u0161 prohl\u00ed\u017ee\u010d nepodporuje p\u0159ehr\u00e1v\u00e1n\u00ed videa.\n<\/video>\n<!-- Konec vlo\u017een\u00ed videa -->\n\n\n\n<\/div><\/div>\n<\/section><\/div>","protected":false},"excerpt":{"rendered":"<p>About Us How Bustec Products Are Made to Serve Passengers Around the World At Bustec, we believe that true quality and innovation come from having full control over the entire production process. Our systems are used daily by millions of passengers in major cities across the globe \u2013 thanks to the precision and care we [&hellip;]<\/p>\n","protected":false},"author":1,"featured_media":0,"parent":0,"menu_order":0,"comment_status":"closed","ping_status":"closed","template":"","meta":{"_acf_changed":false,"_breakdance_hide_in_design_set":false,"_breakdance_tags":"","footnotes":""},"class_list":["post-408","page","type-page","status-publish","hentry"],"acf":[],"yoast_head":"<!-- This site is optimized with the Yoast SEO plugin v27.2 - https:\/\/yoast.com\/product\/yoast-seo-wordpress\/ -->\n<title>Bustec | Passenger Information Systems Made in Europe<\/title>\n<meta name=\"description\" content=\"Passenger information systems made in Europe for buses, trams and public transport used in 25+ countries worldwide.\" \/>\n<meta name=\"robots\" content=\"index, follow, max-snippet:-1, max-image-preview:large, max-video-preview:-1\" \/>\n<link rel=\"canonical\" href=\"https:\/\/bustec.eu\/cs\/about-us\/\" \/>\n<meta property=\"og:locale\" content=\"cs_CZ\" \/>\n<meta property=\"og:type\" content=\"article\" \/>\n<meta property=\"og:title\" content=\"Bustec | Passenger Information Systems Made in Europe\" \/>\n<meta property=\"og:description\" content=\"Passenger information systems made in Europe for buses, trams and public transport used in 25+ countries worldwide.\" \/>\n<meta property=\"og:url\" content=\"https:\/\/bustec.eu\/cs\/about-us\/\" \/>\n<meta property=\"og:site_name\" content=\"Bustec\" \/>\n<meta property=\"article:modified_time\" content=\"2026-02-04T10:37:42+00:00\" \/>\n<meta name=\"twitter:card\" content=\"summary_large_image\" \/>\n<meta name=\"twitter:label1\" content=\"Odhadovan\u00e1 doba \u010dten\u00ed\" \/>\n\t<meta name=\"twitter:data1\" content=\"3 minuty\" \/>\n<script type=\"application\/ld+json\" class=\"yoast-schema-graph\">{\"@context\":\"https:\/\/schema.org\",\"@graph\":[{\"@type\":\"WebPage\",\"@id\":\"https:\/\/bustec.eu\/about-us\/\",\"url\":\"https:\/\/bustec.eu\/about-us\/\",\"name\":\"Bustec | Passenger Information Systems Made in Europe\",\"isPartOf\":{\"@id\":\"https:\/\/bustec.eu\/#website\"},\"datePublished\":\"2025-06-30T10:05:58+00:00\",\"dateModified\":\"2026-02-04T10:37:42+00:00\",\"description\":\"Passenger information systems made in Europe for buses, trams and public transport used in 25+ countries worldwide.\",\"breadcrumb\":{\"@id\":\"https:\/\/bustec.eu\/about-us\/#breadcrumb\"},\"inLanguage\":\"cs\",\"potentialAction\":[{\"@type\":\"ReadAction\",\"target\":[\"https:\/\/bustec.eu\/about-us\/\"]}]},{\"@type\":\"BreadcrumbList\",\"@id\":\"https:\/\/bustec.eu\/about-us\/#breadcrumb\",\"itemListElement\":[{\"@type\":\"ListItem\",\"position\":1,\"name\":\"Home\",\"item\":\"https:\/\/bustec.eu\/\"},{\"@type\":\"ListItem\",\"position\":2,\"name\":\"About Us\"}]},{\"@type\":\"WebSite\",\"@id\":\"https:\/\/bustec.eu\/#website\",\"url\":\"https:\/\/bustec.eu\/\",\"name\":\"Bustec\",\"description\":\"\",\"potentialAction\":[{\"@type\":\"SearchAction\",\"target\":{\"@type\":\"EntryPoint\",\"urlTemplate\":\"https:\/\/bustec.eu\/?s={search_term_string}\"},\"query-input\":{\"@type\":\"PropertyValueSpecification\",\"valueRequired\":true,\"valueName\":\"search_term_string\"}}],\"inLanguage\":\"cs\"}]}<\/script>\n<!-- \/ Yoast SEO plugin. -->","yoast_head_json":{"title":"Bustec | Passenger Information Systems Made in Europe","description":"Passenger information systems made in Europe for buses, trams and public transport used in 25+ countries worldwide.","robots":{"index":"index","follow":"follow","max-snippet":"max-snippet:-1","max-image-preview":"max-image-preview:large","max-video-preview":"max-video-preview:-1"},"canonical":"https:\/\/bustec.eu\/cs\/about-us\/","og_locale":"cs_CZ","og_type":"article","og_title":"Bustec | Passenger Information Systems Made in Europe","og_description":"Passenger information systems made in Europe for buses, trams and public transport used in 25+ countries worldwide.","og_url":"https:\/\/bustec.eu\/cs\/about-us\/","og_site_name":"Bustec","article_modified_time":"2026-02-04T10:37:42+00:00","twitter_card":"summary_large_image","twitter_misc":{"Odhadovan\u00e1 doba \u010dten\u00ed":"3 minuty"},"schema":{"@context":"https:\/\/schema.org","@graph":[{"@type":"WebPage","@id":"https:\/\/bustec.eu\/about-us\/","url":"https:\/\/bustec.eu\/about-us\/","name":"Bustec | Passenger Information Systems Made in Europe","isPartOf":{"@id":"https:\/\/bustec.eu\/#website"},"datePublished":"2025-06-30T10:05:58+00:00","dateModified":"2026-02-04T10:37:42+00:00","description":"Passenger information systems made in Europe for buses, trams and public transport used in 25+ countries worldwide.","breadcrumb":{"@id":"https:\/\/bustec.eu\/about-us\/#breadcrumb"},"inLanguage":"cs","potentialAction":[{"@type":"ReadAction","target":["https:\/\/bustec.eu\/about-us\/"]}]},{"@type":"BreadcrumbList","@id":"https:\/\/bustec.eu\/about-us\/#breadcrumb","itemListElement":[{"@type":"ListItem","position":1,"name":"Home","item":"https:\/\/bustec.eu\/"},{"@type":"ListItem","position":2,"name":"About Us"}]},{"@type":"WebSite","@id":"https:\/\/bustec.eu\/#website","url":"https:\/\/bustec.eu\/","name":"Bustec","description":"","potentialAction":[{"@type":"SearchAction","target":{"@type":"EntryPoint","urlTemplate":"https:\/\/bustec.eu\/?s={search_term_string}"},"query-input":{"@type":"PropertyValueSpecification","valueRequired":true,"valueName":"search_term_string"}}],"inLanguage":"cs"}]}},"_links":{"self":[{"href":"https:\/\/bustec.eu\/cs\/wp-json\/wp\/v2\/pages\/408","targetHints":{"allow":["GET"]}}],"collection":[{"href":"https:\/\/bustec.eu\/cs\/wp-json\/wp\/v2\/pages"}],"about":[{"href":"https:\/\/bustec.eu\/cs\/wp-json\/wp\/v2\/types\/page"}],"author":[{"embeddable":true,"href":"https:\/\/bustec.eu\/cs\/wp-json\/wp\/v2\/users\/1"}],"replies":[{"embeddable":true,"href":"https:\/\/bustec.eu\/cs\/wp-json\/wp\/v2\/comments?post=408"}],"version-history":[{"count":19,"href":"https:\/\/bustec.eu\/cs\/wp-json\/wp\/v2\/pages\/408\/revisions"}],"predecessor-version":[{"id":974,"href":"https:\/\/bustec.eu\/cs\/wp-json\/wp\/v2\/pages\/408\/revisions\/974"}],"wp:attachment":[{"href":"https:\/\/bustec.eu\/cs\/wp-json\/wp\/v2\/media?parent=408"}],"curies":[{"name":"wp","href":"https:\/\/api.w.org\/{rel}","templated":true}]}}