{"id":239,"date":"2025-06-05T07:49:48","date_gmt":"2025-06-05T07:49:48","guid":{"rendered":"https:\/\/bustec.eu\/?page_id=239"},"modified":"2026-02-04T11:39:25","modified_gmt":"2026-02-04T10:39:25","slug":"solutions-testing","status":"publish","type":"page","link":"https:\/\/bustec.eu\/cs\/solutions-testing\/","title":{"rendered":"Solutions\/Testing"},"content":{"rendered":"<div class='breakdance'><section class=\"bde-section-239-100 bde-section\">\n  \n  \n\t\n\n\n\n<div class=\"section-container\"><\/div>\n<\/section><section class=\"bde-section-239-101 bde-section\">\n  \n  \n\t\n\n\n\n<div class=\"section-container\"><h1 class=\"bde-heading-239-102 bde-heading\">\nTesting laboratory\n<\/h1><div class=\"bde-div-239-117 bde-div\">\n  \n  \n\t\n\n\n\n<div class=\"bde-div-239-118 bde-div\">\n  \n  \n\t\n\n\n\n<div class=\"bde-text-239-110 bde-text\">\nIn our testing laboratory, we conduct pre-certification tests according to standards\u00a0<span style=\"font-weight:600;\">\u010cSN EN 61326-1, \u010cSN EN 50121-3-2,<br>and \u010cSN EN 50155.<\/span> We test the electromagnetic compatibility<br>of our products, focusing on resistance to electrostatic discharge (ESD), burst, surge, power interruptions, and high-frequency interference conducted over wiring. In our<br>anechoic chamber, we measure electromagnetic emissions<br>of products up to 6 GHz and resistance to high-frequency<br>fields up to 6 GHz. \n<\/div>\n<\/div><div class=\"bde-div-239-119 bde-div\">\n  \n  \n\t\n\n\n\n<div class=\"bde-text-239-112 bde-text\">\nMechanical resistance to vibrations is tested according to\u00a0\u010cSN EN 61373\u00a0on a vibration table in three axes.<br><br>We use equipment from established brands such as Schaffner, Frankonia, Schwarzbeck, Rohde & Schwarz, WeissTechnik, and Br\u00fcel & Kj\u00e6r. The laboratory is also available to the development department.\n<\/div>\n<\/div>\n<\/div><div class=\"bde-code-block-239-116 bde-code-block\">\n\n  <!-- Za\u010d\u00e1tek vlo\u017een\u00ed videa -->\n<style>\n  .responsive-video {\n    width: 100%;\n    height: 540px;\n    max-width: 100%;\n  }\n\n  \/* Mobil *\/\n  @media (max-width: 768px) {\n    .responsive-video {\n      height: 250px;\n    }\n  }\n<\/style>\n\n<video\n  class=\"responsive-video\"\n  controls\n poster=\"https:\/\/bustec.eu\/wp-content\/uploads\/2025\/06\/Screenshot_1.png\"\n>\n  <source src=\"https:\/\/bustec.eu\/wp-content\/uploads\/2025\/09\/testovani_reels.mp4\" type=\"video\/mp4\">\n  V\u00e1\u0161 prohl\u00ed\u017ee\u010d nepodporuje p\u0159ehr\u00e1v\u00e1n\u00ed videa.\n<\/video>\n<!-- Konec vlo\u017een\u00ed videa -->\n\n\n\n<\/div><div class=\"bde-button-239-114 bde-button\">\n    \n                        \n                        \n    \n    \n    \n    \n            \n                    \n            \n            \n\n    \n    \n    \n    \n    \n    <a class=\"breakdance-link button-atom button-atom--custom bde-button__button\" href=\"https:\/\/bustec.eu\/cs\/contact\/\" target=\"_self\" data-type=\"url\"  >\n\n    \n        <span class=\"button-atom__text\">GET IN TOUCH<\/span>\n\n        \n        \n                <\/a>\n\n    \n\n\n<\/div><\/div>\n<\/section><\/div>","protected":false},"excerpt":{"rendered":"<p>Testing laboratory In our testing laboratory, we conduct pre-certification tests according to standards\u00a0\u010cSN EN 61326-1, \u010cSN EN 50121-3-2,and \u010cSN EN 50155. We test the electromagnetic compatibilityof our products, focusing on resistance to electrostatic discharge (ESD), burst, surge, power interruptions, and high-frequency interference conducted over wiring. In ouranechoic chamber, we measure electromagnetic emissionsof products up to [&hellip;]<\/p>\n","protected":false},"author":1,"featured_media":0,"parent":0,"menu_order":0,"comment_status":"closed","ping_status":"closed","template":"","meta":{"_acf_changed":false,"_breakdance_hide_in_design_set":false,"_breakdance_tags":"","footnotes":""},"class_list":["post-239","page","type-page","status-publish","hentry"],"acf":[],"yoast_head":"<!-- This site is optimized with the Yoast SEO plugin v27.2 - https:\/\/yoast.com\/product\/yoast-seo-wordpress\/ -->\n<title>Testing Laboratory | EMC &amp; Railway Certification Testing | Bustec<\/title>\n<meta name=\"description\" content=\"Bustec testing laboratory provides EMC, EMI and vibration testing for railway and transport systems according to European standards.\" \/>\n<meta name=\"robots\" content=\"index, follow, max-snippet:-1, max-image-preview:large, max-video-preview:-1\" \/>\n<link rel=\"canonical\" href=\"https:\/\/bustec.eu\/cs\/solutions-testing\/\" \/>\n<meta property=\"og:locale\" content=\"cs_CZ\" \/>\n<meta property=\"og:type\" content=\"article\" \/>\n<meta property=\"og:title\" content=\"Testing Laboratory | EMC &amp; Railway Certification Testing | Bustec\" \/>\n<meta property=\"og:description\" content=\"Bustec testing laboratory provides EMC, EMI and vibration testing for railway and transport systems according to European standards.\" \/>\n<meta property=\"og:url\" content=\"https:\/\/bustec.eu\/cs\/solutions-testing\/\" \/>\n<meta property=\"og:site_name\" content=\"Bustec\" \/>\n<meta property=\"article:modified_time\" content=\"2026-02-04T10:39:25+00:00\" \/>\n<meta name=\"twitter:card\" content=\"summary_large_image\" \/>\n<meta name=\"twitter:label1\" content=\"Odhadovan\u00e1 doba \u010dten\u00ed\" \/>\n\t<meta name=\"twitter:data1\" content=\"1 minuta\" \/>\n<script type=\"application\/ld+json\" class=\"yoast-schema-graph\">{\"@context\":\"https:\/\/schema.org\",\"@graph\":[{\"@type\":\"WebPage\",\"@id\":\"https:\/\/bustec.eu\/solutions-testing\/\",\"url\":\"https:\/\/bustec.eu\/solutions-testing\/\",\"name\":\"Testing Laboratory | EMC & Railway Certification Testing | Bustec\",\"isPartOf\":{\"@id\":\"https:\/\/bustec.eu\/#website\"},\"datePublished\":\"2025-06-05T07:49:48+00:00\",\"dateModified\":\"2026-02-04T10:39:25+00:00\",\"description\":\"Bustec testing laboratory provides EMC, EMI and vibration testing for railway and transport systems according to European standards.\",\"breadcrumb\":{\"@id\":\"https:\/\/bustec.eu\/solutions-testing\/#breadcrumb\"},\"inLanguage\":\"cs\",\"potentialAction\":[{\"@type\":\"ReadAction\",\"target\":[\"https:\/\/bustec.eu\/solutions-testing\/\"]}]},{\"@type\":\"BreadcrumbList\",\"@id\":\"https:\/\/bustec.eu\/solutions-testing\/#breadcrumb\",\"itemListElement\":[{\"@type\":\"ListItem\",\"position\":1,\"name\":\"Home\",\"item\":\"https:\/\/bustec.eu\/\"},{\"@type\":\"ListItem\",\"position\":2,\"name\":\"Solutions\/Testing\"}]},{\"@type\":\"WebSite\",\"@id\":\"https:\/\/bustec.eu\/#website\",\"url\":\"https:\/\/bustec.eu\/\",\"name\":\"Bustec\",\"description\":\"\",\"potentialAction\":[{\"@type\":\"SearchAction\",\"target\":{\"@type\":\"EntryPoint\",\"urlTemplate\":\"https:\/\/bustec.eu\/?s={search_term_string}\"},\"query-input\":{\"@type\":\"PropertyValueSpecification\",\"valueRequired\":true,\"valueName\":\"search_term_string\"}}],\"inLanguage\":\"cs\"}]}<\/script>\n<!-- \/ Yoast SEO plugin. -->","yoast_head_json":{"title":"Testing Laboratory | EMC & Railway Certification Testing | Bustec","description":"Bustec testing laboratory provides EMC, EMI and vibration testing for railway and transport systems according to European standards.","robots":{"index":"index","follow":"follow","max-snippet":"max-snippet:-1","max-image-preview":"max-image-preview:large","max-video-preview":"max-video-preview:-1"},"canonical":"https:\/\/bustec.eu\/cs\/solutions-testing\/","og_locale":"cs_CZ","og_type":"article","og_title":"Testing Laboratory | EMC & Railway Certification Testing | Bustec","og_description":"Bustec testing laboratory provides EMC, EMI and vibration testing for railway and transport systems according to European standards.","og_url":"https:\/\/bustec.eu\/cs\/solutions-testing\/","og_site_name":"Bustec","article_modified_time":"2026-02-04T10:39:25+00:00","twitter_card":"summary_large_image","twitter_misc":{"Odhadovan\u00e1 doba \u010dten\u00ed":"1 minuta"},"schema":{"@context":"https:\/\/schema.org","@graph":[{"@type":"WebPage","@id":"https:\/\/bustec.eu\/solutions-testing\/","url":"https:\/\/bustec.eu\/solutions-testing\/","name":"Testing Laboratory | EMC & Railway Certification Testing | Bustec","isPartOf":{"@id":"https:\/\/bustec.eu\/#website"},"datePublished":"2025-06-05T07:49:48+00:00","dateModified":"2026-02-04T10:39:25+00:00","description":"Bustec testing laboratory provides EMC, EMI and vibration testing for railway and transport systems according to European standards.","breadcrumb":{"@id":"https:\/\/bustec.eu\/solutions-testing\/#breadcrumb"},"inLanguage":"cs","potentialAction":[{"@type":"ReadAction","target":["https:\/\/bustec.eu\/solutions-testing\/"]}]},{"@type":"BreadcrumbList","@id":"https:\/\/bustec.eu\/solutions-testing\/#breadcrumb","itemListElement":[{"@type":"ListItem","position":1,"name":"Home","item":"https:\/\/bustec.eu\/"},{"@type":"ListItem","position":2,"name":"Solutions\/Testing"}]},{"@type":"WebSite","@id":"https:\/\/bustec.eu\/#website","url":"https:\/\/bustec.eu\/","name":"Bustec","description":"","potentialAction":[{"@type":"SearchAction","target":{"@type":"EntryPoint","urlTemplate":"https:\/\/bustec.eu\/?s={search_term_string}"},"query-input":{"@type":"PropertyValueSpecification","valueRequired":true,"valueName":"search_term_string"}}],"inLanguage":"cs"}]}},"_links":{"self":[{"href":"https:\/\/bustec.eu\/cs\/wp-json\/wp\/v2\/pages\/239","targetHints":{"allow":["GET"]}}],"collection":[{"href":"https:\/\/bustec.eu\/cs\/wp-json\/wp\/v2\/pages"}],"about":[{"href":"https:\/\/bustec.eu\/cs\/wp-json\/wp\/v2\/types\/page"}],"author":[{"embeddable":true,"href":"https:\/\/bustec.eu\/cs\/wp-json\/wp\/v2\/users\/1"}],"replies":[{"embeddable":true,"href":"https:\/\/bustec.eu\/cs\/wp-json\/wp\/v2\/comments?post=239"}],"version-history":[{"count":15,"href":"https:\/\/bustec.eu\/cs\/wp-json\/wp\/v2\/pages\/239\/revisions"}],"predecessor-version":[{"id":1061,"href":"https:\/\/bustec.eu\/cs\/wp-json\/wp\/v2\/pages\/239\/revisions\/1061"}],"wp:attachment":[{"href":"https:\/\/bustec.eu\/cs\/wp-json\/wp\/v2\/media?parent=239"}],"curies":[{"name":"wp","href":"https:\/\/api.w.org\/{rel}","templated":true}]}}