{"id":227,"date":"2025-06-05T07:17:21","date_gmt":"2025-06-05T07:17:21","guid":{"rendered":"https:\/\/bustec.eu\/?page_id=227"},"modified":"2026-02-04T11:46:21","modified_gmt":"2026-02-04T10:46:21","slug":"solutions-certificates","status":"publish","type":"page","link":"https:\/\/bustec.eu\/cs\/solutions-certificates\/","title":{"rendered":"Solutions\/certificates"},"content":{"rendered":"<div class='breakdance'><section class=\"bde-section-227-101 bde-section\">\n  \n  \n\t\n\n\n\n<div class=\"section-container\"><\/div>\n<\/section><section class=\"bde-section-227-102 bde-section\">\n  \n  \n\t\n\n\n\n<div class=\"section-container\"><div class=\"bde-div-227-112 bde-div\">\n  \n  \n\t\n\n\n\n<h1 class=\"bde-heading-227-103 bde-heading\" data-entrance=\"zoomIn\">\nFrom quality assurance to environmental protection \u2013\u00a0Our certificates\n<\/h1>\n<\/div><div class=\"bde-div-227-206 bde-div\">\n  \n  \n\t\n\n\n\n<div class=\"bde-div-227-207 bde-div\">\n  \n  \n\t\n\n\n\n<div class=\"bde-text-227-109 bde-text\">\nPrecision and meticulous quality management are the key to reliable and durable products. For the satisfaction of our customers we attach great importance to these points.<br>We have had this certified with numerous international standards.\n<\/div>\n<\/div><div class=\"bde-div-227-208 bde-div\">\n  \n  \n\t\n\n\n\n<div class=\"bde-text-227-111 bde-text\">\nEnclosed you will find a list of our current certificates. These include evidence of both technical qualifications and our quality management. In addition, we have certificates for our environmentally friendly production. Feel free to look around.\n<\/div>\n<\/div>\n<\/div><div class=\"bde-columns-227-175 bde-columns\"><div class=\"bde-column-227-176 bde-column\">\n  \n  \n\t\n\n\n\n<div class=\"bde-div-227-178 bde-div\">\n  \n  \n\t\n\n\n\n<div class=\"bde-div-227-220 bde-div\">\n  \n  \n\t\n\n\n\n<h2 class=\"bde-heading-227-116 bde-heading\">\nBustec Infosysteme GmbH\n<\/h2><div class=\"bde-div-227-179 bde-div\">\n  \n  \n\t\n\n\n\n<div class=\"bde-text-227-118 bde-text\">\nCertificate\n<\/div><a class=\"bde-container-link-227-211 bde-container-link breakdance-link\" href=\"#\" target=\"_self\">\n  \n  \n\t\n\n\n\n<div class=\"bde-div-227-180 bde-div\">\n  \n  \n\t\n\n\n\n<div class=\"bde-text-227-181 bde-text\">\nCSN EN ISO 9001:2016\n<\/div><div class=\"bde-icon-227-126 bde-icon\">\n\n    \n            <div class=\"bde-icon-icon breakdance-icon-atom\" >\n    \n                    <svg xmlns=\"http:\/\/www.w3.org\/2000\/svg\" width=\"19\" height=\"19\" viewbox=\"0 0 19 19\" fill=\"none\">\r\n<path d=\"M16.4434 15.032H2.94336C2.74445 15.032 2.55368 15.1111 2.41303 15.2517C2.27238 15.3924 2.19336 15.5831 2.19336 15.782C2.19336 15.981 2.27238 16.1717 2.41303 16.3124C2.55368 16.453 2.74445 16.532 2.94336 16.532H16.4434C16.6423 16.532 16.833 16.453 16.9737 16.3124C17.1143 16.1717 17.1934 15.981 17.1934 15.782C17.1934 15.5831 17.1143 15.3924 16.9737 15.2517C16.833 15.1111 16.6423 15.032 16.4434 15.032Z\" fill=\"black\"\/>\r\n<path d=\"M9.69301 2.28241C9.4941 2.28241 9.30333 2.36143 9.16268 2.50208C9.02203 2.64273 8.94301 2.8335 8.94301 3.03241V10.9749L6.47551 8.49991C6.33428 8.35868 6.14274 8.27934 5.94301 8.27934C5.74328 8.27934 5.55174 8.35868 5.41051 8.49991C5.26928 8.64114 5.18994 8.83268 5.18994 9.03241C5.18994 9.23214 5.26928 9.42368 5.41051 9.56491L9.16051 13.3149C9.23023 13.3852 9.31318 13.441 9.40458 13.4791C9.49597 13.5172 9.594 13.5368 9.69301 13.5368C9.79202 13.5368 9.89005 13.5172 9.98144 13.4791C10.0728 13.441 10.1558 13.3852 10.2255 13.3149L13.9755 9.56491C14.0454 9.49498 14.1009 9.41196 14.1388 9.3206C14.1766 9.22923 14.1961 9.13131 14.1961 9.03241C14.1961 8.93352 14.1766 8.83559 14.1388 8.74422C14.1009 8.65286 14.0454 8.56984 13.9755 8.49991C13.9056 8.42998 13.8226 8.37451 13.7312 8.33667C13.6398 8.29882 13.5419 8.27934 13.443 8.27934C13.3441 8.27934 13.2462 8.29882 13.1548 8.33667C13.0635 8.37451 12.9804 8.42998 12.9105 8.49991L10.443 10.9749V3.03241C10.443 2.8335 10.364 2.64273 10.2233 2.50208C10.0827 2.36143 9.89192 2.28241 9.69301 2.28241Z\" fill=\"black\"\/>\r\n<\/svg>\n        \n        \n        \n            <\/div>\n    \n\n\n<\/div>\n<\/div>\n\n<\/a><a class=\"bde-container-link-227-212 bde-container-link breakdance-link\" href=\"#\" target=\"_self\">\n  \n  \n\t\n\n\n\n<div class=\"bde-div-227-213 bde-div\">\n  \n  \n\t\n\n\n\n<div class=\"bde-text-227-214 bde-text\">\nCSN EN ISO 9001:2016\n<\/div><div class=\"bde-icon-227-215 bde-icon\">\n\n    \n            <div class=\"bde-icon-icon breakdance-icon-atom\" >\n    \n                    <svg xmlns=\"http:\/\/www.w3.org\/2000\/svg\" width=\"19\" height=\"19\" viewbox=\"0 0 19 19\" fill=\"none\">\r\n<path d=\"M16.4434 15.032H2.94336C2.74445 15.032 2.55368 15.1111 2.41303 15.2517C2.27238 15.3924 2.19336 15.5831 2.19336 15.782C2.19336 15.981 2.27238 16.1717 2.41303 16.3124C2.55368 16.453 2.74445 16.532 2.94336 16.532H16.4434C16.6423 16.532 16.833 16.453 16.9737 16.3124C17.1143 16.1717 17.1934 15.981 17.1934 15.782C17.1934 15.5831 17.1143 15.3924 16.9737 15.2517C16.833 15.1111 16.6423 15.032 16.4434 15.032Z\" fill=\"black\"\/>\r\n<path d=\"M9.69301 2.28241C9.4941 2.28241 9.30333 2.36143 9.16268 2.50208C9.02203 2.64273 8.94301 2.8335 8.94301 3.03241V10.9749L6.47551 8.49991C6.33428 8.35868 6.14274 8.27934 5.94301 8.27934C5.74328 8.27934 5.55174 8.35868 5.41051 8.49991C5.26928 8.64114 5.18994 8.83268 5.18994 9.03241C5.18994 9.23214 5.26928 9.42368 5.41051 9.56491L9.16051 13.3149C9.23023 13.3852 9.31318 13.441 9.40458 13.4791C9.49597 13.5172 9.594 13.5368 9.69301 13.5368C9.79202 13.5368 9.89005 13.5172 9.98144 13.4791C10.0728 13.441 10.1558 13.3852 10.2255 13.3149L13.9755 9.56491C14.0454 9.49498 14.1009 9.41196 14.1388 9.3206C14.1766 9.22923 14.1961 9.13131 14.1961 9.03241C14.1961 8.93352 14.1766 8.83559 14.1388 8.74422C14.1009 8.65286 14.0454 8.56984 13.9755 8.49991C13.9056 8.42998 13.8226 8.37451 13.7312 8.33667C13.6398 8.29882 13.5419 8.27934 13.443 8.27934C13.3441 8.27934 13.2462 8.29882 13.1548 8.33667C13.0635 8.37451 12.9804 8.42998 12.9105 8.49991L10.443 10.9749V3.03241C10.443 2.8335 10.364 2.64273 10.2233 2.50208C10.0827 2.36143 9.89192 2.28241 9.69301 2.28241Z\" fill=\"black\"\/>\r\n<\/svg>\n        \n        \n        \n            <\/div>\n    \n\n\n<\/div>\n<\/div>\n\n<\/a><a class=\"bde-container-link-227-216 bde-container-link breakdance-link\" href=\"#\" target=\"_self\">\n  \n  \n\t\n\n\n\n<div class=\"bde-div-227-217 bde-div\">\n  \n  \n\t\n\n\n\n<div class=\"bde-text-227-218 bde-text\">\nQuality Policy\n<\/div><div class=\"bde-icon-227-219 bde-icon\">\n\n    \n            <div class=\"bde-icon-icon breakdance-icon-atom\" >\n    \n                    <svg xmlns=\"http:\/\/www.w3.org\/2000\/svg\" width=\"19\" height=\"19\" viewbox=\"0 0 19 19\" fill=\"none\">\r\n<path d=\"M16.4434 15.032H2.94336C2.74445 15.032 2.55368 15.1111 2.41303 15.2517C2.27238 15.3924 2.19336 15.5831 2.19336 15.782C2.19336 15.981 2.27238 16.1717 2.41303 16.3124C2.55368 16.453 2.74445 16.532 2.94336 16.532H16.4434C16.6423 16.532 16.833 16.453 16.9737 16.3124C17.1143 16.1717 17.1934 15.981 17.1934 15.782C17.1934 15.5831 17.1143 15.3924 16.9737 15.2517C16.833 15.1111 16.6423 15.032 16.4434 15.032Z\" fill=\"black\"\/>\r\n<path d=\"M9.69301 2.28241C9.4941 2.28241 9.30333 2.36143 9.16268 2.50208C9.02203 2.64273 8.94301 2.8335 8.94301 3.03241V10.9749L6.47551 8.49991C6.33428 8.35868 6.14274 8.27934 5.94301 8.27934C5.74328 8.27934 5.55174 8.35868 5.41051 8.49991C5.26928 8.64114 5.18994 8.83268 5.18994 9.03241C5.18994 9.23214 5.26928 9.42368 5.41051 9.56491L9.16051 13.3149C9.23023 13.3852 9.31318 13.441 9.40458 13.4791C9.49597 13.5172 9.594 13.5368 9.69301 13.5368C9.79202 13.5368 9.89005 13.5172 9.98144 13.4791C10.0728 13.441 10.1558 13.3852 10.2255 13.3149L13.9755 9.56491C14.0454 9.49498 14.1009 9.41196 14.1388 9.3206C14.1766 9.22923 14.1961 9.13131 14.1961 9.03241C14.1961 8.93352 14.1766 8.83559 14.1388 8.74422C14.1009 8.65286 14.0454 8.56984 13.9755 8.49991C13.9056 8.42998 13.8226 8.37451 13.7312 8.33667C13.6398 8.29882 13.5419 8.27934 13.443 8.27934C13.3441 8.27934 13.2462 8.29882 13.1548 8.33667C13.0635 8.37451 12.9804 8.42998 12.9105 8.49991L10.443 10.9749V3.03241C10.443 2.8335 10.364 2.64273 10.2233 2.50208C10.0827 2.36143 9.89192 2.28241 9.69301 2.28241Z\" fill=\"black\"\/>\r\n<\/svg>\n        \n        \n        \n            <\/div>\n    \n\n\n<\/div>\n<\/div>\n\n<\/a>\n<\/div>\n<\/div><div class=\"bde-div-227-221 bde-div\">\n  \n  \n\t\n\n\n\n<h2 class=\"bde-heading-227-222 bde-heading\">\nBustec s.r.o.\n<\/h2><div class=\"bde-div-227-223 bde-div\">\n  \n  \n\t\n\n\n\n<div class=\"bde-text-227-224 bde-text\">\nCertificate\n<\/div><a class=\"bde-container-link-227-225 bde-container-link breakdance-link\" href=\"#\" target=\"_self\">\n  \n  \n\t\n\n\n\n<div class=\"bde-div-227-226 bde-div\">\n  \n  \n\t\n\n\n\n<div class=\"bde-text-227-227 bde-text\">\nCSN EN ISO 9001:2016\n<\/div><div class=\"bde-icon-227-228 bde-icon\">\n\n    \n            <div class=\"bde-icon-icon breakdance-icon-atom\" >\n    \n                    <svg xmlns=\"http:\/\/www.w3.org\/2000\/svg\" width=\"19\" height=\"19\" viewbox=\"0 0 19 19\" fill=\"none\">\r\n<path d=\"M16.4434 15.032H2.94336C2.74445 15.032 2.55368 15.1111 2.41303 15.2517C2.27238 15.3924 2.19336 15.5831 2.19336 15.782C2.19336 15.981 2.27238 16.1717 2.41303 16.3124C2.55368 16.453 2.74445 16.532 2.94336 16.532H16.4434C16.6423 16.532 16.833 16.453 16.9737 16.3124C17.1143 16.1717 17.1934 15.981 17.1934 15.782C17.1934 15.5831 17.1143 15.3924 16.9737 15.2517C16.833 15.1111 16.6423 15.032 16.4434 15.032Z\" fill=\"black\"\/>\r\n<path d=\"M9.69301 2.28241C9.4941 2.28241 9.30333 2.36143 9.16268 2.50208C9.02203 2.64273 8.94301 2.8335 8.94301 3.03241V10.9749L6.47551 8.49991C6.33428 8.35868 6.14274 8.27934 5.94301 8.27934C5.74328 8.27934 5.55174 8.35868 5.41051 8.49991C5.26928 8.64114 5.18994 8.83268 5.18994 9.03241C5.18994 9.23214 5.26928 9.42368 5.41051 9.56491L9.16051 13.3149C9.23023 13.3852 9.31318 13.441 9.40458 13.4791C9.49597 13.5172 9.594 13.5368 9.69301 13.5368C9.79202 13.5368 9.89005 13.5172 9.98144 13.4791C10.0728 13.441 10.1558 13.3852 10.2255 13.3149L13.9755 9.56491C14.0454 9.49498 14.1009 9.41196 14.1388 9.3206C14.1766 9.22923 14.1961 9.13131 14.1961 9.03241C14.1961 8.93352 14.1766 8.83559 14.1388 8.74422C14.1009 8.65286 14.0454 8.56984 13.9755 8.49991C13.9056 8.42998 13.8226 8.37451 13.7312 8.33667C13.6398 8.29882 13.5419 8.27934 13.443 8.27934C13.3441 8.27934 13.2462 8.29882 13.1548 8.33667C13.0635 8.37451 12.9804 8.42998 12.9105 8.49991L10.443 10.9749V3.03241C10.443 2.8335 10.364 2.64273 10.2233 2.50208C10.0827 2.36143 9.89192 2.28241 9.69301 2.28241Z\" fill=\"black\"\/>\r\n<\/svg>\n        \n        \n        \n            <\/div>\n    \n\n\n<\/div>\n<\/div>\n\n<\/a><a class=\"bde-container-link-227-229 bde-container-link breakdance-link\" href=\"#\" target=\"_self\">\n  \n  \n\t\n\n\n\n<div class=\"bde-div-227-230 bde-div\">\n  \n  \n\t\n\n\n\n<div class=\"bde-text-227-231 bde-text\">\nCSN EN ISO 9001:2016\n<\/div><div class=\"bde-icon-227-232 bde-icon\">\n\n    \n            <div class=\"bde-icon-icon breakdance-icon-atom\" >\n    \n                    <svg xmlns=\"http:\/\/www.w3.org\/2000\/svg\" width=\"19\" height=\"19\" viewbox=\"0 0 19 19\" fill=\"none\">\r\n<path d=\"M16.4434 15.032H2.94336C2.74445 15.032 2.55368 15.1111 2.41303 15.2517C2.27238 15.3924 2.19336 15.5831 2.19336 15.782C2.19336 15.981 2.27238 16.1717 2.41303 16.3124C2.55368 16.453 2.74445 16.532 2.94336 16.532H16.4434C16.6423 16.532 16.833 16.453 16.9737 16.3124C17.1143 16.1717 17.1934 15.981 17.1934 15.782C17.1934 15.5831 17.1143 15.3924 16.9737 15.2517C16.833 15.1111 16.6423 15.032 16.4434 15.032Z\" fill=\"black\"\/>\r\n<path d=\"M9.69301 2.28241C9.4941 2.28241 9.30333 2.36143 9.16268 2.50208C9.02203 2.64273 8.94301 2.8335 8.94301 3.03241V10.9749L6.47551 8.49991C6.33428 8.35868 6.14274 8.27934 5.94301 8.27934C5.74328 8.27934 5.55174 8.35868 5.41051 8.49991C5.26928 8.64114 5.18994 8.83268 5.18994 9.03241C5.18994 9.23214 5.26928 9.42368 5.41051 9.56491L9.16051 13.3149C9.23023 13.3852 9.31318 13.441 9.40458 13.4791C9.49597 13.5172 9.594 13.5368 9.69301 13.5368C9.79202 13.5368 9.89005 13.5172 9.98144 13.4791C10.0728 13.441 10.1558 13.3852 10.2255 13.3149L13.9755 9.56491C14.0454 9.49498 14.1009 9.41196 14.1388 9.3206C14.1766 9.22923 14.1961 9.13131 14.1961 9.03241C14.1961 8.93352 14.1766 8.83559 14.1388 8.74422C14.1009 8.65286 14.0454 8.56984 13.9755 8.49991C13.9056 8.42998 13.8226 8.37451 13.7312 8.33667C13.6398 8.29882 13.5419 8.27934 13.443 8.27934C13.3441 8.27934 13.2462 8.29882 13.1548 8.33667C13.0635 8.37451 12.9804 8.42998 12.9105 8.49991L10.443 10.9749V3.03241C10.443 2.8335 10.364 2.64273 10.2233 2.50208C10.0827 2.36143 9.89192 2.28241 9.69301 2.28241Z\" fill=\"black\"\/>\r\n<\/svg>\n        \n        \n        \n            <\/div>\n    \n\n\n<\/div>\n<\/div>\n\n<\/a><a class=\"bde-container-link-227-237 bde-container-link breakdance-link\" href=\"#\" target=\"_self\">\n  \n  \n\t\n\n\n\n<div class=\"bde-div-227-238 bde-div\">\n  \n  \n\t\n\n\n\n<div class=\"bde-text-227-239 bde-text\">\nCSN EN ISO 14001:2016\n<\/div><div class=\"bde-icon-227-240 bde-icon\">\n\n    \n            <div class=\"bde-icon-icon breakdance-icon-atom\" >\n    \n                    <svg xmlns=\"http:\/\/www.w3.org\/2000\/svg\" width=\"19\" height=\"19\" viewbox=\"0 0 19 19\" fill=\"none\">\r\n<path d=\"M16.4434 15.032H2.94336C2.74445 15.032 2.55368 15.1111 2.41303 15.2517C2.27238 15.3924 2.19336 15.5831 2.19336 15.782C2.19336 15.981 2.27238 16.1717 2.41303 16.3124C2.55368 16.453 2.74445 16.532 2.94336 16.532H16.4434C16.6423 16.532 16.833 16.453 16.9737 16.3124C17.1143 16.1717 17.1934 15.981 17.1934 15.782C17.1934 15.5831 17.1143 15.3924 16.9737 15.2517C16.833 15.1111 16.6423 15.032 16.4434 15.032Z\" fill=\"black\"\/>\r\n<path d=\"M9.69301 2.28241C9.4941 2.28241 9.30333 2.36143 9.16268 2.50208C9.02203 2.64273 8.94301 2.8335 8.94301 3.03241V10.9749L6.47551 8.49991C6.33428 8.35868 6.14274 8.27934 5.94301 8.27934C5.74328 8.27934 5.55174 8.35868 5.41051 8.49991C5.26928 8.64114 5.18994 8.83268 5.18994 9.03241C5.18994 9.23214 5.26928 9.42368 5.41051 9.56491L9.16051 13.3149C9.23023 13.3852 9.31318 13.441 9.40458 13.4791C9.49597 13.5172 9.594 13.5368 9.69301 13.5368C9.79202 13.5368 9.89005 13.5172 9.98144 13.4791C10.0728 13.441 10.1558 13.3852 10.2255 13.3149L13.9755 9.56491C14.0454 9.49498 14.1009 9.41196 14.1388 9.3206C14.1766 9.22923 14.1961 9.13131 14.1961 9.03241C14.1961 8.93352 14.1766 8.83559 14.1388 8.74422C14.1009 8.65286 14.0454 8.56984 13.9755 8.49991C13.9056 8.42998 13.8226 8.37451 13.7312 8.33667C13.6398 8.29882 13.5419 8.27934 13.443 8.27934C13.3441 8.27934 13.2462 8.29882 13.1548 8.33667C13.0635 8.37451 12.9804 8.42998 12.9105 8.49991L10.443 10.9749V3.03241C10.443 2.8335 10.364 2.64273 10.2233 2.50208C10.0827 2.36143 9.89192 2.28241 9.69301 2.28241Z\" fill=\"black\"\/>\r\n<\/svg>\n        \n        \n        \n            <\/div>\n    \n\n\n<\/div>\n<\/div>\n\n<\/a><a class=\"bde-container-link-227-233 bde-container-link breakdance-link\" href=\"#\" target=\"_self\">\n  \n  \n\t\n\n\n\n<div class=\"bde-div-227-234 bde-div\">\n  \n  \n\t\n\n\n\n<div class=\"bde-text-227-235 bde-text\">\nQuality Policy\n<\/div><div class=\"bde-icon-227-236 bde-icon\">\n\n    \n            <div class=\"bde-icon-icon breakdance-icon-atom\" >\n    \n                    <svg xmlns=\"http:\/\/www.w3.org\/2000\/svg\" width=\"19\" height=\"19\" viewbox=\"0 0 19 19\" fill=\"none\">\r\n<path d=\"M16.4434 15.032H2.94336C2.74445 15.032 2.55368 15.1111 2.41303 15.2517C2.27238 15.3924 2.19336 15.5831 2.19336 15.782C2.19336 15.981 2.27238 16.1717 2.41303 16.3124C2.55368 16.453 2.74445 16.532 2.94336 16.532H16.4434C16.6423 16.532 16.833 16.453 16.9737 16.3124C17.1143 16.1717 17.1934 15.981 17.1934 15.782C17.1934 15.5831 17.1143 15.3924 16.9737 15.2517C16.833 15.1111 16.6423 15.032 16.4434 15.032Z\" fill=\"black\"\/>\r\n<path d=\"M9.69301 2.28241C9.4941 2.28241 9.30333 2.36143 9.16268 2.50208C9.02203 2.64273 8.94301 2.8335 8.94301 3.03241V10.9749L6.47551 8.49991C6.33428 8.35868 6.14274 8.27934 5.94301 8.27934C5.74328 8.27934 5.55174 8.35868 5.41051 8.49991C5.26928 8.64114 5.18994 8.83268 5.18994 9.03241C5.18994 9.23214 5.26928 9.42368 5.41051 9.56491L9.16051 13.3149C9.23023 13.3852 9.31318 13.441 9.40458 13.4791C9.49597 13.5172 9.594 13.5368 9.69301 13.5368C9.79202 13.5368 9.89005 13.5172 9.98144 13.4791C10.0728 13.441 10.1558 13.3852 10.2255 13.3149L13.9755 9.56491C14.0454 9.49498 14.1009 9.41196 14.1388 9.3206C14.1766 9.22923 14.1961 9.13131 14.1961 9.03241C14.1961 8.93352 14.1766 8.83559 14.1388 8.74422C14.1009 8.65286 14.0454 8.56984 13.9755 8.49991C13.9056 8.42998 13.8226 8.37451 13.7312 8.33667C13.6398 8.29882 13.5419 8.27934 13.443 8.27934C13.3441 8.27934 13.2462 8.29882 13.1548 8.33667C13.0635 8.37451 12.9804 8.42998 12.9105 8.49991L10.443 10.9749V3.03241C10.443 2.8335 10.364 2.64273 10.2233 2.50208C10.0827 2.36143 9.89192 2.28241 9.69301 2.28241Z\" fill=\"black\"\/>\r\n<\/svg>\n        \n        \n        \n            <\/div>\n    \n\n\n<\/div>\n<\/div>\n\n<\/a>\n<\/div>\n<\/div><div class=\"bde-div-227-241 bde-div\">\n  \n  \n\t\n\n\n\n<h2 class=\"bde-heading-227-242 bde-heading\">\nBustec Production s.r.o.\n<\/h2><div class=\"bde-div-227-243 bde-div\">\n  \n  \n\t\n\n\n\n<div class=\"bde-text-227-244 bde-text\">\nCertificate\n<\/div><a class=\"bde-container-link-227-245 bde-container-link breakdance-link\" href=\"#\" target=\"_self\">\n  \n  \n\t\n\n\n\n<div class=\"bde-div-227-246 bde-div\">\n  \n  \n\t\n\n\n\n<div class=\"bde-text-227-247 bde-text\">\nCSN EN ISO 9001:2016\n<\/div><div class=\"bde-icon-227-248 bde-icon\">\n\n    \n            <div class=\"bde-icon-icon breakdance-icon-atom\" >\n    \n                    <svg xmlns=\"http:\/\/www.w3.org\/2000\/svg\" width=\"19\" height=\"19\" viewbox=\"0 0 19 19\" fill=\"none\">\r\n<path d=\"M16.4434 15.032H2.94336C2.74445 15.032 2.55368 15.1111 2.41303 15.2517C2.27238 15.3924 2.19336 15.5831 2.19336 15.782C2.19336 15.981 2.27238 16.1717 2.41303 16.3124C2.55368 16.453 2.74445 16.532 2.94336 16.532H16.4434C16.6423 16.532 16.833 16.453 16.9737 16.3124C17.1143 16.1717 17.1934 15.981 17.1934 15.782C17.1934 15.5831 17.1143 15.3924 16.9737 15.2517C16.833 15.1111 16.6423 15.032 16.4434 15.032Z\" fill=\"black\"\/>\r\n<path d=\"M9.69301 2.28241C9.4941 2.28241 9.30333 2.36143 9.16268 2.50208C9.02203 2.64273 8.94301 2.8335 8.94301 3.03241V10.9749L6.47551 8.49991C6.33428 8.35868 6.14274 8.27934 5.94301 8.27934C5.74328 8.27934 5.55174 8.35868 5.41051 8.49991C5.26928 8.64114 5.18994 8.83268 5.18994 9.03241C5.18994 9.23214 5.26928 9.42368 5.41051 9.56491L9.16051 13.3149C9.23023 13.3852 9.31318 13.441 9.40458 13.4791C9.49597 13.5172 9.594 13.5368 9.69301 13.5368C9.79202 13.5368 9.89005 13.5172 9.98144 13.4791C10.0728 13.441 10.1558 13.3852 10.2255 13.3149L13.9755 9.56491C14.0454 9.49498 14.1009 9.41196 14.1388 9.3206C14.1766 9.22923 14.1961 9.13131 14.1961 9.03241C14.1961 8.93352 14.1766 8.83559 14.1388 8.74422C14.1009 8.65286 14.0454 8.56984 13.9755 8.49991C13.9056 8.42998 13.8226 8.37451 13.7312 8.33667C13.6398 8.29882 13.5419 8.27934 13.443 8.27934C13.3441 8.27934 13.2462 8.29882 13.1548 8.33667C13.0635 8.37451 12.9804 8.42998 12.9105 8.49991L10.443 10.9749V3.03241C10.443 2.8335 10.364 2.64273 10.2233 2.50208C10.0827 2.36143 9.89192 2.28241 9.69301 2.28241Z\" fill=\"black\"\/>\r\n<\/svg>\n        \n        \n        \n            <\/div>\n    \n\n\n<\/div>\n<\/div>\n\n<\/a>\n<\/div>\n<\/div><h2 class=\"bde-heading-227-160 bde-heading\">\nAMiT laboratory\n<\/h2><div class=\"bde-text-227-162 bde-text\">\nWe conduct pre-certification tests according to<br>standards\u00a0\u010cSN EN 61326-1, \u010cSN EN 50121-3-2,<br>and \u010cSN EN 50155.\n<\/div>\n<\/div>\n<\/div><\/div><\/div>\n<\/section><\/div>","protected":false},"excerpt":{"rendered":"<p>From quality assurance to environmental protection \u2013\u00a0Our certificates Precision and meticulous quality management are the key to reliable and durable products. For the satisfaction of our customers we attach great importance to these points.We have had this certified with numerous international standards. Enclosed you will find a list of our current certificates. These include evidence [&hellip;]<\/p>\n","protected":false},"author":1,"featured_media":0,"parent":0,"menu_order":0,"comment_status":"closed","ping_status":"closed","template":"","meta":{"_acf_changed":false,"_breakdance_hide_in_design_set":false,"_breakdance_tags":"","footnotes":""},"class_list":["post-227","page","type-page","status-publish","hentry"],"acf":[],"yoast_head":"<!-- This site is optimized with the Yoast SEO plugin v27.2 - https:\/\/yoast.com\/product\/yoast-seo-wordpress\/ -->\n<title>Quality and Environmental Certificates | Bustec<\/title>\n<meta name=\"description\" content=\"Discover Bustec certificates focused on quality management and environmental protection, ensuring reliable and durable products.\" \/>\n<meta name=\"robots\" content=\"index, follow, max-snippet:-1, max-image-preview:large, max-video-preview:-1\" \/>\n<link rel=\"canonical\" href=\"https:\/\/bustec.eu\/cs\/solutions-certificates\/\" \/>\n<meta property=\"og:locale\" content=\"cs_CZ\" \/>\n<meta property=\"og:type\" content=\"article\" \/>\n<meta property=\"og:title\" content=\"Quality and Environmental Certificates | Bustec\" \/>\n<meta property=\"og:description\" content=\"Discover Bustec certificates focused on quality management and environmental protection, ensuring reliable and durable products.\" \/>\n<meta property=\"og:url\" content=\"https:\/\/bustec.eu\/cs\/solutions-certificates\/\" \/>\n<meta property=\"og:site_name\" content=\"Bustec\" \/>\n<meta property=\"article:modified_time\" content=\"2026-02-04T10:46:21+00:00\" \/>\n<meta name=\"twitter:card\" content=\"summary_large_image\" \/>\n<meta name=\"twitter:label1\" content=\"Odhadovan\u00e1 doba \u010dten\u00ed\" \/>\n\t<meta name=\"twitter:data1\" content=\"1 minuta\" \/>\n<script type=\"application\/ld+json\" class=\"yoast-schema-graph\">{\"@context\":\"https:\/\/schema.org\",\"@graph\":[{\"@type\":\"WebPage\",\"@id\":\"https:\/\/bustec.eu\/solutions-certificates\/\",\"url\":\"https:\/\/bustec.eu\/solutions-certificates\/\",\"name\":\"Quality and Environmental Certificates | Bustec\",\"isPartOf\":{\"@id\":\"https:\/\/bustec.eu\/#website\"},\"datePublished\":\"2025-06-05T07:17:21+00:00\",\"dateModified\":\"2026-02-04T10:46:21+00:00\",\"description\":\"Discover Bustec certificates focused on quality management and environmental protection, ensuring reliable and durable products.\",\"breadcrumb\":{\"@id\":\"https:\/\/bustec.eu\/solutions-certificates\/#breadcrumb\"},\"inLanguage\":\"cs\",\"potentialAction\":[{\"@type\":\"ReadAction\",\"target\":[\"https:\/\/bustec.eu\/solutions-certificates\/\"]}]},{\"@type\":\"BreadcrumbList\",\"@id\":\"https:\/\/bustec.eu\/solutions-certificates\/#breadcrumb\",\"itemListElement\":[{\"@type\":\"ListItem\",\"position\":1,\"name\":\"Home\",\"item\":\"https:\/\/bustec.eu\/\"},{\"@type\":\"ListItem\",\"position\":2,\"name\":\"Solutions\/certificates\"}]},{\"@type\":\"WebSite\",\"@id\":\"https:\/\/bustec.eu\/#website\",\"url\":\"https:\/\/bustec.eu\/\",\"name\":\"Bustec\",\"description\":\"\",\"potentialAction\":[{\"@type\":\"SearchAction\",\"target\":{\"@type\":\"EntryPoint\",\"urlTemplate\":\"https:\/\/bustec.eu\/?s={search_term_string}\"},\"query-input\":{\"@type\":\"PropertyValueSpecification\",\"valueRequired\":true,\"valueName\":\"search_term_string\"}}],\"inLanguage\":\"cs\"}]}<\/script>\n<!-- \/ Yoast SEO plugin. -->","yoast_head_json":{"title":"Quality and Environmental Certificates | Bustec","description":"Discover Bustec certificates focused on quality management and environmental protection, ensuring reliable and durable products.","robots":{"index":"index","follow":"follow","max-snippet":"max-snippet:-1","max-image-preview":"max-image-preview:large","max-video-preview":"max-video-preview:-1"},"canonical":"https:\/\/bustec.eu\/cs\/solutions-certificates\/","og_locale":"cs_CZ","og_type":"article","og_title":"Quality and Environmental Certificates | Bustec","og_description":"Discover Bustec certificates focused on quality management and environmental protection, ensuring reliable and durable products.","og_url":"https:\/\/bustec.eu\/cs\/solutions-certificates\/","og_site_name":"Bustec","article_modified_time":"2026-02-04T10:46:21+00:00","twitter_card":"summary_large_image","twitter_misc":{"Odhadovan\u00e1 doba \u010dten\u00ed":"1 minuta"},"schema":{"@context":"https:\/\/schema.org","@graph":[{"@type":"WebPage","@id":"https:\/\/bustec.eu\/solutions-certificates\/","url":"https:\/\/bustec.eu\/solutions-certificates\/","name":"Quality and Environmental Certificates | Bustec","isPartOf":{"@id":"https:\/\/bustec.eu\/#website"},"datePublished":"2025-06-05T07:17:21+00:00","dateModified":"2026-02-04T10:46:21+00:00","description":"Discover Bustec certificates focused on quality management and environmental protection, ensuring reliable and durable products.","breadcrumb":{"@id":"https:\/\/bustec.eu\/solutions-certificates\/#breadcrumb"},"inLanguage":"cs","potentialAction":[{"@type":"ReadAction","target":["https:\/\/bustec.eu\/solutions-certificates\/"]}]},{"@type":"BreadcrumbList","@id":"https:\/\/bustec.eu\/solutions-certificates\/#breadcrumb","itemListElement":[{"@type":"ListItem","position":1,"name":"Home","item":"https:\/\/bustec.eu\/"},{"@type":"ListItem","position":2,"name":"Solutions\/certificates"}]},{"@type":"WebSite","@id":"https:\/\/bustec.eu\/#website","url":"https:\/\/bustec.eu\/","name":"Bustec","description":"","potentialAction":[{"@type":"SearchAction","target":{"@type":"EntryPoint","urlTemplate":"https:\/\/bustec.eu\/?s={search_term_string}"},"query-input":{"@type":"PropertyValueSpecification","valueRequired":true,"valueName":"search_term_string"}}],"inLanguage":"cs"}]}},"_links":{"self":[{"href":"https:\/\/bustec.eu\/cs\/wp-json\/wp\/v2\/pages\/227","targetHints":{"allow":["GET"]}}],"collection":[{"href":"https:\/\/bustec.eu\/cs\/wp-json\/wp\/v2\/pages"}],"about":[{"href":"https:\/\/bustec.eu\/cs\/wp-json\/wp\/v2\/types\/page"}],"author":[{"embeddable":true,"href":"https:\/\/bustec.eu\/cs\/wp-json\/wp\/v2\/users\/1"}],"replies":[{"embeddable":true,"href":"https:\/\/bustec.eu\/cs\/wp-json\/wp\/v2\/comments?post=227"}],"version-history":[{"count":13,"href":"https:\/\/bustec.eu\/cs\/wp-json\/wp\/v2\/pages\/227\/revisions"}],"predecessor-version":[{"id":984,"href":"https:\/\/bustec.eu\/cs\/wp-json\/wp\/v2\/pages\/227\/revisions\/984"}],"wp:attachment":[{"href":"https:\/\/bustec.eu\/cs\/wp-json\/wp\/v2\/media?parent=227"}],"curies":[{"name":"wp","href":"https:\/\/api.w.org\/{rel}","templated":true}]}}