{"id":130,"date":"2025-04-29T21:07:05","date_gmt":"2025-04-29T21:07:05","guid":{"rendered":"https:\/\/bustec.eu\/?page_id=130"},"modified":"2026-02-04T10:31:12","modified_gmt":"2026-02-04T09:31:12","slug":"solutions","status":"publish","type":"page","link":"https:\/\/bustec.eu\/cs\/solutions\/","title":{"rendered":"Solutions"},"content":{"rendered":"<div class='breakdance'><section class=\"bde-section-130-100 bde-section\">\n  \n  \n\t\n\n\n\n<div class=\"section-container\"><\/div>\n<\/section><section class=\"bde-section-130-101 bde-section\">\n  \n  \n\t\n\n\n\n<div class=\"section-container\"><h1 class=\"bde-heading-130-102 bde-heading\" data-entrance=\"zoomIn\">\nFlexibility, experience and expertise?\n<\/h1><div class=\"bde-div-130-173 bde-div\">\n  \n  \n\t\n\n\n\n<div class=\"bde-div-130-174 bde-div\">\n  \n  \n\t\n\n\n\n<div class=\"bde-text-130-105 bde-text\">\nAt bustec, we serve as an innovative development partner for future-oriented passenger information systems across the bus, rail, and bus stop sectors. With our state-of-the-art development and production sites, we are excellently positioned for the future of railway and public transportation.\n<\/div>\n<\/div><div class=\"bde-div-130-175 bde-div\">\n  \n  \n\t\n\n\n\n<div class=\"bde-text-130-108 bde-text\">\nAs an established technology company in the global market, bustec collaborates with numerous well-known partners worldwide. Our consistent customer-centric approach is the foundation of our international success.\n<\/div>\n<\/div>\n<\/div><div class=\"bde-columns-130-111 bde-columns\"><div class=\"bde-column-130-114 bde-column\">\n  \n  \n\t\n\n\n\n<img decoding=\"async\" class=\"bde-image2-130-115 bde-image2\" src=\"https:\/\/bustec.eu\/wp-content\/uploads\/2025\/04\/image-11.png\" loading=\"lazy\" srcset=\"https:\/\/bustec.eu\/wp-content\/uploads\/2025\/04\/image-11.png 421w, https:\/\/bustec.eu\/wp-content\/uploads\/2025\/04\/image-11-300x214.png 300w\" sizes=\"(max-width: 421px) 100vw, 421px\">\n<\/div><div class=\"bde-column-130-112 bde-column\">\n  \n  \n\t\n\n\n\n<h1 class=\"bde-heading-130-117 bde-heading\">\nDevelopment\n<\/h1><div class=\"bde-text-130-113 bde-text\">\nAt bustec, we manage the entire process\u2014from concept to delivery\u2014swiftly and efficiently from our European factory. Every solution starts with development, whether inspired by a customer request or a new idea, and continues all the way to market launch.\n<\/div><a class=\"bde-text-link-130-118 bde-text-link breakdance-link\" href=\"#\" target=\"_self\">\n  More\n\n<\/a>\n<\/div><\/div><div class=\"bde-columns-130-119 bde-columns\"><div class=\"bde-column-130-120 bde-column\">\n  \n  \n\t\n\n\n\n<a class=\"bde-container-link-130-165 bde-container-link breakdance-link\" href=\"https:\/\/bustec.eu\/cs\/solutions-elektronics\/\" target=\"_self\" data-type=\"url\">\n  \n  \n\t\n\n\n\n<img decoding=\"async\" class=\"bde-image2-130-121 bde-image2\" src=\"https:\/\/bustec.eu\/wp-content\/uploads\/2025\/06\/fBustec__52490.png\" loading=\"lazy\" srcset=\"https:\/\/bustec.eu\/wp-content\/uploads\/2025\/06\/fBustec__52490.png 421w, https:\/\/bustec.eu\/wp-content\/uploads\/2025\/06\/fBustec__52490-300x214.png 300w\" sizes=\"(max-width: 421px) 100vw, 421px\"><h2 class=\"bde-heading-130-126 bde-heading\">\nElectronics\n<\/h2><div class=\"bde-text-130-127 bde-text\">\nWith extensive technical know-how and decades\/(years) of industry experience, we have earned the trust of our customers in the field of passenger information systems.\n<\/div><div class=\"bde-text-130-166 bde-text\">\nMore\n<\/div>\n\n<\/a>\n<\/div><div class=\"bde-column-130-129 bde-column\">\n  \n  \n\t\n\n\n\n<a class=\"bde-container-link-130-164 bde-container-link breakdance-link\" href=\"https:\/\/bustec.eu\/cs\/solutions-testing\/\" target=\"_self\" data-type=\"url\">\n  \n  \n\t\n\n\n\n<img decoding=\"async\" class=\"bde-image2-130-130 bde-image2\" src=\"https:\/\/bustec.eu\/wp-content\/uploads\/2025\/04\/MG_7327-2.png\" loading=\"lazy\" srcset=\"https:\/\/bustec.eu\/wp-content\/uploads\/2025\/04\/MG_7327-2.png 421w, https:\/\/bustec.eu\/wp-content\/uploads\/2025\/04\/MG_7327-2-300x214.png 300w\" sizes=\"(max-width: 421px) 100vw, 421px\"><h2 class=\"bde-heading-130-131 bde-heading\">\nTesting\n<\/h2><div class=\"bde-text-130-132 bde-text\">\nIn our testing laboratory, we conduct pre-certification tests according to standards\u00a0\u010cSN EN 61326-1, \u010cSN EN 50121-3-2, and \u010cSN EN 50155.\n<\/div><div class=\"bde-text-130-167 bde-text\">\nMore\n<\/div>\n\n<\/a>\n<\/div><\/div><div class=\"bde-columns-130-134 bde-columns\"><div class=\"bde-column-130-135 bde-column\">\n  \n  \n\t\n\n\n\n<a class=\"bde-container-link-130-169 bde-container-link breakdance-link\" href=\"https:\/\/bustec.eu\/cs\/solutions-construction\/\" target=\"_self\" data-type=\"url\">\n  \n  \n\t\n\n\n\n<img decoding=\"async\" class=\"bde-image2-130-136 bde-image2\" src=\"https:\/\/bustec.eu\/wp-content\/uploads\/2025\/06\/Bustec__52471.png\" loading=\"lazy\" srcset=\"https:\/\/bustec.eu\/wp-content\/uploads\/2025\/06\/Bustec__52471.png 422w, https:\/\/bustec.eu\/wp-content\/uploads\/2025\/06\/Bustec__52471-300x214.png 300w\" sizes=\"(max-width: 422px) 100vw, 422px\"><h2 class=\"bde-heading-130-137 bde-heading\">\nConstruction\n<\/h2><div class=\"bde-text-130-138 bde-text\">\nWe bring many years of experience in designing and developing custom enclosures, always considering the specific conditions within vehicles and at stationary stops.\n<\/div><div class=\"bde-text-130-168 bde-text\">\nMore\n<\/div>\n\n<\/a>\n<\/div><div class=\"bde-column-130-140 bde-column\">\n  \n  \n\t\n\n\n\n<a class=\"bde-container-link-130-183 bde-container-link breakdance-link\" href=\"https:\/\/bustec.eu\/cs\/solutions-production\/\" target=\"_self\" data-type=\"url\">\n  \n  \n\t\n\n\n\n<img decoding=\"async\" class=\"bde-image2-130-141 bde-image2\" src=\"https:\/\/bustec.eu\/wp-content\/uploads\/2025\/06\/Bustec__52488.png\" loading=\"lazy\" srcset=\"https:\/\/bustec.eu\/wp-content\/uploads\/2025\/06\/Bustec__52488.png 421w, https:\/\/bustec.eu\/wp-content\/uploads\/2025\/06\/Bustec__52488-300x214.png 300w\" sizes=\"(max-width: 421px) 100vw, 421px\"><h2 class=\"bde-heading-130-142 bde-heading\">\nProduction\n<\/h2><div class=\"bde-text-130-143 bde-text\">\nAt bustec, every product development process starts with a concept \/ idead or perhaps a customer-specific requirement and progresses through to market introduction.\n<\/div><div class=\"bde-text-130-195 bde-text\">\nMore\n<\/div>\n\n<\/a>\n<\/div><\/div><div class=\"bde-columns-130-196 bde-columns\"><div class=\"bde-column-130-203 bde-column\">\n  \n  \n\t\n\n\n\n<a class=\"bde-container-link-130-204 bde-container-link breakdance-link\" href=\"https:\/\/bustec.eu\/cs\/solutions-certificates\/\" target=\"_self\" data-type=\"url\">\n  \n  \n\t\n\n\n\n<img decoding=\"async\" class=\"bde-image2-130-152 bde-image2\" src=\"https:\/\/bustec.eu\/wp-content\/uploads\/2025\/06\/Bustec__52475.png\" loading=\"lazy\" srcset=\"https:\/\/bustec.eu\/wp-content\/uploads\/2025\/06\/Bustec__52475.png 421w, https:\/\/bustec.eu\/wp-content\/uploads\/2025\/06\/Bustec__52475-300x214.png 300w\" sizes=\"(max-width: 421px) 100vw, 421px\"><h2 class=\"bde-heading-130-206 bde-heading\">\nCertificates\n<\/h2><div class=\"bde-text-130-207 bde-text\">\nPrecision and meticulous quality management are the key to reliable and durable products. We have had this certified with numerous international standards.\n<\/div><div class=\"bde-text-130-208 bde-text\">\nMore\n<\/div>\n\n<\/a>\n<\/div><div class=\"bde-column-130-197 bde-column\">\n  \n  \n\t\n\n\n\n<a class=\"bde-container-link-130-198 bde-container-link breakdance-link\" href=\"#\" target=\"_self\">\n  \n  \n\t\n\n\n\n<img decoding=\"async\" class=\"bde-image2-130-147 bde-image2\" src=\"https:\/\/bustec.eu\/wp-content\/uploads\/2025\/04\/autobus-pri-zapadu-slunce-1.png\" loading=\"lazy\" srcset=\"https:\/\/bustec.eu\/wp-content\/uploads\/2025\/04\/autobus-pri-zapadu-slunce-1.png 421w, https:\/\/bustec.eu\/wp-content\/uploads\/2025\/04\/autobus-pri-zapadu-slunce-1-300x214.png 300w\" sizes=\"(max-width: 421px) 100vw, 421px\"><h2 class=\"bde-heading-130-200 bde-heading\">\nESG\n<\/h2><div class=\"bde-text-130-201 bde-text\">\nSustainability is not just an empty term for us, nor is it a new trend. At our company, we are committed to implementing principles of sustainable development and adhering to ESG standards.\n<\/div><div class=\"bde-text-130-202 bde-text\">\nMore\n<\/div>\n\n<\/a>\n<\/div><\/div><\/div>\n<\/section><\/div>","protected":false},"excerpt":{"rendered":"<p>Flexibility, experience and expertise? At bustec, we serve as an innovative development partner for future-oriented passenger information systems across the bus, rail, and bus stop sectors. With our state-of-the-art development and production sites, we are excellently positioned for the future of railway and public transportation. As an established technology company in the global market, bustec [&hellip;]<\/p>\n","protected":false},"author":1,"featured_media":0,"parent":0,"menu_order":0,"comment_status":"closed","ping_status":"closed","template":"","meta":{"_acf_changed":false,"_breakdance_hide_in_design_set":false,"_breakdance_tags":"","footnotes":""},"class_list":["post-130","page","type-page","status-publish","hentry"],"acf":[],"yoast_head":"<!-- This site is optimized with the Yoast SEO plugin v27.2 - https:\/\/yoast.com\/product\/yoast-seo-wordpress\/ -->\n<title>Solutions - Bustec<\/title>\n<meta name=\"robots\" content=\"index, follow, max-snippet:-1, max-image-preview:large, max-video-preview:-1\" \/>\n<link rel=\"canonical\" href=\"https:\/\/bustec.eu\/cs\/solutions\/\" \/>\n<meta property=\"og:locale\" content=\"cs_CZ\" \/>\n<meta property=\"og:type\" content=\"article\" \/>\n<meta property=\"og:title\" content=\"Solutions - Bustec\" \/>\n<meta property=\"og:description\" content=\"Flexibility, experience and expertise? At bustec, we serve as an innovative development partner for future-oriented passenger information systems across the bus, rail, and bus stop sectors. With our state-of-the-art development and production sites, we are excellently positioned for the future of railway and public transportation. As an established technology company in the global market, bustec [&hellip;]\" \/>\n<meta property=\"og:url\" content=\"https:\/\/bustec.eu\/cs\/solutions\/\" \/>\n<meta property=\"og:site_name\" content=\"Bustec\" \/>\n<meta property=\"article:modified_time\" content=\"2026-02-04T09:31:12+00:00\" \/>\n<meta name=\"twitter:card\" content=\"summary_large_image\" \/>\n<script type=\"application\/ld+json\" class=\"yoast-schema-graph\">{\"@context\":\"https:\/\/schema.org\",\"@graph\":[{\"@type\":\"WebPage\",\"@id\":\"https:\/\/bustec.eu\/solutions\/\",\"url\":\"https:\/\/bustec.eu\/solutions\/\",\"name\":\"Solutions - Bustec\",\"isPartOf\":{\"@id\":\"https:\/\/bustec.eu\/#website\"},\"datePublished\":\"2025-04-29T21:07:05+00:00\",\"dateModified\":\"2026-02-04T09:31:12+00:00\",\"breadcrumb\":{\"@id\":\"https:\/\/bustec.eu\/solutions\/#breadcrumb\"},\"inLanguage\":\"cs\",\"potentialAction\":[{\"@type\":\"ReadAction\",\"target\":[\"https:\/\/bustec.eu\/solutions\/\"]}]},{\"@type\":\"BreadcrumbList\",\"@id\":\"https:\/\/bustec.eu\/solutions\/#breadcrumb\",\"itemListElement\":[{\"@type\":\"ListItem\",\"position\":1,\"name\":\"Home\",\"item\":\"https:\/\/bustec.eu\/\"},{\"@type\":\"ListItem\",\"position\":2,\"name\":\"Solutions\"}]},{\"@type\":\"WebSite\",\"@id\":\"https:\/\/bustec.eu\/#website\",\"url\":\"https:\/\/bustec.eu\/\",\"name\":\"Bustec\",\"description\":\"\",\"potentialAction\":[{\"@type\":\"SearchAction\",\"target\":{\"@type\":\"EntryPoint\",\"urlTemplate\":\"https:\/\/bustec.eu\/?s={search_term_string}\"},\"query-input\":{\"@type\":\"PropertyValueSpecification\",\"valueRequired\":true,\"valueName\":\"search_term_string\"}}],\"inLanguage\":\"cs\"}]}<\/script>\n<!-- \/ Yoast SEO plugin. -->","yoast_head_json":{"title":"Solutions - Bustec","robots":{"index":"index","follow":"follow","max-snippet":"max-snippet:-1","max-image-preview":"max-image-preview:large","max-video-preview":"max-video-preview:-1"},"canonical":"https:\/\/bustec.eu\/cs\/solutions\/","og_locale":"cs_CZ","og_type":"article","og_title":"Solutions - Bustec","og_description":"Flexibility, experience and expertise? At bustec, we serve as an innovative development partner for future-oriented passenger information systems across the bus, rail, and bus stop sectors. With our state-of-the-art development and production sites, we are excellently positioned for the future of railway and public transportation. As an established technology company in the global market, bustec [&hellip;]","og_url":"https:\/\/bustec.eu\/cs\/solutions\/","og_site_name":"Bustec","article_modified_time":"2026-02-04T09:31:12+00:00","twitter_card":"summary_large_image","schema":{"@context":"https:\/\/schema.org","@graph":[{"@type":"WebPage","@id":"https:\/\/bustec.eu\/solutions\/","url":"https:\/\/bustec.eu\/solutions\/","name":"Solutions - Bustec","isPartOf":{"@id":"https:\/\/bustec.eu\/#website"},"datePublished":"2025-04-29T21:07:05+00:00","dateModified":"2026-02-04T09:31:12+00:00","breadcrumb":{"@id":"https:\/\/bustec.eu\/solutions\/#breadcrumb"},"inLanguage":"cs","potentialAction":[{"@type":"ReadAction","target":["https:\/\/bustec.eu\/solutions\/"]}]},{"@type":"BreadcrumbList","@id":"https:\/\/bustec.eu\/solutions\/#breadcrumb","itemListElement":[{"@type":"ListItem","position":1,"name":"Home","item":"https:\/\/bustec.eu\/"},{"@type":"ListItem","position":2,"name":"Solutions"}]},{"@type":"WebSite","@id":"https:\/\/bustec.eu\/#website","url":"https:\/\/bustec.eu\/","name":"Bustec","description":"","potentialAction":[{"@type":"SearchAction","target":{"@type":"EntryPoint","urlTemplate":"https:\/\/bustec.eu\/?s={search_term_string}"},"query-input":{"@type":"PropertyValueSpecification","valueRequired":true,"valueName":"search_term_string"}}],"inLanguage":"cs"}]}},"_links":{"self":[{"href":"https:\/\/bustec.eu\/cs\/wp-json\/wp\/v2\/pages\/130","targetHints":{"allow":["GET"]}}],"collection":[{"href":"https:\/\/bustec.eu\/cs\/wp-json\/wp\/v2\/pages"}],"about":[{"href":"https:\/\/bustec.eu\/cs\/wp-json\/wp\/v2\/types\/page"}],"author":[{"embeddable":true,"href":"https:\/\/bustec.eu\/cs\/wp-json\/wp\/v2\/users\/1"}],"replies":[{"embeddable":true,"href":"https:\/\/bustec.eu\/cs\/wp-json\/wp\/v2\/comments?post=130"}],"version-history":[{"count":15,"href":"https:\/\/bustec.eu\/cs\/wp-json\/wp\/v2\/pages\/130\/revisions"}],"predecessor-version":[{"id":1049,"href":"https:\/\/bustec.eu\/cs\/wp-json\/wp\/v2\/pages\/130\/revisions\/1049"}],"wp:attachment":[{"href":"https:\/\/bustec.eu\/cs\/wp-json\/wp\/v2\/media?parent=130"}],"curies":[{"name":"wp","href":"https:\/\/api.w.org\/{rel}","templated":true}]}}