{"id":107,"date":"2025-04-29T20:34:43","date_gmt":"2025-04-29T20:34:43","guid":{"rendered":"https:\/\/bustec.eu\/?page_id=107"},"modified":"2026-02-04T10:03:07","modified_gmt":"2026-02-04T09:03:07","slug":"products","status":"publish","type":"page","link":"https:\/\/bustec.eu\/cs\/products\/","title":{"rendered":"Products"},"content":{"rendered":"<div class='breakdance'><section class=\"bde-section-107-100 bde-section\">\n  \n  \n\t\n\n\n\n<div class=\"section-container\"><\/div>\n<\/section><section class=\"bde-section-107-101 bde-section\">\n  \n  \n\t\n\n\n\n<div class=\"section-container\"><div class=\"bde-div-107-102 bde-div\">\n  \n  \n\t\n\n\n\n<h1 class=\"bde-heading-107-103 bde-heading\" data-entrance=\"zoomIn\">\nPassenger information systems made by bustec \u2013\u00a0groundbreaking technology\n<\/h1>\n<\/div><div class=\"bde-div-107-194 bde-div\">\n  \n  \n\t\n\n\n\n<div class=\"bde-div-107-195 bde-div\">\n  \n  \n\t\n\n\n\n<div class=\"bde-text-107-107 bde-text\">\nWe focus on Lightweight housings, ...  || As an OEM manufacturer (Original Equipment Manufacturer) bustec develops, produces and supplies trend-setting passenger information systems for buses, trains and bus stops. Lightweight enclosures, purpose-driven design, premium-quality materials and components, and optimal energy efficiency \u2013 these are the outstanding features of the bustec device generation in the field of passenger information for bus and train \u2013 mobile or stationary.\n<\/div>\n<\/div><div class=\"bde-div-107-108 bde-div\">\n  \n  \n\t\n\n\n\n<div class=\"bde-div-107-110 bde-div\">\n  \n  \n\t\n\n\n\n<div class=\"bde-text-107-111 bde-text\">\nThese qualities define the latest generation of bustec devices for passenger information systems\u2014whether in mobile applications on buses and trains or at stationary stops.\n<\/div>\n<\/div><div class=\"bde-div-107-112 bde-div\">\n  \n  \n\t\n\n\n\n<div class=\"bde-text-107-113 bde-text\">\nLightweight housing. Modern design. <br>High quality components.\n<\/div>\n<\/div>\n<\/div>\n<\/div><div class=\"bde-term-loop-107-193 bde-term-loop\"><div class=\"bde-loop bde-loop-grid ee-posts ee-posts-grid\">    <article class=\"bde-loop-item ee-post\">\n        <div class='breakdance'><a class=\"bde-container-link-328-105-328-1 bde-container-link bde-container-link-328-105 breakdance-link\" href=\"https:\/\/bustec.eu\/cs\/product-category\/announcement-technology-natural\/\" target=\"_self\" data-type=\"url\">\n  \n  \n\t\n\n\n\n<div class=\"bde-div-328-100-328-1 bde-div bde-div-328-100\">\n  \n  \n\t\n\n\n\n<img decoding=\"async\" class=\"bde-image2-328-101-328-1 bde-image2 bde-image2-328-101\" src=\"https:\/\/bustec.eu\/wp-content\/uploads\/2025\/06\/image-4.jpg\" loading=\"lazy\" srcset=\"https:\/\/bustec.eu\/wp-content\/uploads\/2025\/06\/image-4.jpg 451w, https:\/\/bustec.eu\/wp-content\/uploads\/2025\/06\/image-4-300x167.jpg 300w\" sizes=\"(max-width: 451px) 100vw, 451px\"><div class=\"bde-div-328-102-328-1 bde-div bde-div-328-102\">\n  \n  \n\t\n\n\n\n<h2 class=\"bde-heading-328-103-328-1 bde-heading bde-heading-328-103\">\nAnnouncement technology\u00a0\u2028NATURAL\n<\/h2><div class=\"bde-icon-328-104-328-1 bde-icon bde-icon-328-104\">\n\n    \n            <div class=\"bde-icon-icon breakdance-icon-atom\" >\n    \n                    <svg xmlns=\"http:\/\/www.w3.org\/2000\/svg\" width=\"36\" height=\"36\" viewbox=\"0 0 36 36\" fill=\"none\">\r\n<rect x=\"0.5\" y=\"0.3125\" width=\"35\" height=\"35\" rx=\"2\" fill=\"#F79234\"\/>\r\n<rect x=\"8\" y=\"16.8125\" width=\"20\" height=\"2\" fill=\"black\"\/>\r\n<rect x=\"19\" y=\"7.8125\" width=\"20\" height=\"2\" transform=\"rotate(90 19 7.8125)\" fill=\"black\"\/>\r\n<\/svg>\n        \n        \n        \n            <\/div>\n    \n\n\n<\/div>\n<\/div>\n<\/div>\n\n<\/a><\/div>    <\/article>\n    <article class=\"bde-loop-item ee-post\">\n        <div class='breakdance'><a class=\"bde-container-link-328-105-328-2 bde-container-link bde-container-link-328-105 breakdance-link\" href=\"https:\/\/bustec.eu\/cs\/product-category\/led-interior-display-authentic\/\" target=\"_self\" data-type=\"url\">\n  \n  \n\t\n\n\n\n<div class=\"bde-div-328-100-328-2 bde-div bde-div-328-100\">\n  \n  \n\t\n\n\n\n<img decoding=\"async\" class=\"bde-image2-328-101-328-2 bde-image2 bde-image2-328-101\" src=\"https:\/\/bustec.eu\/wp-content\/uploads\/2025\/06\/image-1.jpg\" loading=\"lazy\" srcset=\"https:\/\/bustec.eu\/wp-content\/uploads\/2025\/06\/image-1.jpg 451w, https:\/\/bustec.eu\/wp-content\/uploads\/2025\/06\/image-1-300x166.jpg 300w\" sizes=\"(max-width: 451px) 100vw, 451px\"><div class=\"bde-div-328-102-328-2 bde-div bde-div-328-102\">\n  \n  \n\t\n\n\n\n<h2 class=\"bde-heading-328-103-328-2 bde-heading bde-heading-328-103\">\nLED interior display\u00a0AUTHENTIC\n<\/h2><div class=\"bde-icon-328-104-328-2 bde-icon bde-icon-328-104\">\n\n    \n            <div class=\"bde-icon-icon breakdance-icon-atom\" >\n    \n                    <svg xmlns=\"http:\/\/www.w3.org\/2000\/svg\" width=\"36\" height=\"36\" viewbox=\"0 0 36 36\" fill=\"none\">\r\n<rect x=\"0.5\" y=\"0.3125\" width=\"35\" height=\"35\" rx=\"2\" fill=\"#F79234\"\/>\r\n<rect x=\"8\" y=\"16.8125\" width=\"20\" height=\"2\" fill=\"black\"\/>\r\n<rect x=\"19\" y=\"7.8125\" width=\"20\" height=\"2\" transform=\"rotate(90 19 7.8125)\" fill=\"black\"\/>\r\n<\/svg>\n        \n        \n        \n            <\/div>\n    \n\n\n<\/div>\n<\/div>\n<\/div>\n\n<\/a><\/div>    <\/article>\n    <article class=\"bde-loop-item ee-post\">\n        <div class='breakdance'><a class=\"bde-container-link-328-105-328-3 bde-container-link bde-container-link-328-105 breakdance-link\" href=\"https:\/\/bustec.eu\/cs\/product-category\/led-outdoor-display-eco\/\" target=\"_self\" data-type=\"url\">\n  \n  \n\t\n\n\n\n<div class=\"bde-div-328-100-328-3 bde-div bde-div-328-100\">\n  \n  \n\t\n\n\n\n<img decoding=\"async\" class=\"bde-image2-328-101-328-3 bde-image2 bde-image2-328-101\" src=\"https:\/\/bustec.eu\/wp-content\/uploads\/2025\/06\/image.jpg\" loading=\"lazy\" srcset=\"https:\/\/bustec.eu\/wp-content\/uploads\/2025\/06\/image.jpg 451w, https:\/\/bustec.eu\/wp-content\/uploads\/2025\/06\/image-300x166.jpg 300w\" sizes=\"(max-width: 451px) 100vw, 451px\"><div class=\"bde-div-328-102-328-3 bde-div bde-div-328-102\">\n  \n  \n\t\n\n\n\n<h2 class=\"bde-heading-328-103-328-3 bde-heading bde-heading-328-103\">\nLED outdoor display\u00a0ECO\n<\/h2><div class=\"bde-icon-328-104-328-3 bde-icon bde-icon-328-104\">\n\n    \n            <div class=\"bde-icon-icon breakdance-icon-atom\" >\n    \n                    <svg xmlns=\"http:\/\/www.w3.org\/2000\/svg\" width=\"36\" height=\"36\" viewbox=\"0 0 36 36\" fill=\"none\">\r\n<rect x=\"0.5\" y=\"0.3125\" width=\"35\" height=\"35\" rx=\"2\" fill=\"#F79234\"\/>\r\n<rect x=\"8\" y=\"16.8125\" width=\"20\" height=\"2\" fill=\"black\"\/>\r\n<rect x=\"19\" y=\"7.8125\" width=\"20\" height=\"2\" transform=\"rotate(90 19 7.8125)\" fill=\"black\"\/>\r\n<\/svg>\n        \n        \n        \n            <\/div>\n    \n\n\n<\/div>\n<\/div>\n<\/div>\n\n<\/a><\/div>    <\/article>\n    <article class=\"bde-loop-item ee-post\">\n        <div class='breakdance'><a class=\"bde-container-link-328-105-328-4 bde-container-link bde-container-link-328-105 breakdance-link\" href=\"https:\/\/bustec.eu\/cs\/product-category\/stationary-led-display-preview\/\" target=\"_self\" data-type=\"url\">\n  \n  \n\t\n\n\n\n<div class=\"bde-div-328-100-328-4 bde-div bde-div-328-100\">\n  \n  \n\t\n\n\n\n<img decoding=\"async\" class=\"bde-image2-328-101-328-4 bde-image2 bde-image2-328-101\" src=\"https:\/\/bustec.eu\/wp-content\/uploads\/2025\/06\/image-6.jpg\" loading=\"lazy\" srcset=\"https:\/\/bustec.eu\/wp-content\/uploads\/2025\/06\/image-6.jpg 451w, https:\/\/bustec.eu\/wp-content\/uploads\/2025\/06\/image-6-300x167.jpg 300w\" sizes=\"(max-width: 451px) 100vw, 451px\"><div class=\"bde-div-328-102-328-4 bde-div bde-div-328-102\">\n  \n  \n\t\n\n\n\n<h2 class=\"bde-heading-328-103-328-4 bde-heading bde-heading-328-103\">\nStationary LED display\u00a0\u2028PREVIEW\n<\/h2><div class=\"bde-icon-328-104-328-4 bde-icon bde-icon-328-104\">\n\n    \n            <div class=\"bde-icon-icon breakdance-icon-atom\" >\n    \n                    <svg xmlns=\"http:\/\/www.w3.org\/2000\/svg\" width=\"36\" height=\"36\" viewbox=\"0 0 36 36\" fill=\"none\">\r\n<rect x=\"0.5\" y=\"0.3125\" width=\"35\" height=\"35\" rx=\"2\" fill=\"#F79234\"\/>\r\n<rect x=\"8\" y=\"16.8125\" width=\"20\" height=\"2\" fill=\"black\"\/>\r\n<rect x=\"19\" y=\"7.8125\" width=\"20\" height=\"2\" transform=\"rotate(90 19 7.8125)\" fill=\"black\"\/>\r\n<\/svg>\n        \n        \n        \n            <\/div>\n    \n\n\n<\/div>\n<\/div>\n<\/div>\n\n<\/a><\/div>    <\/article>\n    <article class=\"bde-loop-item ee-post\">\n        <div class='breakdance'><a class=\"bde-container-link-328-105-328-5 bde-container-link bde-container-link-328-105 breakdance-link\" href=\"https:\/\/bustec.eu\/cs\/product-category\/tft-infodisplay-connect\/\" target=\"_self\" data-type=\"url\">\n  \n  \n\t\n\n\n\n<div class=\"bde-div-328-100-328-5 bde-div bde-div-328-100\">\n  \n  \n\t\n\n\n\n<img decoding=\"async\" class=\"bde-image2-328-101-328-5 bde-image2 bde-image2-328-101\" src=\"https:\/\/bustec.eu\/wp-content\/uploads\/2025\/06\/image-2.jpg\" loading=\"lazy\" srcset=\"https:\/\/bustec.eu\/wp-content\/uploads\/2025\/06\/image-2.jpg 451w, https:\/\/bustec.eu\/wp-content\/uploads\/2025\/06\/image-2-300x167.jpg 300w\" sizes=\"(max-width: 451px) 100vw, 451px\"><div class=\"bde-div-328-102-328-5 bde-div bde-div-328-102\">\n  \n  \n\t\n\n\n\n<h2 class=\"bde-heading-328-103-328-5 bde-heading bde-heading-328-103\">\nTFT Infodisplay\u00a0CONNECT\n<\/h2><div class=\"bde-icon-328-104-328-5 bde-icon bde-icon-328-104\">\n\n    \n            <div class=\"bde-icon-icon breakdance-icon-atom\" >\n    \n                    <svg xmlns=\"http:\/\/www.w3.org\/2000\/svg\" width=\"36\" height=\"36\" viewbox=\"0 0 36 36\" fill=\"none\">\r\n<rect x=\"0.5\" y=\"0.3125\" width=\"35\" height=\"35\" rx=\"2\" fill=\"#F79234\"\/>\r\n<rect x=\"8\" y=\"16.8125\" width=\"20\" height=\"2\" fill=\"black\"\/>\r\n<rect x=\"19\" y=\"7.8125\" width=\"20\" height=\"2\" transform=\"rotate(90 19 7.8125)\" fill=\"black\"\/>\r\n<\/svg>\n        \n        \n        \n            <\/div>\n    \n\n\n<\/div>\n<\/div>\n<\/div>\n\n<\/a><\/div>    <\/article>\n    <article class=\"bde-loop-item ee-post\">\n        <div class='breakdance'><a class=\"bde-container-link-328-105-328-6 bde-container-link bde-container-link-328-105 breakdance-link\" href=\"https:\/\/bustec.eu\/cs\/product-category\/vision-control-units\/\" target=\"_self\" data-type=\"url\">\n  \n  \n\t\n\n\n\n<div class=\"bde-div-328-100-328-6 bde-div bde-div-328-100\">\n  \n  \n\t\n\n\n\n<img decoding=\"async\" class=\"bde-image2-328-101-328-6 bde-image2 bde-image2-328-101\" src=\"https:\/\/bustec.eu\/wp-content\/uploads\/2025\/06\/image-3.jpg\" loading=\"lazy\" srcset=\"https:\/\/bustec.eu\/wp-content\/uploads\/2025\/06\/image-3.jpg 451w, https:\/\/bustec.eu\/wp-content\/uploads\/2025\/06\/image-3-300x167.jpg 300w\" sizes=\"(max-width: 451px) 100vw, 451px\"><div class=\"bde-div-328-102-328-6 bde-div bde-div-328-102\">\n  \n  \n\t\n\n\n\n<h2 class=\"bde-heading-328-103-328-6 bde-heading bde-heading-328-103\">\nVISION control units\n<\/h2><div class=\"bde-icon-328-104-328-6 bde-icon bde-icon-328-104\">\n\n    \n            <div class=\"bde-icon-icon breakdance-icon-atom\" >\n    \n                    <svg xmlns=\"http:\/\/www.w3.org\/2000\/svg\" width=\"36\" height=\"36\" viewbox=\"0 0 36 36\" fill=\"none\">\r\n<rect x=\"0.5\" y=\"0.3125\" width=\"35\" height=\"35\" rx=\"2\" fill=\"#F79234\"\/>\r\n<rect x=\"8\" y=\"16.8125\" width=\"20\" height=\"2\" fill=\"black\"\/>\r\n<rect x=\"19\" y=\"7.8125\" width=\"20\" height=\"2\" transform=\"rotate(90 19 7.8125)\" fill=\"black\"\/>\r\n<\/svg>\n        \n        \n        \n            <\/div>\n    \n\n\n<\/div>\n<\/div>\n<\/div>\n\n<\/a><\/div>    <\/article>\n<\/div><\/div><h2 class=\"bde-heading-107-149 bde-heading\">\nPassenger information systems\u00a0for bus and train\n<\/h2><img decoding=\"async\" class=\"bde-image2-107-150 bde-image2\" src=\"https:\/\/bustec.eu\/wp-content\/uploads\/2025\/04\/09.png\" loading=\"lazy\" srcset=\"https:\/\/bustec.eu\/wp-content\/uploads\/2025\/04\/09.png 920w, https:\/\/bustec.eu\/wp-content\/uploads\/2025\/04\/09-300x98.png 300w, https:\/\/bustec.eu\/wp-content\/uploads\/2025\/04\/09-768x251.png 768w\" sizes=\"(max-width: 920px) 100vw, 920px\"><div class=\"bde-div-107-196 bde-div\">\n  \n  \n\t\n\n\n\n<div class=\"bde-div-107-197 bde-div\">\n  \n  \n\t\n\n\n\n<div class=\"bde-text-107-153 bde-text\">\nIn Germany, the average passenger now expects real-time updates on arriving buses while still waiting at the bus stop.\n<\/div>\n<\/div><div class=\"bde-div-107-198 bde-div\">\n  \n  \n\t\n\n\n\n<div class=\"bde-text-107-156 bde-text\">\nWhile on the bus, passengers also expect to know their current location in real time. For those who may not be able to read, alternative forms of information are essential\u2014provided through audio announcement systems. Visual passenger information displays, meanwhile, must be both intuitive and visually engaging, ideally incorporating elements of infotainment.\n<\/div>\n<\/div>\n<\/div><h2 class=\"bde-heading-107-162 bde-heading\">\nWhy is a passenger information system\u00a0so important?\n<\/h2><div class=\"bde-div-107-200 bde-div\">\n  \n  \n\t\n\n\n\n<div class=\"bde-div-107-201 bde-div\">\n  \n  \n\t\n\n\n\n<div class=\"bde-text-107-176 bde-text\">\nHowever, providing clear and well-structured information to passengers is of the same importance as operational efficiency. Satisfied passengers \u2014 who know exactly when the next bus will depart or what the upcoming stop is\u2014are a key asset to any transport company.<br><br>Therefore, we specialise exclusively in passenger infotainment. With many years of experience and deep technical expertise, we develop both visual and acoustic infotainment systems to keep passengers informed and engaged.\n<\/div>\n<\/div><img decoding=\"async\" class=\"bde-image2-107-179 bde-image2\" src=\"https:\/\/bustec.eu\/wp-content\/uploads\/2025\/04\/02.png\" loading=\"lazy\" srcset=\"https:\/\/bustec.eu\/wp-content\/uploads\/2025\/04\/02.png 421w, https:\/\/bustec.eu\/wp-content\/uploads\/2025\/04\/02-300x214.png 300w\" sizes=\"(max-width: 421px) 100vw, 421px\">\n<\/div><h2 class=\"bde-heading-107-180 bde-heading\">\nPassenger information systems from bustec\u00a0for every field of application\n<\/h2><div class=\"bde-div-107-202 bde-div\">\n  \n  \n\t\n\n\n\n<img decoding=\"async\" class=\"bde-image2-107-185 bde-image2\" src=\"https:\/\/bustec.eu\/wp-content\/uploads\/2025\/04\/06.png\" loading=\"lazy\" srcset=\"https:\/\/bustec.eu\/wp-content\/uploads\/2025\/04\/06.png 421w, https:\/\/bustec.eu\/wp-content\/uploads\/2025\/04\/06-300x214.png 300w\" sizes=\"(max-width: 421px) 100vw, 421px\"><div class=\"bde-div-107-203 bde-div\">\n  \n  \n\t\n\n\n\n<div class=\"bde-text-107-183 bde-text\">\nAs a manufacturer of passenger information systems, we conceptualize, design, and develop solutions for buses, trams, trains, and stationary stops. Our comprehensive portfolio includes both static and dynamic systems, enabling you to source a complete solution from a single provider. This includes external displays mounted on vehicles, which can show key details such as the final stop of the current bus route.<br><br>In addition, we provide matching interior display systems for buses that, for example, indicate the next stop, as well as display boards for bus stops. All components can be centrally managed via bustec\u2019s on-board computer system (RBL, ITCS).\n<\/div>\n<\/div>\n<\/div><h2 class=\"bde-heading-107-186 bde-heading\">\nPricing Overview for Our Passenger Information Systems\n<\/h2><div class=\"bde-div-107-206 bde-div\">\n  \n  \n\t\n\n\n\n<div class=\"bde-div-107-207 bde-div\">\n  \n  \n\t\n\n\n\n<div class=\"bde-text-107-189 bde-text\">\nWith a broad range of solutions in each product category, we can flexibly adapt to your specific budget and requirements. In the area of LED outdoor displays for buses and trains, for instance, we offer both cost-effective single-color models and advanced multi-color displays with enhanced functionality. In terms of technology, bustec develops systems based on both LED and TFT, providing the right display solution for every application.\n<\/div>\n<\/div><div class=\"bde-div-107-209 bde-div\">\n  \n  \n\t\n\n\n\n<div class=\"bde-text-107-191 bde-text\">\nFor both control units and announcement systems, we offer base models as well as advanced versions with extended functionality. We would be pleased to assist you in identifying the solution that best fits the needs of your company or community through a personal consultation. Together, we will define your requirements and determine the ideal system and components for effective passenger information. Feel free to contact us - no obligation.\n<\/div>\n<\/div>\n<\/div><div class=\"bde-button-107-192 bde-button\">\n    \n                        \n                        \n    \n    \n    \n    \n            \n                    \n            \n            \n\n    \n    \n    \n    \n    \n    <a class=\"breakdance-link button-atom button-atom--custom bde-button__button\" href=\"https:\/\/bustec.eu\/cs\/contact\/\" target=\"_self\" data-type=\"url\"  >\n\n    \n        <span class=\"button-atom__text\">GET IN TOUCH<\/span>\n\n        \n        \n                <\/a>\n\n    \n\n\n<\/div><\/div>\n<\/section><\/div>","protected":false},"excerpt":{"rendered":"<p>Passenger information systems made by bustec \u2013\u00a0groundbreaking technology We focus on Lightweight housings, &#8230; || As an OEM manufacturer (Original Equipment Manufacturer) bustec develops, produces and supplies trend-setting passenger information systems for buses, trains and bus stops. Lightweight enclosures, purpose-driven design, premium-quality materials and components, and optimal energy efficiency \u2013 these are the outstanding features [&hellip;]<\/p>\n","protected":false},"author":1,"featured_media":0,"parent":0,"menu_order":0,"comment_status":"closed","ping_status":"closed","template":"","meta":{"_acf_changed":false,"_breakdance_hide_in_design_set":false,"_breakdance_tags":"","footnotes":""},"class_list":["post-107","page","type-page","status-publish","hentry"],"acf":[],"yoast_head":"<!-- This site is optimized with the Yoast SEO plugin v27.2 - https:\/\/yoast.com\/product\/yoast-seo-wordpress\/ -->\n<title>Products - Bustec<\/title>\n<meta name=\"robots\" content=\"index, follow, max-snippet:-1, max-image-preview:large, max-video-preview:-1\" \/>\n<link rel=\"canonical\" href=\"https:\/\/bustec.eu\/cs\/products\/\" \/>\n<meta property=\"og:locale\" content=\"cs_CZ\" \/>\n<meta property=\"og:type\" content=\"article\" \/>\n<meta property=\"og:title\" content=\"Products - Bustec\" \/>\n<meta property=\"og:description\" content=\"Passenger information systems made by bustec \u2013\u00a0groundbreaking technology We focus on Lightweight housings, ... || As an OEM manufacturer (Original Equipment Manufacturer) bustec develops, produces and supplies trend-setting passenger information systems for buses, trains and bus stops. Lightweight enclosures, purpose-driven design, premium-quality materials and components, and optimal energy efficiency \u2013 these are the outstanding features [&hellip;]\" \/>\n<meta property=\"og:url\" content=\"https:\/\/bustec.eu\/cs\/products\/\" \/>\n<meta property=\"og:site_name\" content=\"Bustec\" \/>\n<meta property=\"article:modified_time\" content=\"2026-02-04T09:03:07+00:00\" \/>\n<meta name=\"twitter:card\" content=\"summary_large_image\" \/>\n<meta name=\"twitter:label1\" content=\"Odhadovan\u00e1 doba \u010dten\u00ed\" \/>\n\t<meta name=\"twitter:data1\" content=\"5 minut\" \/>\n<script type=\"application\/ld+json\" class=\"yoast-schema-graph\">{\"@context\":\"https:\/\/schema.org\",\"@graph\":[{\"@type\":\"WebPage\",\"@id\":\"https:\/\/bustec.eu\/products\/\",\"url\":\"https:\/\/bustec.eu\/products\/\",\"name\":\"Products - Bustec\",\"isPartOf\":{\"@id\":\"https:\/\/bustec.eu\/#website\"},\"datePublished\":\"2025-04-29T20:34:43+00:00\",\"dateModified\":\"2026-02-04T09:03:07+00:00\",\"breadcrumb\":{\"@id\":\"https:\/\/bustec.eu\/products\/#breadcrumb\"},\"inLanguage\":\"cs\",\"potentialAction\":[{\"@type\":\"ReadAction\",\"target\":[\"https:\/\/bustec.eu\/products\/\"]}]},{\"@type\":\"BreadcrumbList\",\"@id\":\"https:\/\/bustec.eu\/products\/#breadcrumb\",\"itemListElement\":[{\"@type\":\"ListItem\",\"position\":1,\"name\":\"Home\",\"item\":\"https:\/\/bustec.eu\/\"},{\"@type\":\"ListItem\",\"position\":2,\"name\":\"Products\"}]},{\"@type\":\"WebSite\",\"@id\":\"https:\/\/bustec.eu\/#website\",\"url\":\"https:\/\/bustec.eu\/\",\"name\":\"Bustec\",\"description\":\"\",\"potentialAction\":[{\"@type\":\"SearchAction\",\"target\":{\"@type\":\"EntryPoint\",\"urlTemplate\":\"https:\/\/bustec.eu\/?s={search_term_string}\"},\"query-input\":{\"@type\":\"PropertyValueSpecification\",\"valueRequired\":true,\"valueName\":\"search_term_string\"}}],\"inLanguage\":\"cs\"}]}<\/script>\n<!-- \/ Yoast SEO plugin. -->","yoast_head_json":{"title":"Products - Bustec","robots":{"index":"index","follow":"follow","max-snippet":"max-snippet:-1","max-image-preview":"max-image-preview:large","max-video-preview":"max-video-preview:-1"},"canonical":"https:\/\/bustec.eu\/cs\/products\/","og_locale":"cs_CZ","og_type":"article","og_title":"Products - Bustec","og_description":"Passenger information systems made by bustec \u2013\u00a0groundbreaking technology We focus on Lightweight housings, ... || As an OEM manufacturer (Original Equipment Manufacturer) bustec develops, produces and supplies trend-setting passenger information systems for buses, trains and bus stops. Lightweight enclosures, purpose-driven design, premium-quality materials and components, and optimal energy efficiency \u2013 these are the outstanding features [&hellip;]","og_url":"https:\/\/bustec.eu\/cs\/products\/","og_site_name":"Bustec","article_modified_time":"2026-02-04T09:03:07+00:00","twitter_card":"summary_large_image","twitter_misc":{"Odhadovan\u00e1 doba \u010dten\u00ed":"5 minut"},"schema":{"@context":"https:\/\/schema.org","@graph":[{"@type":"WebPage","@id":"https:\/\/bustec.eu\/products\/","url":"https:\/\/bustec.eu\/products\/","name":"Products - Bustec","isPartOf":{"@id":"https:\/\/bustec.eu\/#website"},"datePublished":"2025-04-29T20:34:43+00:00","dateModified":"2026-02-04T09:03:07+00:00","breadcrumb":{"@id":"https:\/\/bustec.eu\/products\/#breadcrumb"},"inLanguage":"cs","potentialAction":[{"@type":"ReadAction","target":["https:\/\/bustec.eu\/products\/"]}]},{"@type":"BreadcrumbList","@id":"https:\/\/bustec.eu\/products\/#breadcrumb","itemListElement":[{"@type":"ListItem","position":1,"name":"Home","item":"https:\/\/bustec.eu\/"},{"@type":"ListItem","position":2,"name":"Products"}]},{"@type":"WebSite","@id":"https:\/\/bustec.eu\/#website","url":"https:\/\/bustec.eu\/","name":"Bustec","description":"","potentialAction":[{"@type":"SearchAction","target":{"@type":"EntryPoint","urlTemplate":"https:\/\/bustec.eu\/?s={search_term_string}"},"query-input":{"@type":"PropertyValueSpecification","valueRequired":true,"valueName":"search_term_string"}}],"inLanguage":"cs"}]}},"_links":{"self":[{"href":"https:\/\/bustec.eu\/cs\/wp-json\/wp\/v2\/pages\/107","targetHints":{"allow":["GET"]}}],"collection":[{"href":"https:\/\/bustec.eu\/cs\/wp-json\/wp\/v2\/pages"}],"about":[{"href":"https:\/\/bustec.eu\/cs\/wp-json\/wp\/v2\/types\/page"}],"author":[{"embeddable":true,"href":"https:\/\/bustec.eu\/cs\/wp-json\/wp\/v2\/users\/1"}],"replies":[{"embeddable":true,"href":"https:\/\/bustec.eu\/cs\/wp-json\/wp\/v2\/comments?post=107"}],"version-history":[{"count":15,"href":"https:\/\/bustec.eu\/cs\/wp-json\/wp\/v2\/pages\/107\/revisions"}],"predecessor-version":[{"id":1027,"href":"https:\/\/bustec.eu\/cs\/wp-json\/wp\/v2\/pages\/107\/revisions\/1027"}],"wp:attachment":[{"href":"https:\/\/bustec.eu\/cs\/wp-json\/wp\/v2\/media?parent=107"}],"curies":[{"name":"wp","href":"https:\/\/api.w.org\/{rel}","templated":true}]}}